{"id":8047,"date":"2024-12-05T12:43:34","date_gmt":"2024-12-05T12:43:34","guid":{"rendered":"https:\/\/pracek.si\/ekrani-za-prenosnike\/?post_type=product&#038;p=8047"},"modified":"2025-11-24T14:20:06","modified_gmt":"2025-11-24T14:20:06","slug":"ekran-za-prenosnik-hp-victus-16-s1-serija-16-1-fhd-144hz-mat-nov","status":"publish","type":"product","link":"https:\/\/pracek.si\/ekrani-za-prenosnike\/product\/ekran-za-prenosnik-hp-victus-16-s1-serija-16-1-fhd-144hz-mat-nov\/","title":{"rendered":"Ekran za prenosnik HP Victus 16 S1 serija, 16.1&#8243; FHD 144Hz mat, nov"},"content":{"rendered":"<p><strong>Dejanski model LCD ekrana: N161hma-gak REV. C3 ali n161hca-ga1 REV C.1 \u2013 popolnoma zdru\u017eljiv z LCD ekranom za prenosnike serije HP Victus 16 S1 \/ S10000 \/ S1xxxx<br \/>\n<\/strong><\/p>\n<p>Posodobite svoj prenosnik HP Victus 16 S1 serije z visokokakovostnim nadomestnim <strong>LCD zaslonom<\/strong>. Ta <strong>ekran<\/strong> je posebej zasnovan za modele, kot so 16-S1000CI, 16-S1001NT in drugi. Ponuja osupljivo Full HD (1920&#215;1080) lo\u010dljivost z osve\u017eevalno hitrostjo 144 Hz za jasne slike in gladko delovanje. Mat povr\u0161ina zmanj\u0161uje ble\u0161\u010danje, svetilnost 250 nitov pa zagotavlja \u017eive barve v vseh svetlobnih pogojih.<\/p>\n<p>Ta <strong>zaslon<\/strong> je popoln nadomestek za po\u0161kodovane ali ne-delujo\u010de prikazovalnike in zagotavlja, da va\u0161 prenosnik deluje optimalno. Velikost 16,1&#8243;, 40-pin priklju\u010dek in ne-na-dotik dizajn. Paket vklju\u010duje dvostranski samolepilni trak za preprosto namestitev. Stanje: Novo.<\/p>\n<h4><strong>Klju\u010dne lastnosti<\/strong>:<\/h4>\n<ul>\n<li><strong>Zdru\u017eljivost<\/strong>: Zasnovan za HP Victus 16 S1 serijo (modeli kot 16-S1000CI, 16-S1001NT itd.).<\/li>\n<li><strong>Specifikacije zaslona<\/strong>: 16,1&#8243; FHD (1920&#215;1080), 144 Hz osve\u017eevalna hitrost, svetilnost 250 nitov.<\/li>\n<li><strong>Zaklju\u010dek<\/strong>: Mat za zmanj\u0161anje ble\u0161\u010danja.<\/li>\n<li><strong>Priklju\u010dek<\/strong>: 40-pin, ne-na-dotik.<\/li>\n<li><strong>Namestitev<\/strong>: Prilo\u017een dvostranski samolepilni trak.<\/li>\n<li><strong>Stanje<\/strong>: Novo.<\/li>\n<\/ul>\n<p>Obnovite kakovost prikaza va\u0161ega prenosnika \u017ee danes z zanesljivim nadomestnim <strong>ekranom<\/strong>!<\/p>\n<p>&nbsp;<\/p>\n<p>&nbsp;<\/p>\n<p><strong>Seznam nekaterih zdru\u017eljivih prenosnikov:<\/strong><\/p>\n<p>16-S1000CI, 16-S1000NA, 16-S1000NT, 16-S1000NX, 16-S1000NY, 16-S1000SL, 16-S1001CI, 16-S1001NA, 16-S1001NC, 16-S1001NO, 16-S1001NS, 16-S1001NT, 16-S1001NX, 16-S1002NA, 16-S1002NC, 16-S1002NL, 16-S1002NS, 16-S1002NT, 16-S1002NX, 16-S1002NY, 16-S1003NL, 16-S1003NM, 16-S1003NO, 16-S1003NT, 16-S1003NV, 16-S1003NY, 16-S1004NL, 16-S1004NO, 16-S1004NT, 16-S1004NY, 16-S1005CI, 16-S1005NL, 16-S1005NM, 16-S1005NT, 16-S1006NL, 16-S1006NP, 16-S1007CI, 16-S1007NT, 16-S1007UA, 16-S1009NM, 16-S1009NT, 16-S1010NT, 16-S1011NM, 16-S1011NO, 16-S1011NT, 16-S1012CI, 16-S1012NM, 16-S1012NP, 16-S1013NM, 16-S1013NO, 16-S1013NT, 16-S1014NB, 16-S1014NM, 16-S1014NO, 16-S1014NT, 16-S1015NB, 16-S1015NO, 16-S1015NT, 16-S1016NM, 16-S1016NT, 16-S1017NB, 16-S1017NT, 16-S1018NB, 16-S1018NT, 16-S1019NB, 16-S1019NM, 16-S1019NT, 16-S1020NB, 16-S1021NB, 16-S1021NT, 16-S1022NB, 16-S1022NM, 16-S1022NT, 16-S1023CI, 16-S1023DX, 16-S1023NB, 16-S1023NT, 16-S1024CI, 16-S1024NB, 16-S1024NT, 16-S1025NB, 16-S1025NM, 16-S1025NT, 16-S1026NB, 16-S1026NT, 16-S1027NB, 16-S1027NT, 16-S1028NB, 16-S1028NT, 16-S1029NB, 16-S1029NT, 16-S1030NB, 16-S1030NT, 16-S1031NB, 16-S1031NT, 16-S1032NB, 16-S1033NB, 16-S1033NT, 16-S1034NF, 16-S1777NG, 16-S1778NG, 16-S1084AX, 16-S1118AX, 16-S1085AX, 16-S1035AX, 16-S1557AX, 16-S1034AX,<\/p>\n<p>&nbsp;<\/p>\n","protected":false},"excerpt":{"rendered":"<p>Zamenjava za <strong>ekran<\/strong> HP Victus 16 S1 serije (ne-na-dotik). Lastnosti: 16,1&#8243; Full HD (1920&#215;1080) lo\u010dljivost, 144 Hz osve\u017eevanje, mat zaklju\u010dek in svetilnost 250 nitov. Prilo\u017een dvostranski samolepilni trak za enostavno namestitev. Idealna izbira za obnovo slike na prenosniku.<\/p>\n","protected":false},"featured_media":7632,"template":"","meta":[],"product_brand":[],"product_cat":[66],"product_tag":[62],"class_list":{"0":"post-8047","1":"product","2":"type-product","3":"status-publish","4":"has-post-thumbnail","6":"product_cat-16-1","7":"product_tag-hp","9":"first","10":"instock","11":"taxable","12":"shipping-taxable","13":"purchasable","14":"product-type-simple"},"_links":{"self":[{"href":"https:\/\/pracek.si\/ekrani-za-prenosnike\/wp-json\/wp\/v2\/product\/8047","targetHints":{"allow":["GET"]}}],"collection":[{"href":"https:\/\/pracek.si\/ekrani-za-prenosnike\/wp-json\/wp\/v2\/product"}],"about":[{"href":"https:\/\/pracek.si\/ekrani-za-prenosnike\/wp-json\/wp\/v2\/types\/product"}],"wp:featuredmedia":[{"embeddable":true,"href":"https:\/\/pracek.si\/ekrani-za-prenosnike\/wp-json\/wp\/v2\/media\/7632"}],"wp:attachment":[{"href":"https:\/\/pracek.si\/ekrani-za-prenosnike\/wp-json\/wp\/v2\/media?parent=8047"}],"wp:term":[{"taxonomy":"product_brand","embeddable":true,"href":"https:\/\/pracek.si\/ekrani-za-prenosnike\/wp-json\/wp\/v2\/product_brand?post=8047"},{"taxonomy":"product_cat","embeddable":true,"href":"https:\/\/pracek.si\/ekrani-za-prenosnike\/wp-json\/wp\/v2\/product_cat?post=8047"},{"taxonomy":"product_tag","embeddable":true,"href":"https:\/\/pracek.si\/ekrani-za-prenosnike\/wp-json\/wp\/v2\/product_tag?post=8047"}],"curies":[{"name":"wp","href":"https:\/\/api.w.org\/{rel}","templated":true}]}}