{"id":8048,"date":"2024-12-05T12:52:46","date_gmt":"2024-12-05T12:52:46","guid":{"rendered":"https:\/\/pracek.si\/ekrani-za-prenosnike\/?post_type=product&#038;p=8048"},"modified":"2025-04-15T11:39:04","modified_gmt":"2025-04-15T11:39:04","slug":"nov-173-fhd-lcd-zaslon-hp-pavilion-dv7t-6000-30-pin-sijajna-1920x1080","status":"publish","type":"product","link":"https:\/\/pracek.si\/ekrani-za-prenosnike\/product\/nov-173-fhd-lcd-zaslon-hp-pavilion-dv7t-6000-30-pin-sijajna-1920x1080\/","title":{"rendered":"Nov 17,3&#8243; FHD LCD zaslon HP Pavilion DV7T-6000 40 pin sijajna 1920&#215;1080"},"content":{"rendered":"<p><strong>Dejanski model LCD ekrana: LP173WF1 TLB3 \u2013 popolnoma zdru\u017eljiv z LCD ekranom HP PAVILION DV7T-6000<\/strong><\/p>\n<p>Posodobite svoj HP Pavilion DV7T-6000 s popolnoma novim 17,3-pal\u010dnim FHD LCD zaslonom. Z lo\u010dljivostjo 1920 x 1080 prina\u0161a ta zaslon jasne, \u017eivahne slike za izjemno izku\u0161njo gledanja. Sijajna povr\u0161ina izbolj\u0161a \u017eivahnost barv in kontrast, kar je idealno za multimedijo in igre. Z 40-pin priklju\u010dkom na spodnji levi strani je zaslon zasnovan za enostavno namestitev, kar zagotavlja zdru\u017eljivost z va\u0161im obstoje\u010dim prenosnikom. Ne glede na to, ali nadome\u0161\u010date po\u0161kodovan zaslon ali nadgrajujete za bolj\u0161o zmogljivost, je ta visokokakovosten LCD zaslon popolna re\u0161itev. Stanje: nov.<\/p>\n","protected":false},"excerpt":{"rendered":"<p>Popolnoma nov 17,3-pal\u010dni FHD LCD zaslon za HP Pavilion DV7T-6000. Lo\u010dljivost 1920 x 1080, sijajna povr\u0161ina, 40-pin priklju\u010dek na spodnji levi strani. Idealno za nadgradnje in zamenjave.<\/p>\n","protected":false},"featured_media":8035,"template":"","meta":[],"product_brand":[],"product_cat":[52],"product_tag":[62],"class_list":{"0":"post-8048","1":"product","2":"type-product","3":"status-publish","4":"has-post-thumbnail","6":"product_cat-17-3","7":"product_tag-hp","9":"first","10":"instock","11":"taxable","12":"shipping-taxable","13":"purchasable","14":"product-type-simple"},"_links":{"self":[{"href":"https:\/\/pracek.si\/ekrani-za-prenosnike\/wp-json\/wp\/v2\/product\/8048","targetHints":{"allow":["GET"]}}],"collection":[{"href":"https:\/\/pracek.si\/ekrani-za-prenosnike\/wp-json\/wp\/v2\/product"}],"about":[{"href":"https:\/\/pracek.si\/ekrani-za-prenosnike\/wp-json\/wp\/v2\/types\/product"}],"wp:featuredmedia":[{"embeddable":true,"href":"https:\/\/pracek.si\/ekrani-za-prenosnike\/wp-json\/wp\/v2\/media\/8035"}],"wp:attachment":[{"href":"https:\/\/pracek.si\/ekrani-za-prenosnike\/wp-json\/wp\/v2\/media?parent=8048"}],"wp:term":[{"taxonomy":"product_brand","embeddable":true,"href":"https:\/\/pracek.si\/ekrani-za-prenosnike\/wp-json\/wp\/v2\/product_brand?post=8048"},{"taxonomy":"product_cat","embeddable":true,"href":"https:\/\/pracek.si\/ekrani-za-prenosnike\/wp-json\/wp\/v2\/product_cat?post=8048"},{"taxonomy":"product_tag","embeddable":true,"href":"https:\/\/pracek.si\/ekrani-za-prenosnike\/wp-json\/wp\/v2\/product_tag?post=8048"}],"curies":[{"name":"wp","href":"https:\/\/api.w.org\/{rel}","templated":true}]}}