{"id":8050,"date":"2024-12-05T13:00:22","date_gmt":"2024-12-05T13:00:22","guid":{"rendered":"https:\/\/pracek.si\/ekrani-za-prenosnike\/?post_type=product&#038;p=8050"},"modified":"2025-04-15T11:39:04","modified_gmt":"2025-04-15T11:39:04","slug":"dell-vostro-3700-173-fhd-lcd-zaslon-30-pin-spodnji-levi-povezava-nov","status":"publish","type":"product","link":"https:\/\/pracek.si\/ekrani-za-prenosnike\/product\/dell-vostro-3700-173-fhd-lcd-zaslon-30-pin-spodnji-levi-povezava-nov\/","title":{"rendered":"DELL VOSTRO 3700 17,3&#8243; FHD LCD Zaslon 40 Pin Spodnji Levi Povezava Nov"},"content":{"rendered":"<p><strong>Dejanski model LCD ekrana: LP173WF1 TLB3 \u2013 popolnoma zdru\u017eljiv z LCD ekranom DELL VOSTRO 3700<\/strong><\/p>\n<p>Izbolj\u0161ajte svoj prenosnik Dell Vostro 3700 z visokokakovostnim, popolnoma novim LCD zaslonom velikosti 17,3&#8243;. Ta zaslon ponuja Full HD lo\u010dljivost 1920 x 1080 in ima 40-pinsko povezavo na spodnjem levem delu, kar zagotavlja jasne in ostre slike, primerne za delo ali zabavo. Glossy povr\u0161ina izbolj\u0161a \u017eivahnost barv, kar zagotavlja bolj\u0161o vizualno izku\u0161njo. Zaslon je zasnovan kot popoln nadomestek za Dell Vostro 3700 in zagotavlja, da va\u0161 prenosnik ponovno deluje kot nov. Idealna izbira za tiste, ki potrebujejo zamenjavo po\u0161kodovanega zaslona. Ta LCD zaslon je pripravljen za hitro namestitev in zagotavlja, da bo va\u0161a naprava ponovno delovala brez napak.<\/p>\n","protected":false},"excerpt":{"rendered":"<p>Ta popolnoma nov LCD zaslon velikosti 17,3&#8243; je zdru\u017eljiv z prenosniki Dell Vostro 3700. Ima 40-pinsko povezavo na spodnjem levem delu in ponuja Full HD lo\u010dljivost (1920 x 1080) z glossy povr\u0161ino za \u017eivahno kakovost slike. Popoln nadomestek za po\u0161kodovane zaslone.<\/p>\n","protected":false},"featured_media":8035,"template":"","meta":[],"product_brand":[],"product_cat":[52],"product_tag":[64],"class_list":{"0":"post-8050","1":"product","2":"type-product","3":"status-publish","4":"has-post-thumbnail","6":"product_cat-17-3","7":"product_tag-dell","9":"first","10":"instock","11":"taxable","12":"shipping-taxable","13":"purchasable","14":"product-type-simple"},"_links":{"self":[{"href":"https:\/\/pracek.si\/ekrani-za-prenosnike\/wp-json\/wp\/v2\/product\/8050","targetHints":{"allow":["GET"]}}],"collection":[{"href":"https:\/\/pracek.si\/ekrani-za-prenosnike\/wp-json\/wp\/v2\/product"}],"about":[{"href":"https:\/\/pracek.si\/ekrani-za-prenosnike\/wp-json\/wp\/v2\/types\/product"}],"wp:featuredmedia":[{"embeddable":true,"href":"https:\/\/pracek.si\/ekrani-za-prenosnike\/wp-json\/wp\/v2\/media\/8035"}],"wp:attachment":[{"href":"https:\/\/pracek.si\/ekrani-za-prenosnike\/wp-json\/wp\/v2\/media?parent=8050"}],"wp:term":[{"taxonomy":"product_brand","embeddable":true,"href":"https:\/\/pracek.si\/ekrani-za-prenosnike\/wp-json\/wp\/v2\/product_brand?post=8050"},{"taxonomy":"product_cat","embeddable":true,"href":"https:\/\/pracek.si\/ekrani-za-prenosnike\/wp-json\/wp\/v2\/product_cat?post=8050"},{"taxonomy":"product_tag","embeddable":true,"href":"https:\/\/pracek.si\/ekrani-za-prenosnike\/wp-json\/wp\/v2\/product_tag?post=8050"}],"curies":[{"name":"wp","href":"https:\/\/api.w.org\/{rel}","templated":true}]}}