{"id":8051,"date":"2024-12-05T13:08:34","date_gmt":"2024-12-05T13:08:34","guid":{"rendered":"https:\/\/pracek.si\/ekrani-za-prenosnike\/?post_type=product&#038;p=8051"},"modified":"2025-04-15T11:39:04","modified_gmt":"2025-04-15T11:39:04","slug":"asus-rog-g750jx-173-lcd-zaslon-fhd-1920x1080-sijajni-30-pin-nov","status":"publish","type":"product","link":"https:\/\/pracek.si\/ekrani-za-prenosnike\/product\/asus-rog-g750jx-173-lcd-zaslon-fhd-1920x1080-sijajni-30-pin-nov\/","title":{"rendered":"ASUS ROG G750JX 17,3&#8243; LCD zaslon FHD 1920&#215;1080 Sijajni 40 Pin Nov"},"content":{"rendered":"<p><strong>Dejanski model LCD ekrana: LP173WF1 TLB3 \u2013 popolnoma zdru\u017eljiv z LCD ekranom ASUS ROG G750JX series (T4075H, TB71, T4180H, DB71, DH71, DS77, QS71, RB71, TB71)<\/strong><\/p>\n<p>Posodobite svoj ASUS ROG G750JX prenosnik s tem visokokakovostnim 17,3&#8243; LCD zaslonom. Ponuja Full HD (1920&#215;1080) lo\u010dljivost in sijajen zaslon, ki zagotavlja ostra in \u017eiva besedila ter odli\u010dno reprodukcijo barv. Idealno za igralce in profesionalce, ima 40-pin priklju\u010dek na spodnjem levem kotu, ki zagotavlja natan\u010dno prileganje in enostavno namestitev. Ne glede na to, ali menjujete po\u0161kodovan zaslon ali nadgrajujete svojo nastavljivo napravo, vam ta povsem nov zaslon ponuja zanesljivost in zmogljivost, ki jo potrebujete za vrhunsko vizualno izku\u0161njo. Zdru\u017eljiv z ve\u010d modeli serije ASUS ROG G750JX je popoln nadomestek, ki bo va\u0161emu prenosniku vrnil zaslon na polno zmogljivost.<\/p>\n","protected":false},"excerpt":{"rendered":"<p>Ta povsem nov 17,3&#8243; LCD zaslon je zdru\u017eljiv s serijo ASUS ROG G750JX, ponuja Full HD (1920&#215;1080) sijajni zaslon. Ima 40-pin priklju\u010dek na spodnjem levem kotu, kar zagotavlja jasne in ostre slike za igre in profesionalno uporabo.<\/p>\n","protected":false},"featured_media":8035,"template":"","meta":[],"product_brand":[],"product_cat":[52],"product_tag":[58],"class_list":{"0":"post-8051","1":"product","2":"type-product","3":"status-publish","4":"has-post-thumbnail","6":"product_cat-17-3","7":"product_tag-asus","9":"first","10":"instock","11":"taxable","12":"shipping-taxable","13":"purchasable","14":"product-type-simple"},"_links":{"self":[{"href":"https:\/\/pracek.si\/ekrani-za-prenosnike\/wp-json\/wp\/v2\/product\/8051","targetHints":{"allow":["GET"]}}],"collection":[{"href":"https:\/\/pracek.si\/ekrani-za-prenosnike\/wp-json\/wp\/v2\/product"}],"about":[{"href":"https:\/\/pracek.si\/ekrani-za-prenosnike\/wp-json\/wp\/v2\/types\/product"}],"wp:featuredmedia":[{"embeddable":true,"href":"https:\/\/pracek.si\/ekrani-za-prenosnike\/wp-json\/wp\/v2\/media\/8035"}],"wp:attachment":[{"href":"https:\/\/pracek.si\/ekrani-za-prenosnike\/wp-json\/wp\/v2\/media?parent=8051"}],"wp:term":[{"taxonomy":"product_brand","embeddable":true,"href":"https:\/\/pracek.si\/ekrani-za-prenosnike\/wp-json\/wp\/v2\/product_brand?post=8051"},{"taxonomy":"product_cat","embeddable":true,"href":"https:\/\/pracek.si\/ekrani-za-prenosnike\/wp-json\/wp\/v2\/product_cat?post=8051"},{"taxonomy":"product_tag","embeddable":true,"href":"https:\/\/pracek.si\/ekrani-za-prenosnike\/wp-json\/wp\/v2\/product_tag?post=8051"}],"curies":[{"name":"wp","href":"https:\/\/api.w.org\/{rel}","templated":true}]}}