{"id":8063,"date":"2024-12-08T17:13:57","date_gmt":"2024-12-08T17:13:57","guid":{"rendered":"https:\/\/pracek.si\/ekrani-za-prenosnike\/?post_type=product&#038;p=8063"},"modified":"2024-12-08T17:19:40","modified_gmt":"2024-12-08T17:19:40","slug":"161-palcni-ekran-za-lenovo-thinkbook-16-g6-ips-mat-fhd-30-pinski-nov","status":"publish","type":"product","link":"https:\/\/pracek.si\/ekrani-za-prenosnike\/product\/161-palcni-ekran-za-lenovo-thinkbook-16-g6-ips-mat-fhd-30-pinski-nov\/","title":{"rendered":"16,1-pal\u010dni ekran za Lenovo ThinkBook 16 G6 IPS mat FHD 30-pinski nov"},"content":{"rendered":"<p><strong>Dejanski model LCD ekrana: N161HCA-EA3 Rev. c2 \u2013 popolnoma zdru\u017eljiv z LCD zaslonom za prenosnik Lenovo ThinkBook 16 G6<br \/>\n<\/strong><\/p>\n<p>Posodobite svoj Lenovo ThinkBook 16 G6 z vrhunskim 16,1-pal\u010dnim LCD zaslonom, ki je zasnovan za konfiguracije brez dotika. Ekran ponuja IPS tehnologijo za \u017eive barve in \u0161iroke vidne kote, mat povr\u0161ino za zmanj\u0161anje ble\u0161\u010danja ter polno HD lo\u010dljivost za jasne in ostre slike.<\/p>\n<p>LCD zaslon podpira EDP 30-pinski priklju\u010dek, kar zagotavlja zdru\u017eljivost z va\u0161im prenosnikom. Zaradi lahke zasnove brez zgornjih in spodnjih nosilcev je namestitev enostavna, pri \u010demer je prilo\u017een tudi dvostranski lepilni trak.<\/p>\n<p>LCD zaslon je zdru\u017eljiv z razli\u010dnimi modeli Lenovo ThinkBook 16 G6, vklju\u010dno z 21KH SERIJA, 21KH0003MJ, 21KH0004GM in mnogimi drugimi. \u010ce zamenjujete po\u0161kodovan zaslon ali nadgrajujete prenosnik, je ta ekran idealna re\u0161itev.<\/p>\n<p><strong>Klju\u010dne lastnosti:<\/strong><\/p>\n<ul>\n<li><strong>Velikost ekrana:<\/strong> 16,1\u2033<\/li>\n<li><strong>Lo\u010dljivost:<\/strong> FHD (1920\u00d71080)<\/li>\n<li><strong>Tehnologija:<\/strong> IPS, TFT<\/li>\n<li><strong>Povr\u0161ina:<\/strong> Mat (protible\u0161\u010dna)<\/li>\n<li><strong>Priklju\u010dek:<\/strong> EDP, 30-pinski<\/li>\n<li><strong>Stanje:<\/strong> Popolnoma nov<\/li>\n<li><strong>Vklju\u010deno:<\/strong> Dvostranski lepilni trak<\/li>\n<\/ul>\n<p>U\u017eivajte v hitri dostavi in odli\u010dni podpori strankam, ki zagotavljata brezskrben proces zamenjave. Nadgradite zaslon svojega prenosnika \u0161e danes in izkusite vrhunsko kakovost slike!<\/p>\n<p><strong>Tukaj je seznam nekaterih zdru\u017eljivih modelov:<\/strong><\/p>\n<p>21KH SERIES, 21KH0003MJ, 21KH0004GM, 21KH0004IV, 21KH0004IW, 21KH0004IX, 21KH0004KG, 21KH0004LT, 21KH0004MB, 21KH0004MH, 1KH0004ML, 21KH0004MX, 21KH0004PB, 21KH0004PE, 21KH0004PG, 21KH0004RA, 21KH0004RL, 21KH0004RM, 21KH0004RU, 21KH0004SA, 1KH0004SC, 21KH0004SP, 21KH000AUS, 21KH000BCA, 21KH000DEP, 21KH000EUS, 21KH000FUS, 21KH000GCA, 21KH000JEP, 21KH000KUS, 1KH000LAD, 21KH000LAK, 21KH000LAX, 21KH000LBM, 21KH000LCK, 21KH000LDS, 21KH000LDT, 21KH000LED, 21KH000LFE, 21KH000LFG, 1KH000LFR, 21KH000LGE, 21KH000LGM, 21KH000LIU, 21KH000LIW, 21KH000LMB, 21KH000LMH, 21KH000LMX, 21KH000LMZ, 21KH000LPB, 1KH000LPE, 21KH000LRM, 21KH000LSP, 21KH000LTR, 21KH000LUA, 21KH000LUE, 21KH000LUK, 21KH000LYA, 21KH000MAD, 21KH000MAX, 1KH000MRU, 21KH000MSC, 21KH000MUE, 21KH000MYA, 21KH000NAD, 21KH000NAT, 21KH000NAX, 21KH000NBM, 21KH000NCK, 21KH000NCY, 1KH000NDS, 21KH000NDT, 21KH000NED, 21KH000NFE, 21KH000NFG, 21KH000NFR, 21KH000NGE, 21KH000NGM, 21KH000NHV, 21KH000NIU, 1KH000NIV, 21KH000NIW, 21KH000PUK, 21KH000TDS, 21KH000TED, 21KH000TFE, 21KH000TGE, 21KH000THV, 21KH000TIW, 21KH000TIX, 1KH000TLT, 21KH000TMH, 21KH000TPB, 21KH000TPE, 21KH000TSA, 21KH000TSC, 21KH000TSP, 21KH000TTR, 21KH000TUA, 21KH000TUK<\/p>\n","protected":false},"excerpt":{"rendered":"<p>Izbolj\u0161ajte svoj Lenovo ThinkBook 16 G6 z vrhunskim 16,1-pal\u010dnim LCD zaslonom. S polno HD lo\u010dljivostjo, IPS tehnologijo, mat povr\u0161ino in EDP 30-pinskim priklju\u010dkom je popoln za enostavno zamenjavo ekrana. Vklju\u010duje dvostranski lepilni trak za preprosto namestitev. Zdru\u017eljiv s \u0161tevilnimi modeli.<\/p>\n","protected":false},"featured_media":7709,"template":"","meta":[],"product_brand":[],"product_cat":[66],"product_tag":[62],"class_list":{"0":"post-8063","1":"product","2":"type-product","3":"status-publish","4":"has-post-thumbnail","6":"product_cat-16-1","7":"product_tag-hp","9":"first","10":"instock","11":"taxable","12":"shipping-taxable","13":"purchasable","14":"product-type-simple"},"_links":{"self":[{"href":"https:\/\/pracek.si\/ekrani-za-prenosnike\/wp-json\/wp\/v2\/product\/8063","targetHints":{"allow":["GET"]}}],"collection":[{"href":"https:\/\/pracek.si\/ekrani-za-prenosnike\/wp-json\/wp\/v2\/product"}],"about":[{"href":"https:\/\/pracek.si\/ekrani-za-prenosnike\/wp-json\/wp\/v2\/types\/product"}],"wp:featuredmedia":[{"embeddable":true,"href":"https:\/\/pracek.si\/ekrani-za-prenosnike\/wp-json\/wp\/v2\/media\/7709"}],"wp:attachment":[{"href":"https:\/\/pracek.si\/ekrani-za-prenosnike\/wp-json\/wp\/v2\/media?parent=8063"}],"wp:term":[{"taxonomy":"product_brand","embeddable":true,"href":"https:\/\/pracek.si\/ekrani-za-prenosnike\/wp-json\/wp\/v2\/product_brand?post=8063"},{"taxonomy":"product_cat","embeddable":true,"href":"https:\/\/pracek.si\/ekrani-za-prenosnike\/wp-json\/wp\/v2\/product_cat?post=8063"},{"taxonomy":"product_tag","embeddable":true,"href":"https:\/\/pracek.si\/ekrani-za-prenosnike\/wp-json\/wp\/v2\/product_tag?post=8063"}],"curies":[{"name":"wp","href":"https:\/\/api.w.org\/{rel}","templated":true}]}}