{"id":8082,"date":"2024-12-13T11:55:07","date_gmt":"2024-12-13T11:55:07","guid":{"rendered":"https:\/\/pracek.si\/ekrani-za-prenosnike\/?post_type=product&#038;p=8082"},"modified":"2024-12-13T12:04:40","modified_gmt":"2024-12-13T12:04:40","slug":"hp-victus-16-e0-lcd-zaslon-161-fhd-mat-30-pin-ips-tft-novo-brez-nosilcev","status":"publish","type":"product","link":"https:\/\/pracek.si\/ekrani-za-prenosnike\/product\/hp-victus-16-e0-lcd-zaslon-161-fhd-mat-30-pin-ips-tft-novo-brez-nosilcev\/","title":{"rendered":"HP Victus 16-E0 LCD zaslon 16,1&#8243; FHD mat 30-pin IPS TFT &#8211; Novo, brez nosilcev"},"content":{"rendered":"<p><strong>Dejanski model LCD ekrana: N161hma-gak REV. C3 ali n161hca-ga1 REV C.1 \u2013 Zdru\u017eljiv s prenosniki serije HP Victus 16-E0 \/ E00000 \/ E0xxxx<br \/>\n<\/strong><\/p>\n<p>Osve\u017eite delovanje in vizualno jasnost va\u0161ega prenosnika HP Victus 16-E0 serije z visokokakovostnim LCD zaslonom. Ta 16,1-pal\u010dni ekran z Full HD lo\u010dljivostjo ponuja \u017eivahne barve in ostre podrobnosti zahvaljujo\u010d IPS tehnologiji in mat povr\u0161ini, ki zmanj\u0161uje ble\u0161\u010danje.<\/p>\n<p>LCD zaslon je popolnoma nov in zasnovan za brezhibno prileganje brez zgornjih in spodnjih nosilcev. V kompletu prejmete obojestranski lepilni trak za hitro in preprosto namestitev.<\/p>\n<h4>Glavne zna\u010dilnosti:<\/h4>\n<ul>\n<li><strong>Velikost zaslona<\/strong>: 16,1 palca<\/li>\n<li><strong>Lo\u010dljivost<\/strong>: Full HD (1920\u00d71080)<\/li>\n<li><strong>Tehnologija<\/strong>: IPS, TFT<\/li>\n<li><strong>Povr\u0161ina<\/strong>: Mat (proti ble\u0161\u010danju)<\/li>\n<li><strong>Priklju\u010dek<\/strong>: 30-pin eDP<\/li>\n<li><strong>Stanje<\/strong>: Novo<\/li>\n<li><strong>Zdru\u017eljivost<\/strong>: HP Victus 16-E0xxxx serije, kot so modeli 16-E0000AX, 16-E0000NB in mnogi drugi.<\/li>\n<\/ul>\n<p>LCD zaslon je popolna re\u0161itev za zamenjavo po\u0161kodovanih zaslonov in je zdru\u017eljiv s \u0161iroko paleto modelov HP Victus 16-E0 serije. Hitro po\u0161iljanje in enostavna namestitev vam omogo\u010data, da prenosnik hitro vrnete v brezhibno stanje.<\/p>\n<p>\u00a0<\/p>\n<p><strong>Seznam nekaterih zdru\u017eljivih prenosnikov:<\/strong><\/p>\n<p>16-E0000AX, 16-E0000NB, 16-E0000NC, 16-E0000NE, 16-E0000NH, 16-E0000NIA, 16-E0000NJ, 16-E0000NK, 16-E0000NL, 16-E0000NO, 16-E0000NP, 16-E0000NQ, 16-E0000NS, 16-E0000NT, 16-E0000NU, 16-E0000NV, 16-E0000NX, 16-E0000NY, 16-E0000UA, 16-E0000UR, 16-E0001AX, 16-E0001NC, 16-E0001NE, 16-E0001NF, 16-E0001NH, 16-E0001NI, 16-E0001NIA, 16-E0001NJ, 16-E0001NK, 16-E0001NP, 16-E0001NQ, 16-E0001NS, 16-E0001NT, 16-E0001NU, 16-E0001NV, 16-E0001NX, 16-E0001NY, 16-E0001NZ, 16-E0001SL, 16-E0001UA, 16-E0002AX, 16-E0002NC, 16-E0002NE, 16-E0002NH, 16-E0002NIA, 16-E0002NJ, 16-E0002NK, 16-E0002NM, 16-E0002NP, 16-E0002NQ, 16-E0002NS, 16-E0002NT, 16-E0002NV, 16-E0002NX, 16-E0002NY, 16-E0002NZ, 16-E0002SL, 16-E0002UA, 16-E0002UR, 16-E0003AX, 16-E0003NC, 16-E0003NE, 16-E0003NH, 16-E0003NIA, 16-E0003NJ, 16-E0003NK, 16-E0003NP, 16-E0003NQ, 16-E0003NS, 16-E0003NT, 16-E0003NU, 16-E0003NV, 16-E0003NX, 16-E0003NY, 16-E0003SL, 16-E0003UA, 16-E0003UR, 16-E0004AX, 16-E0004NC, 16-E0004NE, 16-E0004NF, 16-E0004NH, 16-E0004NI, 16-E0004NJ, 16-E0004NK, 16-E0004NM, 16-E0004NP, 16-E0004NQ, 16-E0004NS, 16-E0004NT, 16-E0004NU, 16-E0004NV, 16-E0004NX, 16-E0004SL, 16-E0004UA, 16-E0004UR, 16-E0005AX, 16-E0005NB, 16-E0005NE<\/p>\n<p>\u00a0<\/p>\n","protected":false},"excerpt":{"rendered":"<p>Zamenjajte po\u0161kodovani ekran va\u0161ega prenosnika HP Victus 16-E0 serije z novim LCD zaslonom velikosti 16,1&#8243;. LCD zaslon s FHD lo\u010dljivostjo, IPS tehnologijo in mat povr\u0161ino zagotavlja jasne slike in zmanj\u0161uje ble\u0161\u010danje. V paketu je tudi obojestranski lepilni trak za enostavno namestitev. Zdru\u017eljiv z razli\u010dnimi modeli HP Victus serije.<\/p>\n","protected":false},"featured_media":7709,"template":"","meta":[],"product_brand":[],"product_cat":[66],"product_tag":[62],"class_list":{"0":"post-8082","1":"product","2":"type-product","3":"status-publish","4":"has-post-thumbnail","6":"product_cat-16-1","7":"product_tag-hp","9":"first","10":"instock","11":"taxable","12":"shipping-taxable","13":"purchasable","14":"product-type-simple"},"_links":{"self":[{"href":"https:\/\/pracek.si\/ekrani-za-prenosnike\/wp-json\/wp\/v2\/product\/8082","targetHints":{"allow":["GET"]}}],"collection":[{"href":"https:\/\/pracek.si\/ekrani-za-prenosnike\/wp-json\/wp\/v2\/product"}],"about":[{"href":"https:\/\/pracek.si\/ekrani-za-prenosnike\/wp-json\/wp\/v2\/types\/product"}],"wp:featuredmedia":[{"embeddable":true,"href":"https:\/\/pracek.si\/ekrani-za-prenosnike\/wp-json\/wp\/v2\/media\/7709"}],"wp:attachment":[{"href":"https:\/\/pracek.si\/ekrani-za-prenosnike\/wp-json\/wp\/v2\/media?parent=8082"}],"wp:term":[{"taxonomy":"product_brand","embeddable":true,"href":"https:\/\/pracek.si\/ekrani-za-prenosnike\/wp-json\/wp\/v2\/product_brand?post=8082"},{"taxonomy":"product_cat","embeddable":true,"href":"https:\/\/pracek.si\/ekrani-za-prenosnike\/wp-json\/wp\/v2\/product_cat?post=8082"},{"taxonomy":"product_tag","embeddable":true,"href":"https:\/\/pracek.si\/ekrani-za-prenosnike\/wp-json\/wp\/v2\/product_tag?post=8082"}],"curies":[{"name":"wp","href":"https:\/\/api.w.org\/{rel}","templated":true}]}}