{"id":8083,"date":"2024-12-13T12:06:11","date_gmt":"2024-12-13T12:06:11","guid":{"rendered":"https:\/\/pracek.si\/ekrani-za-prenosnike\/?post_type=product&#038;p=8083"},"modified":"2026-01-14T20:07:28","modified_gmt":"2026-01-14T20:07:28","slug":"ekran-za-hp-victus-16-d0-serijo-161-fhd-144hz-mat-lcd-zaslon-nov-40-pin","status":"publish","type":"product","link":"https:\/\/pracek.si\/ekrani-za-prenosnike\/product\/ekran-za-hp-victus-16-d0-serijo-161-fhd-144hz-mat-lcd-zaslon-nov-40-pin\/","title":{"rendered":"Ekran za HP Victus 16 D0 serijo 16,1&#8243; FHD 144Hz mat LCD zaslon nov, 40 pin"},"content":{"rendered":"<p><strong>Dejanski model LCD ekrana: N161hma-gak REV. C3 ali n161hca-ga1 REV C.1 \u2013 popolnoma zdru\u017eljiv z LCD ekranom za prenosnike serije HP Victus 16 D0 \/ D00000 \/ D0xxxx<br \/>\n<\/strong><\/p>\n<p>Nadgradite svoj prenosnik HP Victus 16 D0 serije z vrhunskim ekranom, ki zagotavlja jasne slike in gladko delovanje. Ta zamenjavi LCD zaslon je idealen za obnovitev ali izbolj\u0161anje zaslona va\u0161ega prenosnika.<\/p>\n<p><strong>Klju\u010dne zna\u010dilnosti:<\/strong><\/p>\n<ul>\n<li><strong>Velikost ekrana:<\/strong> 16,1 palcev<\/li>\n<li><strong>Lo\u010dljivost:<\/strong> Full HD (1920\u00d71080), 144 Hz za gladke slike<\/li>\n<li><strong>Svetilnost:<\/strong> 250 nitov za \u017eivahne in jasne slike<\/li>\n<li><strong>Povr\u0161ina:<\/strong> Matirana za zmanj\u0161anje ble\u0161\u010danja<\/li>\n<li><strong>Priklju\u010dek:<\/strong> 40-pinski konektor<\/li>\n<li><strong>Stanje:<\/strong> Novo<\/li>\n<li><strong>Brez nosilcev:<\/strong> Enostavna monta\u017ea brez zgornjih in spodnjih nosilcev<\/li>\n<li><strong>Prilo\u017eeno:<\/strong> Obojestranski lepilni trak za hitro namestitev<\/li>\n<\/ul>\n<p><strong>Zakaj izbrati ta LCD zaslon?<\/strong><\/p>\n<ul>\n<li>Visoka hitrost osve\u017eevanja (144 Hz) za gladko igranje in predvajanje videov<\/li>\n<li>Trpe\u017ena mat povr\u0161ina za profesionalen videz brez ble\u0161\u010danja<\/li>\n<li>Preprosta monta\u017ea z vklju\u010denim lepilnim trakom<\/li>\n<\/ul>\n<p>\u00a0<\/p>\n<p>\u00a0<\/p>\n<p><strong>Seznam nekaterih zdru\u017eljivih prenosnikov:<\/strong><\/p>\n<p>16-D0000NA, 16-D0000NC, 16-D0000NE, 16-D0000NH, 16-D0000NIA, 16-D0000NJ, 16-D0000NK, 16-D0000NL, 16-D0000NO, 16-D0000NQ, 16-D0000NS, 16-D0000NT, 16-D0000NU, 16-D0000NV, 16-D0000NX, 16-D0000NZ, 16-D0000TX, 16-D0000UA, 16-D0000UR, 16-D0001NA, 16-D0001NC, 16-D0001NE, 16-D0001NH, 16-D0001NIA, 16-D0001NJ, 16-D0001NK, 16-D0001NM, 16-D0001NQ, 16-D0001NS, 16-D0001NT, 16-D0001NV, 16-D0001NX, 16-D0001SA, 16-D0001TX, 16-D0001UA, 16-D0001UR, 16-D0002NA, 16-D0002NC, 16-D0002NE, 16-D0002NH, 16-D0002NIA, 16-D0002NJ, 16-D0002NK, 16-D0002NP, 16-D0002NQ, 16-D0002NS, 16-D0002NT, 16-D0002NV, 16-D0002NX, 16-D0002TX, 16-D0002UA, 16-D0002UR, 16-D0003NE, 16-D0003NH, 16-D0003NJ, 16-D0003NK, 16-D0003NQ, 16-D0003NT, 16-D0003NU, 16-D0003NV, 16-D0003NX, 16-D0003SL, 16-D0003TX, 16-D0003UA, 16-D0003UR, 16-D0004NE, 16-D0004NH, 16-D0004NI, 16-D0004NIA, 16-D0004NJ, 16-D0004NK, 16-D0004NL, 16-D0004NP, 16-D0004NQ, 16-D0004NS, 16-D0004NT, 16-D0004NU, 16-D0004NV, 16-D0004NX, 16-D0004SF, 16-D0004SL, 16-D0004TX, 16-D0004UA, 16-D0004UR, 16-D0005NE, 16-D0005NH, 16-D0005NJ, 16-D0005NP, 16-D0005NQ, 16-D0005NS, 16-D0005NT, 16-D0005NU, 16-D0005NV, 16-D0005NX, 16-D0005TX, 16-D0005UA, 16-D0005UR, 16-D0006NE, 16-D0006NH, 16 D0515LA<\/p>\n<p>\u00a0<\/p>\n","protected":false},"excerpt":{"rendered":"<p>Zamenjava 16,1&#8243; FHD ekrana za HP Victus 16 D0 serijo, 144Hz, mat LCD zaslon, 250 nitov svetilnosti, s 40-pinskim priklju\u010dkom. Brez nosilcev, vklju\u010deni lepilni trakovi za enostavno monta\u017eo.<\/p>\n","protected":false},"featured_media":7632,"template":"","meta":[],"product_brand":[],"product_cat":[66],"product_tag":[62],"class_list":{"0":"post-8083","1":"product","2":"type-product","3":"status-publish","4":"has-post-thumbnail","6":"product_cat-16-1","7":"product_tag-hp","9":"first","10":"instock","11":"taxable","12":"shipping-taxable","13":"purchasable","14":"product-type-simple"},"_links":{"self":[{"href":"https:\/\/pracek.si\/ekrani-za-prenosnike\/wp-json\/wp\/v2\/product\/8083","targetHints":{"allow":["GET"]}}],"collection":[{"href":"https:\/\/pracek.si\/ekrani-za-prenosnike\/wp-json\/wp\/v2\/product"}],"about":[{"href":"https:\/\/pracek.si\/ekrani-za-prenosnike\/wp-json\/wp\/v2\/types\/product"}],"wp:featuredmedia":[{"embeddable":true,"href":"https:\/\/pracek.si\/ekrani-za-prenosnike\/wp-json\/wp\/v2\/media\/7632"}],"wp:attachment":[{"href":"https:\/\/pracek.si\/ekrani-za-prenosnike\/wp-json\/wp\/v2\/media?parent=8083"}],"wp:term":[{"taxonomy":"product_brand","embeddable":true,"href":"https:\/\/pracek.si\/ekrani-za-prenosnike\/wp-json\/wp\/v2\/product_brand?post=8083"},{"taxonomy":"product_cat","embeddable":true,"href":"https:\/\/pracek.si\/ekrani-za-prenosnike\/wp-json\/wp\/v2\/product_cat?post=8083"},{"taxonomy":"product_tag","embeddable":true,"href":"https:\/\/pracek.si\/ekrani-za-prenosnike\/wp-json\/wp\/v2\/product_tag?post=8083"}],"curies":[{"name":"wp","href":"https:\/\/api.w.org\/{rel}","templated":true}]}}