{"id":8084,"date":"2024-12-13T13:07:16","date_gmt":"2024-12-13T13:07:16","guid":{"rendered":"https:\/\/pracek.si\/ekrani-za-prenosnike\/?post_type=product&#038;p=8084"},"modified":"2024-12-13T13:14:16","modified_gmt":"2024-12-13T13:14:16","slug":"hp-victus-16-e1-lcd-zaslon-161-fhd-mat-ips-30-pinov-nov","status":"publish","type":"product","link":"https:\/\/pracek.si\/ekrani-za-prenosnike\/product\/hp-victus-16-e1-lcd-zaslon-161-fhd-mat-ips-30-pinov-nov\/","title":{"rendered":"HP Victus 16-E1 LCD zaslon 16,1&#8243;, FHD, mat, IPS, 30 pinov, nov"},"content":{"rendered":"<p><strong>Dejanski model LCD ekrana: N161hma-gak REV. C3 ali n161hca-ga1 REV C.1 \u2013 Zdru\u017eljiv s prenosniki serije HP Victus 16-E1 \/ E10000 \/ E1xxxx<br \/>\n<\/strong><\/p>\n<p>Zamenjajte po\u0161kodovan ali zastarel ekran va\u0161ega prenosnika HP Victus serije 16-E1 z visokokakovostnim LCD zaslonom. Ta 16,1-pal\u010dni mat zaslon z lo\u010dljivostjo Full HD prina\u0161a \u017eivahne barve in ostro sliko zahvaljujo\u010d IPS in TFT tehnologiji. Z 30-pinsko eDP povezavo omogo\u010da enostavno vgradnjo ter je zdru\u017eljiv s \u0161irokim naborom modelov serije 16-E1xxxx.<\/p>\n<p>LCD zaslon je popolnoma nov in ne vklju\u010duje zgornjih in spodnjih nosilcev, kar omogo\u010da la\u017ejo vgradnjo. V paketu je prilo\u017een tudi dvostranski lepilni trak za varen in enostaven postopek namestitve.<\/p>\n<p><strong>Glavne zna\u010dilnosti:<\/strong><\/p>\n<ul>\n<li><strong>Zdru\u017eljivost:<\/strong> HP Victus serija 16-E1xxxx (brez dotika)<\/li>\n<li><strong>Velikost:<\/strong> 16,1 palca<\/li>\n<li><strong>Lo\u010dljivost:<\/strong> Full HD (1920 x 1080)<\/li>\n<li><strong>Povr\u0161ina:<\/strong> Mat (proti ble\u0161\u010danju)<\/li>\n<li><strong>Tehnologija:<\/strong> IPS in TFT za \u017eivahne in ostre slike<\/li>\n<li><strong>Priklju\u010dek:<\/strong> 30-pinski eDP<\/li>\n<li><strong>Stanje:<\/strong> Popolnoma nov<\/li>\n<li><strong>Dodatno:<\/strong> Dvostranski lepilni trak je prilo\u017een<\/li>\n<\/ul>\n<p><strong>Zdru\u017eljivi modeli vklju\u010dujejo (med drugimi):<\/strong><br \/>\n16-E1000AX, 16-E1000NE, 16-E1001AX, 16-E1002NM, 16-E1003NX, 16-E1004NL in mnogi drugi.<\/p>\n<p>Zagotovite si izjemno vizualno izku\u0161njo in brezhibno delovanje z vrhunskim LCD zaslonom, izdelanim po najvi\u0161jih standardih kakovosti.<\/p>\n<p>\u00a0<\/p>\n<p><strong>Seznam nekaterih zdru\u017eljivih prenosnikov:<\/strong><\/p>\n<p>16-E1000AX, 16-E1000NB, 16-E1000NE, 16-E1000NH, 16-E1000NI, 16-E1000NIA, 16-E1000NK, 16-E1000NM, 16-E1000NQ, 16-E1000NS, 16-E1000NT, 16-E1000NX, 16-E1000NY, 16-E1000UA, 16-E1000UR, 16-E1001AX, 16-E1001CI, 16-E1001NB, 16-E1001NH, 16-E1001NI, 16-E1001NK, 16-E1001NM, 16-E1001NQ, 16-E1001NS, 16-E1001NT, 16-E1001NX, 16-E1001NY, 16-E1001UA, 16-E1001UR, 16-E1002AX, 16-E1002NE, 16-E1002NI, 16-E1002NIA, 16-E1002NM, 16-E1002NP, 16-E1002NQ, 16-E1002NS, 16-E1002NT, 16-E1002NX, 16-E1002NY, 16-E1002UA, 16-E1003AX, 16-E1003CI, 16-E1003NB, 16-E1003NE, 16-E1003NF, 16-E1003NI, 16-E1003NL, 16-E1003NM, 16-E1003NQ, 16-E1003NS, 16-E1003NT, 16-E1003NX, 16-E1003NY, 16-E1003UA, 16-E1004AX, 16-E1004NB, 16-E1004NE, 16-E1004NIA, 16-E1004NK, 16-E1004NL, 16-E1004NP, 16-E1004NQ, 16-E1004NS, 16-E1004NT, 16-E1004NX, 16-E1004NY, 16-E1004UA, 16-E1005AX, 16-E1005CI, 16-E1005NB, 16-E1005NE, 16-E1005NIA, 16-E1005NK, 16-E1005NL, 16-E1005NM, 16-E1005NQ, 16-E1005NS, 16-E1005NT, 16-E1005NX, 16-E1005NY, 16-E1005UA, 16-E1006AX, 16-E1006NE, 16-E1006NIA, 16-E1006NK, 16-E1006NL, 16-E1006NM, 16-E1006NO, 16-E1006NQ, 16-E1006NS, 16-E1006NT, 16-E1006NX, 16-E1006NY, 16-E1006UA, 16-E1007AX, 16-E1007CI, 16-E1007NB, 16-E1007NE, 16-E1112AX, 16-E1044AX, 16-E1060AX, 16-E1163NR<\/p>\n<p>\u00a0<\/p>\n","protected":false},"excerpt":{"rendered":"<p>16,1-pal\u010dni mat LCD zaslon za HP Victus serijo 16-E1 (brez dotika). IPS in TFT tehnologija s 30-pinsko eDP povezavo. Brez nosilcev; vklju\u010duje dvostranski lepilni trak. Nov.<\/p>\n","protected":false},"featured_media":7709,"template":"","meta":[],"product_brand":[],"product_cat":[66],"product_tag":[62],"class_list":{"0":"post-8084","1":"product","2":"type-product","3":"status-publish","4":"has-post-thumbnail","6":"product_cat-16-1","7":"product_tag-hp","9":"first","10":"instock","11":"taxable","12":"shipping-taxable","13":"purchasable","14":"product-type-simple"},"_links":{"self":[{"href":"https:\/\/pracek.si\/ekrani-za-prenosnike\/wp-json\/wp\/v2\/product\/8084","targetHints":{"allow":["GET"]}}],"collection":[{"href":"https:\/\/pracek.si\/ekrani-za-prenosnike\/wp-json\/wp\/v2\/product"}],"about":[{"href":"https:\/\/pracek.si\/ekrani-za-prenosnike\/wp-json\/wp\/v2\/types\/product"}],"wp:featuredmedia":[{"embeddable":true,"href":"https:\/\/pracek.si\/ekrani-za-prenosnike\/wp-json\/wp\/v2\/media\/7709"}],"wp:attachment":[{"href":"https:\/\/pracek.si\/ekrani-za-prenosnike\/wp-json\/wp\/v2\/media?parent=8084"}],"wp:term":[{"taxonomy":"product_brand","embeddable":true,"href":"https:\/\/pracek.si\/ekrani-za-prenosnike\/wp-json\/wp\/v2\/product_brand?post=8084"},{"taxonomy":"product_cat","embeddable":true,"href":"https:\/\/pracek.si\/ekrani-za-prenosnike\/wp-json\/wp\/v2\/product_cat?post=8084"},{"taxonomy":"product_tag","embeddable":true,"href":"https:\/\/pracek.si\/ekrani-za-prenosnike\/wp-json\/wp\/v2\/product_tag?post=8084"}],"curies":[{"name":"wp","href":"https:\/\/api.w.org\/{rel}","templated":true}]}}