{"id":8091,"date":"2024-12-19T19:39:39","date_gmt":"2024-12-19T19:39:39","guid":{"rendered":"https:\/\/pracek.si\/ekrani-za-prenosnike\/?post_type=product&#038;p=8091"},"modified":"2025-09-22T07:24:39","modified_gmt":"2025-09-22T07:24:39","slug":"14-fhd-ips-mat-lcd-zaslon-l72970-j93-30-pin-popolnoma-nov","status":"publish","type":"product","link":"https:\/\/pracek.si\/ekrani-za-prenosnike\/product\/14-fhd-ips-mat-lcd-zaslon-l72970-j93-30-pin-popolnoma-nov\/","title":{"rendered":"14&#8243; FHD IPS mat LCD zaslon L72970-J93, 30-pin, popolnoma nov"},"content":{"rendered":"<p><strong>Dejanski model LCD ekrana: N140HCG-GE1 \u2013 popolnoma zdru\u017eljiv z LCD ekranom L72970-J93<\/strong><\/p>\n<p>Izbolj\u0161ajte kakovost zaslona svojega prenosnika z <strong>LCD zaslonom L72970-J93<\/strong>. Ta 14-pal\u010dni zaslon Full HD (FHD) IPS z mat povr\u0161ino ponuja izjemno jasnost, \u017eivahne barve in \u0161iroke kote gledanja, zaradi \u010desar je idealen za delo in zabavo. Zaslon ima 30-pinski priklju\u010dek, pri \u010demer je prvi pin natan\u010dno name\u0161\u010den 84 milimetrov od desnega kota, kar zagotavlja zdru\u017eljivost z razli\u010dnimi modeli prenosnikov. Zasnovan za enostavno namestitev, ta zaslon je popolnoma nov in zagotavlja brezhibno izku\u0161njo gledanja. Nadgradite svoj prenosnik z vrhunskim nadomestnim zaslonom \u0161e danes.<\/p>\n","protected":false},"excerpt":{"rendered":"<p>Ta <strong>14-pal\u010dni FHD IPS mat LCD zaslon (L72970-J93)<\/strong> je idealen za zamenjavo po\u0161kodovanega ali pokvarjenega zaslona. Ima 30-pinski priklju\u010dek, pri \u010demer je prvi pin name\u0161\u010den 84 mm od desnega kota, kar zagotavlja natan\u010dno zdru\u017eljivost. Popolnoma nov in enostaven za namestitev, ponuja ostro sliko in \u017eivahne barve.<\/p>\n","protected":false},"featured_media":8090,"template":"","meta":[],"product_brand":[],"product_cat":[51],"product_tag":[],"class_list":{"0":"post-8091","1":"product","2":"type-product","3":"status-publish","4":"has-post-thumbnail","6":"product_cat-51","8":"first","9":"instock","10":"taxable","11":"shipping-taxable","12":"purchasable","13":"product-type-simple"},"_links":{"self":[{"href":"https:\/\/pracek.si\/ekrani-za-prenosnike\/wp-json\/wp\/v2\/product\/8091","targetHints":{"allow":["GET"]}}],"collection":[{"href":"https:\/\/pracek.si\/ekrani-za-prenosnike\/wp-json\/wp\/v2\/product"}],"about":[{"href":"https:\/\/pracek.si\/ekrani-za-prenosnike\/wp-json\/wp\/v2\/types\/product"}],"wp:featuredmedia":[{"embeddable":true,"href":"https:\/\/pracek.si\/ekrani-za-prenosnike\/wp-json\/wp\/v2\/media\/8090"}],"wp:attachment":[{"href":"https:\/\/pracek.si\/ekrani-za-prenosnike\/wp-json\/wp\/v2\/media?parent=8091"}],"wp:term":[{"taxonomy":"product_brand","embeddable":true,"href":"https:\/\/pracek.si\/ekrani-za-prenosnike\/wp-json\/wp\/v2\/product_brand?post=8091"},{"taxonomy":"product_cat","embeddable":true,"href":"https:\/\/pracek.si\/ekrani-za-prenosnike\/wp-json\/wp\/v2\/product_cat?post=8091"},{"taxonomy":"product_tag","embeddable":true,"href":"https:\/\/pracek.si\/ekrani-za-prenosnike\/wp-json\/wp\/v2\/product_tag?post=8091"}],"curies":[{"name":"wp","href":"https:\/\/api.w.org\/{rel}","templated":true}]}}