{"id":8094,"date":"2024-12-20T10:41:45","date_gmt":"2024-12-20T10:41:45","guid":{"rendered":"https:\/\/pracek.si\/ekrani-za-prenosnike\/?post_type=product&#038;p=8094"},"modified":"2025-09-22T07:24:39","modified_gmt":"2025-09-22T07:24:39","slug":"14-fhd-ips-lcd-zaslon-b140han06-7-06-6-06-1-mat-30-pin-nov","status":"publish","type":"product","link":"https:\/\/pracek.si\/ekrani-za-prenosnike\/product\/14-fhd-ips-lcd-zaslon-b140han06-7-06-6-06-1-mat-30-pin-nov\/","title":{"rendered":"14&#8243; FHD IPS LCD zaslon B140HAN06.7\/06.6\/06.1 &#8211; Mat, 30 Pin, Nov"},"content":{"rendered":"<p><strong>Dejanski model LCD ekrana: N140HCG-GE1 \u2013 popolnoma zdru\u017eljiv z LCD ekranom B140HAN06.7 B140HAN06.6 B140HAN06.1<\/strong><\/p>\n<p>Ta visokokakovosten 14&#8243; LCD zaslon serije B140HAN06 je zasnovan za zagotavljanje vrhunske izku\u0161nje gledanja. Z lo\u010dljivostjo Full HD (FHD) in IPS tehnologijo zaslon ponuja \u017eivahne barve, \u0161iroke kote gledanja in ostrino podrobnosti, kar ga naredi idealnega za zamenjavo zaslona na prenosnih ra\u010dunalnikih. Mat povr\u0161ina zmanj\u0161a odseve in omogo\u010da bolj udobno izku\u0161njo, \u0161e posebej v svetlih okoljih. Zaslon ima 30-pinski priklju\u010dek in natan\u010dne specifikacije, prva nogica pa je postavljena 84 milimetrov od desnega kota. Zdru\u017eljiv je z razli\u010dnimi modeli prenosnih ra\u010dunalnikov. Je nov in popoln za obnovo ali nadgradnjo zaslona va\u0161ega naprave.<\/p>\n","protected":false},"excerpt":{"rendered":"<p>Izbolj\u0161ajte svojo zaslonsko izku\u0161njo s serijo B140HAN06 14&#8243; LCD zaslona. Z Full HD lo\u010dljivostjo, IPS tehnologijo in mat povr\u0161ino ta 30-pinski zaslon zagotavlja izjemno jasnost in vzdr\u017eljivost. Popoln za zamenjavo zaslona na prenosnih ra\u010dunalnikih, zagotavlja \u017eivahne barve in \u0161iroke kote gledanja.<\/p>\n","protected":false},"featured_media":8090,"template":"","meta":[],"product_brand":[],"product_cat":[51],"product_tag":[],"class_list":{"0":"post-8094","1":"product","2":"type-product","3":"status-publish","4":"has-post-thumbnail","6":"product_cat-51","8":"first","9":"instock","10":"taxable","11":"shipping-taxable","12":"purchasable","13":"product-type-simple"},"_links":{"self":[{"href":"https:\/\/pracek.si\/ekrani-za-prenosnike\/wp-json\/wp\/v2\/product\/8094","targetHints":{"allow":["GET"]}}],"collection":[{"href":"https:\/\/pracek.si\/ekrani-za-prenosnike\/wp-json\/wp\/v2\/product"}],"about":[{"href":"https:\/\/pracek.si\/ekrani-za-prenosnike\/wp-json\/wp\/v2\/types\/product"}],"wp:featuredmedia":[{"embeddable":true,"href":"https:\/\/pracek.si\/ekrani-za-prenosnike\/wp-json\/wp\/v2\/media\/8090"}],"wp:attachment":[{"href":"https:\/\/pracek.si\/ekrani-za-prenosnike\/wp-json\/wp\/v2\/media?parent=8094"}],"wp:term":[{"taxonomy":"product_brand","embeddable":true,"href":"https:\/\/pracek.si\/ekrani-za-prenosnike\/wp-json\/wp\/v2\/product_brand?post=8094"},{"taxonomy":"product_cat","embeddable":true,"href":"https:\/\/pracek.si\/ekrani-za-prenosnike\/wp-json\/wp\/v2\/product_cat?post=8094"},{"taxonomy":"product_tag","embeddable":true,"href":"https:\/\/pracek.si\/ekrani-za-prenosnike\/wp-json\/wp\/v2\/product_tag?post=8094"}],"curies":[{"name":"wp","href":"https:\/\/api.w.org\/{rel}","templated":true}]}}