{"id":8095,"date":"2024-12-20T10:46:09","date_gmt":"2024-12-20T10:46:09","guid":{"rendered":"https:\/\/pracek.si\/ekrani-za-prenosnike\/?post_type=product&#038;p=8095"},"modified":"2025-09-22T07:24:38","modified_gmt":"2025-09-22T07:24:38","slug":"nov-lcd-zaslon-za-hp-elitebook-840-g8-14-fhd-ips-mat-30-pinov","status":"publish","type":"product","link":"https:\/\/pracek.si\/ekrani-za-prenosnike\/product\/nov-lcd-zaslon-za-hp-elitebook-840-g8-14-fhd-ips-mat-30-pinov\/","title":{"rendered":"Nov LCD zaslon za HP EliteBook 840 G8 &#8211; 14&#8243; FHD, IPS, mat, 30 pinov"},"content":{"rendered":"<p><strong>Dejanski model LCD ekrana: N140HCG-GE1 \u2013 popolnoma zdru\u017eljiv z LCD ekranom HP EliteBook 840 G8<\/strong><\/p>\n<p>Ta popolnoma nov LCD zaslon je zasnovan posebej za serijo HP EliteBook 840 G8. Zaslon meri 14 palcev, ponuja Full HD (FHD) lo\u010dljivost z IPS tehnologijo, kar zagotavlja \u017eivahne barve in \u0161iroke kote gledanja. Mat povr\u0161ina zmanj\u0161uje odseve in izbolj\u0161uje vidljivost, kar je idealno tako za notranjo kot zunanjo uporabo. Zaslon ima 30-pinski priklju\u010dek, kar omogo\u010da enostavno zamenjavo in zdru\u017eljivost z EliteBook 840 G8. Edinstvena postavitev pinov (prvi pin od desne je 84 mm oddaljen od desnega kota) zagotavlja popolno prileganje za va\u0161 prenosnik. Ne glede na to, ali zamenjujete po\u0161kodovan zaslon ali nadgrajujete, ta LCD zaslon zagotavlja visoko kakovostno delovanje in vzdr\u017eljivost.<\/p>\n","protected":false},"excerpt":{"rendered":"<p>Popolnoma nov 14&#8243; LCD zaslon za HP EliteBook 840 G8, ki ponuja FHD lo\u010dljivost, IPS tehnologijo in mat povr\u0161ino za izbolj\u0161ano vidljivost. 30-pinski priklju\u010dek omogo\u010da enostavno namestitev, edinstvena postavitev pinov (84 mm od desnega kota) pa zagotavlja popolno prileganje.<\/p>\n","protected":false},"featured_media":8090,"template":"","meta":[],"product_brand":[],"product_cat":[51],"product_tag":[],"class_list":{"0":"post-8095","1":"product","2":"type-product","3":"status-publish","4":"has-post-thumbnail","6":"product_cat-51","8":"first","9":"instock","10":"taxable","11":"shipping-taxable","12":"purchasable","13":"product-type-simple"},"_links":{"self":[{"href":"https:\/\/pracek.si\/ekrani-za-prenosnike\/wp-json\/wp\/v2\/product\/8095","targetHints":{"allow":["GET"]}}],"collection":[{"href":"https:\/\/pracek.si\/ekrani-za-prenosnike\/wp-json\/wp\/v2\/product"}],"about":[{"href":"https:\/\/pracek.si\/ekrani-za-prenosnike\/wp-json\/wp\/v2\/types\/product"}],"wp:featuredmedia":[{"embeddable":true,"href":"https:\/\/pracek.si\/ekrani-za-prenosnike\/wp-json\/wp\/v2\/media\/8090"}],"wp:attachment":[{"href":"https:\/\/pracek.si\/ekrani-za-prenosnike\/wp-json\/wp\/v2\/media?parent=8095"}],"wp:term":[{"taxonomy":"product_brand","embeddable":true,"href":"https:\/\/pracek.si\/ekrani-za-prenosnike\/wp-json\/wp\/v2\/product_brand?post=8095"},{"taxonomy":"product_cat","embeddable":true,"href":"https:\/\/pracek.si\/ekrani-za-prenosnike\/wp-json\/wp\/v2\/product_cat?post=8095"},{"taxonomy":"product_tag","embeddable":true,"href":"https:\/\/pracek.si\/ekrani-za-prenosnike\/wp-json\/wp\/v2\/product_tag?post=8095"}],"curies":[{"name":"wp","href":"https:\/\/api.w.org\/{rel}","templated":true}]}}