{"id":8106,"date":"2025-01-07T10:38:18","date_gmt":"2025-01-07T10:38:18","guid":{"rendered":"https:\/\/pracek.si\/ekrani-za-prenosnike\/?post_type=product&#038;p=8106"},"modified":"2025-08-27T08:08:09","modified_gmt":"2025-08-27T08:08:09","slug":"156-fhd-mat-lcd-zaslon-za-lenovo-z50-70-tip-80e7-boe-hb156fh1-301","status":"publish","type":"product","link":"https:\/\/pracek.si\/ekrani-za-prenosnike\/product\/156-fhd-mat-lcd-zaslon-za-lenovo-z50-70-tip-80e7-boe-hb156fh1-301\/","title":{"rendered":"15,6&#8243; FHD mat LCD zaslon za Lenovo Z50-70 (tip 80E7), BOE HB156FH1-301"},"content":{"rendered":"<p><strong>Dejanski model zaslona: NV156FHM-<span data-sheets-root=\"1\">N46 \/ B156HAN02.1 \/ LP156WF6-SPB1-SPK1-SPA1 <\/span>&#8211; popolnoma zdru\u017eljiv s prenosnikom Z50-70 Laptop (Lenovo) &#8211; Type 80E7 \/ screen: BOE HB156FH1-301<br \/>\n<\/strong><\/p>\n<p>Zamenjajte ali nadgradite zaslon na va\u0161em prenosniku Lenovo Z50-70 (tip 80E7) z na\u0161im povsem novim BOE HB156FH1-301 LCD zaslonom. Ta visokokakovostni 15,6-pal\u010dni ekran ponuja lo\u010dljivost Full HD (1920 x 1080) za izjemno ostre in \u017eivahne slike. IPS tehnologija zagotavlja \u0161iroke vidne kote in natan\u010dne barve, medtem ko mat povr\u0161ina zmanj\u0161a ble\u0161\u010danje, kar omogo\u010da udobno uporabo na prostem ali v zaprtih prostorih.<\/p>\n<p>Ekran je opremljen z zgornjimi in spodnjimi nosilci, kar omogo\u010da enostavno namestitev. Povezljivost s 30-pinskim eDP priklju\u010dkom zagotavlja zdru\u017eljivost z va\u0161im modelom. Ta nov LCD zaslon je skrbno testiran in pripravljen za hitro zamenjavo po\u0161kodovanega ali neustreznega ekrana na va\u0161em prenosniku.<\/p>\n<p>&nbsp;<\/p>\n","protected":false},"excerpt":{"rendered":"<p>Zamenjajte ekran na prenosniku Lenovo Z50-70 (tip 80E7) z novim 15,6-pal\u010dnim FHD IPS mat LCD zaslonom BOE HB156FH1-301. Zdru\u017eljiv, kakovosten in pripravljen za hitro monta\u017eo.<\/p>\n","protected":false},"featured_media":7868,"template":"","meta":[],"product_brand":[],"product_cat":[50],"product_tag":[60],"class_list":{"0":"post-8106","1":"product","2":"type-product","3":"status-publish","4":"has-post-thumbnail","6":"product_cat-15-6","7":"product_tag-lenovo","9":"first","10":"instock","11":"taxable","12":"shipping-taxable","13":"purchasable","14":"product-type-simple"},"_links":{"self":[{"href":"https:\/\/pracek.si\/ekrani-za-prenosnike\/wp-json\/wp\/v2\/product\/8106","targetHints":{"allow":["GET"]}}],"collection":[{"href":"https:\/\/pracek.si\/ekrani-za-prenosnike\/wp-json\/wp\/v2\/product"}],"about":[{"href":"https:\/\/pracek.si\/ekrani-za-prenosnike\/wp-json\/wp\/v2\/types\/product"}],"wp:featuredmedia":[{"embeddable":true,"href":"https:\/\/pracek.si\/ekrani-za-prenosnike\/wp-json\/wp\/v2\/media\/7868"}],"wp:attachment":[{"href":"https:\/\/pracek.si\/ekrani-za-prenosnike\/wp-json\/wp\/v2\/media?parent=8106"}],"wp:term":[{"taxonomy":"product_brand","embeddable":true,"href":"https:\/\/pracek.si\/ekrani-za-prenosnike\/wp-json\/wp\/v2\/product_brand?post=8106"},{"taxonomy":"product_cat","embeddable":true,"href":"https:\/\/pracek.si\/ekrani-za-prenosnike\/wp-json\/wp\/v2\/product_cat?post=8106"},{"taxonomy":"product_tag","embeddable":true,"href":"https:\/\/pracek.si\/ekrani-za-prenosnike\/wp-json\/wp\/v2\/product_tag?post=8106"}],"curies":[{"name":"wp","href":"https:\/\/api.w.org\/{rel}","templated":true}]}}