{"id":8146,"date":"2025-01-26T09:42:43","date_gmt":"2025-01-26T09:42:43","guid":{"rendered":"https:\/\/pracek.si\/ekrani-za-prenosnike\/?post_type=product&#038;p=8146"},"modified":"2025-08-26T07:51:13","modified_gmt":"2025-08-26T07:51:13","slug":"n156hga-ea3-156-lcd-zaslon-mat-ips-fhd-30-pin-edp-brez-dotika-nov","status":"publish","type":"product","link":"https:\/\/pracek.si\/ekrani-za-prenosnike\/product\/n156hga-ea3-156-lcd-zaslon-mat-ips-fhd-30-pin-edp-brez-dotika-nov\/","title":{"rendered":"N156HGA-EA3 15,6&#8243; LCD Zaslon Mat IPS FHD 30 Pin eDP Brez Dotika Nov"},"content":{"rendered":"<p><strong>Dejanski model LCD ekrana: N156HCA-EAC C2 ali NT156FHM-N43 V8.0 \u2013 popolnoma zdru\u017eljiv z LCD ekranom N156HGA-EA3 REV.C5<\/strong><\/p>\n<p>Izbolj\u0161ajte svojo napravo z LCD zaslonom N156HGA-EA3 REV.C5 15,6\u2033. Ta visoko kakovosten IPS zaslon ponuja lo\u010dljivost Full HD za kristalno jasne slike, kar omogo\u010da izjemno izku\u0161njo gledanja. Z mat povr\u0161ino zmanj\u0161a odseve in pove\u010da jasnost v svetlih okoljih. Zaslon je zasnovan z 30-pinskim eDP priklju\u010dkom in ima kompaktno PCB plo\u0161\u010do velikosti 260 mm, zaradi \u010desar je odli\u010den nadomestek za zdru\u017eljive naprave. Zaslon ni na dotik, kar omogo\u010da poenostavljeno zasnovo, in je opremljen s samolepilnimi trakovi za enostavno monta\u017eo. Ta povsem nov LCD zaslon je popolna re\u0161itev za o\u017eivitev va\u0161e naprave.<\/p>\n","protected":false},"excerpt":{"rendered":"<p>Izbolj\u0161ajte svojo napravo z LCD zaslonom N156HGA-EA3 REV.C5 15,6&#8243;. Ta mat FHD IPS zaslon ponuja \u017eivahne slike in brezdotikovni dizajn. Vklju\u010deni so samolepilni trakovi za enostavno namestitev. Novo stanje.<\/p>\n","protected":false},"featured_media":8145,"template":"","meta":[],"product_brand":[],"product_cat":[50],"product_tag":[],"class_list":{"0":"post-8146","1":"product","2":"type-product","3":"status-publish","4":"has-post-thumbnail","6":"product_cat-15-6","8":"first","9":"instock","10":"taxable","11":"shipping-taxable","12":"purchasable","13":"product-type-simple"},"_links":{"self":[{"href":"https:\/\/pracek.si\/ekrani-za-prenosnike\/wp-json\/wp\/v2\/product\/8146","targetHints":{"allow":["GET"]}}],"collection":[{"href":"https:\/\/pracek.si\/ekrani-za-prenosnike\/wp-json\/wp\/v2\/product"}],"about":[{"href":"https:\/\/pracek.si\/ekrani-za-prenosnike\/wp-json\/wp\/v2\/types\/product"}],"wp:featuredmedia":[{"embeddable":true,"href":"https:\/\/pracek.si\/ekrani-za-prenosnike\/wp-json\/wp\/v2\/media\/8145"}],"wp:attachment":[{"href":"https:\/\/pracek.si\/ekrani-za-prenosnike\/wp-json\/wp\/v2\/media?parent=8146"}],"wp:term":[{"taxonomy":"product_brand","embeddable":true,"href":"https:\/\/pracek.si\/ekrani-za-prenosnike\/wp-json\/wp\/v2\/product_brand?post=8146"},{"taxonomy":"product_cat","embeddable":true,"href":"https:\/\/pracek.si\/ekrani-za-prenosnike\/wp-json\/wp\/v2\/product_cat?post=8146"},{"taxonomy":"product_tag","embeddable":true,"href":"https:\/\/pracek.si\/ekrani-za-prenosnike\/wp-json\/wp\/v2\/product_tag?post=8146"}],"curies":[{"name":"wp","href":"https:\/\/api.w.org\/{rel}","templated":true}]}}