{"id":8151,"date":"2025-01-26T11:02:00","date_gmt":"2025-01-26T11:02:00","guid":{"rendered":"https:\/\/pracek.si\/ekrani-za-prenosnike\/?post_type=product&#038;p=8151"},"modified":"2026-01-23T12:02:15","modified_gmt":"2026-01-23T12:02:15","slug":"lenovo-v15-g3-156-fhd-ips-lcd-zaslon-30-pin-edp-brez-zaslona-na-dotik-nov-mat","status":"publish","type":"product","link":"https:\/\/pracek.si\/ekrani-za-prenosnike\/product\/lenovo-v15-g3-156-fhd-ips-lcd-zaslon-30-pin-edp-brez-zaslona-na-dotik-nov-mat\/","title":{"rendered":"Lenovo V15 G3 15,6&#8243; FHD IPS LCD zaslon 30-pin eDP brez zaslona na dotik, nov, mat"},"content":{"rendered":"<p><strong>Dejanski model LCD ekrana: N156HCA-EAC C2 ali NT156FHM-N43 V8.0 \u2013 popolnoma zdru\u017eljiv z LCD ekranom Lenovo V15 G3<\/strong><\/p>\n<p>Posodobite svoj prenosnik Lenovo V15 G3 z visokokakovostnim 15,6\u2033 LCD zaslonom. Zaslon ponuja osupljivo Full HD (1920\u00d71080) lo\u010dljivost z \u017eivahnimi barvami, zahvaljujo\u010d matirani povr\u0161ini in tehnologiji IPS. Zaslon je opremljen z 30-pin eDP priklju\u010dkom in je brez zaslona na dotik, kar zagotavlja gladko in odzivno delovanje. Idealno za popravila ali zamenjave, vklju\u010duje samolepilne trakove za enostavno monta\u017eo in ima kompakten PCB (260 mm), ki zagotavlja popolno prileganje va\u0161emu prenosniku. Ta zaslon je popolnoma nov in ponuja jasnost in zanesljivost za vse va\u0161e ra\u010dunalni\u0161ke potrebe.<\/p>\n","protected":false},"excerpt":{"rendered":"<p>15,6&#8243; Lenovo V15 G3 LCD zaslon &#8211; FHD, mat IPS, 30-pin eDP, brez zaslona na dotik, nov. Samolepilni trakovi vklju\u010deni. Popolno za zamenjavo.<\/p>\n","protected":false},"featured_media":8145,"template":"","meta":[],"product_brand":[],"product_cat":[50],"product_tag":[],"class_list":{"0":"post-8151","1":"product","2":"type-product","3":"status-publish","4":"has-post-thumbnail","6":"product_cat-15-6","8":"first","9":"instock","10":"taxable","11":"shipping-taxable","12":"purchasable","13":"product-type-simple"},"_links":{"self":[{"href":"https:\/\/pracek.si\/ekrani-za-prenosnike\/wp-json\/wp\/v2\/product\/8151","targetHints":{"allow":["GET"]}}],"collection":[{"href":"https:\/\/pracek.si\/ekrani-za-prenosnike\/wp-json\/wp\/v2\/product"}],"about":[{"href":"https:\/\/pracek.si\/ekrani-za-prenosnike\/wp-json\/wp\/v2\/types\/product"}],"wp:featuredmedia":[{"embeddable":true,"href":"https:\/\/pracek.si\/ekrani-za-prenosnike\/wp-json\/wp\/v2\/media\/8145"}],"wp:attachment":[{"href":"https:\/\/pracek.si\/ekrani-za-prenosnike\/wp-json\/wp\/v2\/media?parent=8151"}],"wp:term":[{"taxonomy":"product_brand","embeddable":true,"href":"https:\/\/pracek.si\/ekrani-za-prenosnike\/wp-json\/wp\/v2\/product_brand?post=8151"},{"taxonomy":"product_cat","embeddable":true,"href":"https:\/\/pracek.si\/ekrani-za-prenosnike\/wp-json\/wp\/v2\/product_cat?post=8151"},{"taxonomy":"product_tag","embeddable":true,"href":"https:\/\/pracek.si\/ekrani-za-prenosnike\/wp-json\/wp\/v2\/product_tag?post=8151"}],"curies":[{"name":"wp","href":"https:\/\/api.w.org\/{rel}","templated":true}]}}