{"id":8152,"date":"2025-01-26T11:06:50","date_gmt":"2025-01-26T11:06:50","guid":{"rendered":"https:\/\/pracek.si\/ekrani-za-prenosnike\/?post_type=product&#038;p=8152"},"modified":"2025-08-26T07:50:43","modified_gmt":"2025-08-26T07:50:43","slug":"acer-chromebook-n19q3-116-lcd-zaslon-ips-mat-fhd-30-pinski-edp-brez-dotika-novo","status":"publish","type":"product","link":"https:\/\/pracek.si\/ekrani-za-prenosnike\/product\/acer-chromebook-n19q3-116-lcd-zaslon-ips-mat-fhd-30-pinski-edp-brez-dotika-novo\/","title":{"rendered":"Acer Chromebook N19Q3 11,6&#8243; LCD zaslon IPS mat FHD 30-pinski eDP brez dotika Novo"},"content":{"rendered":"<p><strong>Dejanski model LCD ekrana: N156HCA-EAC C2 ali NT156FHM-N43 V8.0 \u2013 popolnoma zdru\u017eljiv z LCD ekranom Acer Chromebook N19Q3<\/strong><\/p>\n<p>Zamenjajte zaslon na svojem Acer Chromebooku s tem visokokakovostnim LCD zaslonom. Zaslon je zasnovan za modele, ki uporabljajo \u0161tevilko dela N19Q3, in ponuja mat zaklju\u010dek, lo\u010dljivost Full HD (1920\u00d71080) ter \u017eivahno IPS tehnologijo za odli\u010dno natan\u010dnost barv in \u0161ir\u0161e kote gledanja. Zaslon ima eDP povezavo in 30-pinski konektor, kar zagotavlja varno prileganje. Manj\u0161a zasnova PCB plo\u0161\u010de (260 mm) je idealna za va\u0161 napravo, zaslon pa vklju\u010duje samolepilne trakove za enostavno namestitev. Zaslon brez dotika je odli\u010den za uporabnike, ki \u017eelijo obnoviti svojo napravo v prvotno stanje. Novo, pripravljeno za brezskrbno namestitev.<\/p>\n","protected":false},"excerpt":{"rendered":"<p>Zaslon LCD za Acer Chromebook N19Q3, 11,6&#8243;, Full HD, mat IPS, 30-pinski eDP, brez dotika, z vklju\u010deni samolepilnimi trakovi. Novo stanje.<\/p>\n","protected":false},"featured_media":8145,"template":"","meta":[],"product_brand":[],"product_cat":[50],"product_tag":[],"class_list":{"0":"post-8152","1":"product","2":"type-product","3":"status-publish","4":"has-post-thumbnail","6":"product_cat-15-6","8":"first","9":"instock","10":"taxable","11":"shipping-taxable","12":"purchasable","13":"product-type-simple"},"_links":{"self":[{"href":"https:\/\/pracek.si\/ekrani-za-prenosnike\/wp-json\/wp\/v2\/product\/8152","targetHints":{"allow":["GET"]}}],"collection":[{"href":"https:\/\/pracek.si\/ekrani-za-prenosnike\/wp-json\/wp\/v2\/product"}],"about":[{"href":"https:\/\/pracek.si\/ekrani-za-prenosnike\/wp-json\/wp\/v2\/types\/product"}],"wp:featuredmedia":[{"embeddable":true,"href":"https:\/\/pracek.si\/ekrani-za-prenosnike\/wp-json\/wp\/v2\/media\/8145"}],"wp:attachment":[{"href":"https:\/\/pracek.si\/ekrani-za-prenosnike\/wp-json\/wp\/v2\/media?parent=8152"}],"wp:term":[{"taxonomy":"product_brand","embeddable":true,"href":"https:\/\/pracek.si\/ekrani-za-prenosnike\/wp-json\/wp\/v2\/product_brand?post=8152"},{"taxonomy":"product_cat","embeddable":true,"href":"https:\/\/pracek.si\/ekrani-za-prenosnike\/wp-json\/wp\/v2\/product_cat?post=8152"},{"taxonomy":"product_tag","embeddable":true,"href":"https:\/\/pracek.si\/ekrani-za-prenosnike\/wp-json\/wp\/v2\/product_tag?post=8152"}],"curies":[{"name":"wp","href":"https:\/\/api.w.org\/{rel}","templated":true}]}}