{"id":8208,"date":"2025-03-04T17:51:44","date_gmt":"2025-03-04T17:51:44","guid":{"rendered":"https:\/\/pracek.si\/ekrani-za-prenosnike\/?post_type=product&#038;p=8208"},"modified":"2026-02-05T08:53:47","modified_gmt":"2026-02-05T08:53:47","slug":"156-qhd-165hz-ips-lcd-zaslon-ne156qhm-ny4-ny5-ny2-ny3-40pin-mat","status":"publish","type":"product","link":"https:\/\/pracek.si\/ekrani-za-prenosnike\/product\/156-qhd-165hz-ips-lcd-zaslon-ne156qhm-ny4-ny5-ny2-ny3-40pin-mat\/","title":{"rendered":"15,6&#8243; QHD 165Hz IPS LCD zaslon NE156QHM-NY4 NY5 NY2 NY3 40Pin Mat"},"content":{"rendered":"<p><strong>Dejanski model LCD ekrana:NE156QHM-NY1 v8.2 \u2013 popolnoma zdru\u017eljiv z LCD ekranom NE156QHM-NY4 NE156QHM-NY5 NE156QHM-NY2 NE156QHM-NY3<\/strong><\/p>\n<p data-start=\"435\" data-end=\"832\">Izbolj\u0161ajte zmogljivost zaslona svojega prenosnika s kakovostnim 15,6-pal\u010dnim QHD (2560 x 1440) IPS LCD zaslonom. Zdru\u017eljiv je z modeli NE156QHM-NY4, NE156QHM-NY5, NE156QHM-NY2 in NE156QHM-NY3 ter ponuja osve\u017eevalno hitrost 165 Hz za izjemno gladko sliko, idealno za igre in profesionalno uporabo. Mat, ne-reflektivna povr\u0161ina zmanj\u0161uje ble\u0161\u010danje in zagotavlja udobno gledanje.<\/p>\n<p data-start=\"834\" data-end=\"1159\">Ta nadomestni zaslon uporablja 40-pinski eDP priklju\u010dek in je brez zgornjih in spodnjih nosilcev. Prilo\u017eeni so samolepilni trakovi za enostavno in varno namestitev. Ne glede na to, ali nadgrajujete prenosnik ali zamenjujete po\u0161kodovan zaslon, vam ta povsem nov LCD panel nudi ostro sliko, \u017eivahne barve in odzivno izku\u0161njo.<\/p>\n<p data-start=\"1161\" data-end=\"1181\"><strong data-start=\"1161\" data-end=\"1179\">Specifikacije:<\/strong><\/p>\n<ul data-start=\"1182\" data-end=\"1473\">\n<li data-start=\"1182\" data-end=\"1219\"><strong data-start=\"1184\" data-end=\"1205\">Velikost zaslona:<\/strong> 15,6 palcev<\/li>\n<li data-start=\"1220\" data-end=\"1255\"><strong data-start=\"1222\" data-end=\"1237\">Lo\u010dljivost:<\/strong> QHD 2560 x 1440<\/li>\n<li data-start=\"1256\" data-end=\"1291\"><strong data-start=\"1258\" data-end=\"1282\">Osve\u017eevalna hitrost:<\/strong> 165 Hz<\/li>\n<li data-start=\"1292\" data-end=\"1317\"><strong data-start=\"1294\" data-end=\"1311\">Vrsta panela:<\/strong> IPS<\/li>\n<li data-start=\"1318\" data-end=\"1348\"><strong data-start=\"1320\" data-end=\"1335\">Priklju\u010dek:<\/strong> 40-Pin eDP<\/li>\n<li data-start=\"1349\" data-end=\"1383\"><strong data-start=\"1351\" data-end=\"1364\">Povr\u0161ina:<\/strong> Mat, brez dotika<\/li>\n<li data-start=\"1384\" data-end=\"1446\"><strong data-start=\"1386\" data-end=\"1398\">Monta\u017ea:<\/strong> Brez nosilcev (prilo\u017eeni samolepilni trakovi)<\/li>\n<li data-start=\"1447\" data-end=\"1473\"><strong data-start=\"1449\" data-end=\"1460\">Stanje:<\/strong> Povsem nov<\/li>\n<\/ul>\n<p data-start=\"1475\" data-end=\"1577\" data-is-last-node=\"\" data-is-only-node=\"\">Nadgradite svoj zaslon zdaj in u\u017eivajte v ostrej\u0161i, bolj teko\u010di in bolj poglobljeni izku\u0161nji gledanja!<\/p>\n","protected":false},"excerpt":{"rendered":"<p data-start=\"113\" data-end=\"426\">Nadgradite zaslon svojega prenosnika s 15,6&#8243; QHD (2560&#215;1440) IPS zaslonom s 165 Hz osve\u017eevanja za izjemno gladko sliko. Ima mat povr\u0161ino, ni na dotik in uporablja 40-pinski priklju\u010dek. Samolepilni trakovi so prilo\u017eeni za enostavno namestitev. Zdru\u017eljiv z modeli NE156QHM-NY4, NY5, NY2 in NY3.<\/p>\n","protected":false},"featured_media":8207,"template":"","meta":[],"product_brand":[],"product_cat":[50],"product_tag":[],"class_list":{"0":"post-8208","1":"product","2":"type-product","3":"status-publish","4":"has-post-thumbnail","6":"product_cat-15-6","8":"first","9":"instock","10":"taxable","11":"shipping-taxable","12":"purchasable","13":"product-type-simple"},"_links":{"self":[{"href":"https:\/\/pracek.si\/ekrani-za-prenosnike\/wp-json\/wp\/v2\/product\/8208","targetHints":{"allow":["GET"]}}],"collection":[{"href":"https:\/\/pracek.si\/ekrani-za-prenosnike\/wp-json\/wp\/v2\/product"}],"about":[{"href":"https:\/\/pracek.si\/ekrani-za-prenosnike\/wp-json\/wp\/v2\/types\/product"}],"wp:featuredmedia":[{"embeddable":true,"href":"https:\/\/pracek.si\/ekrani-za-prenosnike\/wp-json\/wp\/v2\/media\/8207"}],"wp:attachment":[{"href":"https:\/\/pracek.si\/ekrani-za-prenosnike\/wp-json\/wp\/v2\/media?parent=8208"}],"wp:term":[{"taxonomy":"product_brand","embeddable":true,"href":"https:\/\/pracek.si\/ekrani-za-prenosnike\/wp-json\/wp\/v2\/product_brand?post=8208"},{"taxonomy":"product_cat","embeddable":true,"href":"https:\/\/pracek.si\/ekrani-za-prenosnike\/wp-json\/wp\/v2\/product_cat?post=8208"},{"taxonomy":"product_tag","embeddable":true,"href":"https:\/\/pracek.si\/ekrani-za-prenosnike\/wp-json\/wp\/v2\/product_tag?post=8208"}],"curies":[{"name":"wp","href":"https:\/\/api.w.org\/{rel}","templated":true}]}}