{"id":8209,"date":"2025-03-04T18:12:35","date_gmt":"2025-03-04T18:12:35","guid":{"rendered":"https:\/\/pracek.si\/ekrani-za-prenosnike\/?post_type=product&#038;p=8209"},"modified":"2025-03-04T18:12:35","modified_gmt":"2025-03-04T18:12:35","slug":"lcd-zaslon-za-asus-rog-strix-scar-15-g533qs-15-6-qhd-165hz-ips-mat-nov","status":"publish","type":"product","link":"https:\/\/pracek.si\/ekrani-za-prenosnike\/product\/lcd-zaslon-za-asus-rog-strix-scar-15-g533qs-15-6-qhd-165hz-ips-mat-nov\/","title":{"rendered":"LCD zaslon za Asus ROG Strix Scar 15 G533QS 15.6&#8243; QHD 165Hz IPS mat Nov"},"content":{"rendered":"<p><strong>Dejanski model LCD ekrana:NE156QHM-NY1 v8.2 \u2013 popolnoma zdru\u017eljiv z LCD ekranom Asus ROG Strix Scar 15 G533QS<\/strong><\/p>\n<p data-start=\"337\" data-end=\"700\">Zamenjajte po\u0161kodovan ali neustrezno delujo\u010d zaslon na svojem Asus ROG Strix Scar 15 G533QS s tem vrhunskim nadomestnim LCD zaslonom. <strong data-start=\"488\" data-end=\"530\">15,6-pal\u010dna QHD (2560\u00d71440) lo\u010dljivost<\/strong> zagotavlja izjemno ostro sliko in \u017eivahne barve. Z <strong data-start=\"582\" data-end=\"614\">165 Hz hitrostjo osve\u017eevanja<\/strong> omogo\u010da izjemno gladko delovanje, idealno za igranje iger in profesionalno uporabo.<\/p>\n<p data-start=\"702\" data-end=\"1013\">Zaslon je opremljen z <strong data-start=\"724\" data-end=\"743\">IPS mat panelom<\/strong>, ki zmanj\u0161uje ble\u0161\u010danje in omogo\u010da \u0161iroke vidne kote za bolj\u0161o vizualno izku\u0161njo. Ima <strong data-start=\"830\" data-end=\"851\">40-pin priklju\u010dek<\/strong>, ki omogo\u010da preprosto zdru\u017eljivost. Gre za <strong data-start=\"895\" data-end=\"917\">zaslon brez dotika<\/strong>, brez pritrdilnih nosilcev, vendar so <strong data-start=\"956\" data-end=\"989\">prilo\u017eeni samolepilni trakovi<\/strong> za enostavno monta\u017eo.<\/p>\n<p data-start=\"1015\" data-end=\"1150\" data-is-only-node=\"\" data-is-last-node=\"\">Stanje: <strong data-start=\"1023\" data-end=\"1040\">Popolnoma nov<\/strong><br data-start=\"1040\" data-end=\"1043\" \/>Odli\u010dna re\u0161itev za zamenjavo po\u0161kodovanega ali neustreznega zaslona na va\u0161em Asus ROG Strix Scar 15 G533QS.<\/p>\n","protected":false},"excerpt":{"rendered":"<p>Popolnoma nov LCD zaslon za Asus ROG Strix Scar 15 G533QS. 15,6&#8243; QHD (2560&#215;1440), 165 Hz osve\u017eevanje, IPS mat zaslon, 40-pin priklju\u010dek. Brez dotika. Samolepilni trakovi vklju\u010deni za enostavno namestitev.<\/p>\n","protected":false},"featured_media":8207,"template":"","meta":[],"product_brand":[],"product_cat":[50],"product_tag":[],"class_list":{"0":"post-8209","1":"product","2":"type-product","3":"status-publish","4":"has-post-thumbnail","6":"product_cat-15-6","8":"first","9":"instock","10":"taxable","11":"shipping-taxable","12":"purchasable","13":"product-type-simple"},"_links":{"self":[{"href":"https:\/\/pracek.si\/ekrani-za-prenosnike\/wp-json\/wp\/v2\/product\/8209","targetHints":{"allow":["GET"]}}],"collection":[{"href":"https:\/\/pracek.si\/ekrani-za-prenosnike\/wp-json\/wp\/v2\/product"}],"about":[{"href":"https:\/\/pracek.si\/ekrani-za-prenosnike\/wp-json\/wp\/v2\/types\/product"}],"wp:featuredmedia":[{"embeddable":true,"href":"https:\/\/pracek.si\/ekrani-za-prenosnike\/wp-json\/wp\/v2\/media\/8207"}],"wp:attachment":[{"href":"https:\/\/pracek.si\/ekrani-za-prenosnike\/wp-json\/wp\/v2\/media?parent=8209"}],"wp:term":[{"taxonomy":"product_brand","embeddable":true,"href":"https:\/\/pracek.si\/ekrani-za-prenosnike\/wp-json\/wp\/v2\/product_brand?post=8209"},{"taxonomy":"product_cat","embeddable":true,"href":"https:\/\/pracek.si\/ekrani-za-prenosnike\/wp-json\/wp\/v2\/product_cat?post=8209"},{"taxonomy":"product_tag","embeddable":true,"href":"https:\/\/pracek.si\/ekrani-za-prenosnike\/wp-json\/wp\/v2\/product_tag?post=8209"}],"curies":[{"name":"wp","href":"https:\/\/api.w.org\/{rel}","templated":true}]}}