{"id":8361,"date":"2025-08-19T11:21:17","date_gmt":"2025-08-19T11:21:17","guid":{"rendered":"https:\/\/pracek.si\/ekrani-za-prenosnike\/?post_type=product&#038;p=8361"},"modified":"2025-08-19T11:45:46","modified_gmt":"2025-08-19T11:45:46","slug":"15-6-oled-fhd-ekran-za-prenosnik-13n1-eca0b01-glossy-30-pin-nov","status":"publish","type":"product","link":"https:\/\/pracek.si\/ekrani-za-prenosnike\/product\/15-6-oled-fhd-ekran-za-prenosnik-13n1-eca0b01-glossy-30-pin-nov\/","title":{"rendered":"15.6&#8243; OLED FHD ekran za prenosnik 13n1-eca0b01 Glossy 30 pin nov"},"content":{"rendered":"<p data-start=\"493\" data-end=\"805\"><strong>Dejanski model LCD ekrana:ATNA56YX03 \u2013 popolnoma zdru\u017eljiv z LCD ekranom 13n1-eca0b01<\/strong><\/p>\n<p data-start=\"394\" data-end=\"674\">Zamenjajte po\u0161kodovan ali neustrezen zaslon z vrhunskim <strong data-start=\"479\" data-end=\"529\">15.6-pal\u010dnim OLED FHD (1920&#215;1200) LCD zaslonom<\/strong>, ki je zdru\u017eljiv z modelom <strong data-start=\"557\" data-end=\"573\">13n1-eca0b01<\/strong>. Ta ekran z ble\u0161\u010de\u010do (glossy) povr\u0161ino ponuja \u017eive barve, visok kontrast in izjemno ostrino slike.<\/p>\n<ul data-start=\"676\" data-end=\"956\">\n<li data-start=\"676\" data-end=\"699\">\n<p data-start=\"678\" data-end=\"699\"><strong data-start=\"678\" data-end=\"691\">Velikost:<\/strong> 15.6&#8243;<\/p>\n<\/li>\n<li data-start=\"700\" data-end=\"733\">\n<p data-start=\"702\" data-end=\"733\"><strong data-start=\"702\" data-end=\"717\">Lo\u010dljivost:<\/strong> FHD 1920&#215;1200<\/p>\n<\/li>\n<li data-start=\"734\" data-end=\"759\">\n<p data-start=\"736\" data-end=\"759\"><strong data-start=\"736\" data-end=\"752\">Tehnologija:<\/strong> OLED<\/p>\n<\/li>\n<li data-start=\"760\" data-end=\"794\">\n<p data-start=\"762\" data-end=\"794\"><strong data-start=\"762\" data-end=\"775\">Povr\u0161ina:<\/strong> Glossy (sijajna)<\/p>\n<\/li>\n<li data-start=\"795\" data-end=\"819\">\n<p data-start=\"797\" data-end=\"819\"><strong data-start=\"797\" data-end=\"810\">Konektor:<\/strong> 30 pin<\/p>\n<\/li>\n<li data-start=\"820\" data-end=\"856\">\n<p data-start=\"822\" data-end=\"856\"><strong data-start=\"822\" data-end=\"840\">Na\u010din uporabe:<\/strong> Brez na dotik<\/p>\n<\/li>\n<li data-start=\"857\" data-end=\"888\">\n<p data-start=\"859\" data-end=\"888\"><strong data-start=\"859\" data-end=\"871\">Nosilci:<\/strong> Niso vklju\u010deni<\/p>\n<\/li>\n<li data-start=\"889\" data-end=\"935\">\n<p data-start=\"891\" data-end=\"935\"><strong data-start=\"891\" data-end=\"903\">Monta\u017ea:<\/strong> Samolepilni trakovi vklju\u010deni<\/p>\n<\/li>\n<li data-start=\"936\" data-end=\"956\">\n<p data-start=\"938\" data-end=\"956\"><strong data-start=\"938\" data-end=\"949\">Stanje:<\/strong> Novo<\/p>\n<\/li>\n<\/ul>\n<p data-start=\"958\" data-end=\"1081\">Ta <strong data-start=\"961\" data-end=\"983\">ekran za prenosnik<\/strong> je odli\u010dna izbira za obnovo prvotne kakovosti slike in zanesljivo delovanje va\u0161ega ra\u010dunalnika.<\/p>\n<p>&nbsp;<\/p>\n","protected":false},"excerpt":{"rendered":"<p>Kakovosten 15.6&#8243; OLED FHD (1920&#215;1200) glossy ekran za prenosnik 13n1-eca0b01. Vklju\u010deni so samolepilni trakovi za enostavno monta\u017eo.<\/p>\n","protected":false},"featured_media":8359,"template":"","meta":[],"product_brand":[],"product_cat":[50],"product_tag":[],"class_list":{"0":"post-8361","1":"product","2":"type-product","3":"status-publish","4":"has-post-thumbnail","6":"product_cat-15-6","8":"first","9":"instock","10":"taxable","11":"shipping-taxable","12":"purchasable","13":"product-type-simple"},"_links":{"self":[{"href":"https:\/\/pracek.si\/ekrani-za-prenosnike\/wp-json\/wp\/v2\/product\/8361","targetHints":{"allow":["GET"]}}],"collection":[{"href":"https:\/\/pracek.si\/ekrani-za-prenosnike\/wp-json\/wp\/v2\/product"}],"about":[{"href":"https:\/\/pracek.si\/ekrani-za-prenosnike\/wp-json\/wp\/v2\/types\/product"}],"wp:featuredmedia":[{"embeddable":true,"href":"https:\/\/pracek.si\/ekrani-za-prenosnike\/wp-json\/wp\/v2\/media\/8359"}],"wp:attachment":[{"href":"https:\/\/pracek.si\/ekrani-za-prenosnike\/wp-json\/wp\/v2\/media?parent=8361"}],"wp:term":[{"taxonomy":"product_brand","embeddable":true,"href":"https:\/\/pracek.si\/ekrani-za-prenosnike\/wp-json\/wp\/v2\/product_brand?post=8361"},{"taxonomy":"product_cat","embeddable":true,"href":"https:\/\/pracek.si\/ekrani-za-prenosnike\/wp-json\/wp\/v2\/product_cat?post=8361"},{"taxonomy":"product_tag","embeddable":true,"href":"https:\/\/pracek.si\/ekrani-za-prenosnike\/wp-json\/wp\/v2\/product_tag?post=8361"}],"curies":[{"name":"wp","href":"https:\/\/api.w.org\/{rel}","templated":true}]}}