{"id":8363,"date":"2025-08-19T11:58:51","date_gmt":"2025-08-19T11:58:51","guid":{"rendered":"https:\/\/pracek.si\/ekrani-za-prenosnike\/?post_type=product&#038;p=8363"},"modified":"2025-08-19T12:02:19","modified_gmt":"2025-08-19T12:02:19","slug":"asus-vivobook-a1505-ekran-15-6-fhd-oled-sijajni-30-pin-nov","status":"publish","type":"product","link":"https:\/\/pracek.si\/ekrani-za-prenosnike\/product\/asus-vivobook-a1505-ekran-15-6-fhd-oled-sijajni-30-pin-nov\/","title":{"rendered":"Asus Vivobook A1505 ekran 15.6&#8243; FHD OLED sijajni 30 pin nov"},"content":{"rendered":"<p data-start=\"493\" data-end=\"805\"><strong>Dejanski model LCD ekrana:ATNA56YX03 \u2013 popolnoma zdru\u017eljiv z LCD ekranom za Asus Vivobook A1505<\/strong><\/p>\n<p data-start=\"422\" data-end=\"719\">Osve\u017eite svoj prenosnik Asus Vivobook A1505 z novim nadomestnim LCD zaslonom. Ta kakovosten <strong data-start=\"545\" data-end=\"571\">15,6-pal\u010dni OLED ekran<\/strong> prina\u0161a ostro sliko in \u017eive barve v <strong data-start=\"608\" data-end=\"643\">Full HD lo\u010dljivosti (1920&#215;1200)<\/strong>, kar zagotavlja odli\u010dno uporabni\u0161ko izku\u0161njo pri delu, u\u010denju ali zabavi.<\/p>\n<p data-start=\"721\" data-end=\"733\">Lastnosti:<\/p>\n<ul data-start=\"734\" data-end=\"1036\">\n<li data-start=\"734\" data-end=\"762\">\n<p data-start=\"736\" data-end=\"762\">Velikost: <strong data-start=\"746\" data-end=\"760\">15,6 palca<\/strong><\/p>\n<\/li>\n<li data-start=\"763\" data-end=\"796\">\n<p data-start=\"765\" data-end=\"796\">Lo\u010dljivost: <strong data-start=\"777\" data-end=\"794\">FHD 1920&#215;1200<\/strong><\/p>\n<\/li>\n<li data-start=\"797\" data-end=\"850\">\n<p data-start=\"799\" data-end=\"850\">Tehnologija: <strong data-start=\"812\" data-end=\"820\">OLED<\/strong> za bogate barve in kontrast<\/p>\n<\/li>\n<li data-start=\"851\" data-end=\"876\">\n<p data-start=\"853\" data-end=\"876\">Povr\u0161ina: <strong data-start=\"863\" data-end=\"874\">Sijajna<\/strong><\/p>\n<\/li>\n<li data-start=\"877\" data-end=\"903\">\n<p data-start=\"879\" data-end=\"903\">Priklju\u010dek: <strong data-start=\"891\" data-end=\"901\">30 pin<\/strong><\/p>\n<\/li>\n<li data-start=\"904\" data-end=\"934\">\n<p data-start=\"906\" data-end=\"934\">Podpora za dotik: <strong data-start=\"924\" data-end=\"932\">Brez<\/strong><\/p>\n<\/li>\n<li data-start=\"935\" data-end=\"1015\">\n<p data-start=\"937\" data-end=\"1015\">Nosilci: <strong data-start=\"946\" data-end=\"964\">Niso vklju\u010deni<\/strong> \u2013 prilo\u017een samolepilni trak za enostavno monta\u017eo<\/p>\n<\/li>\n<li data-start=\"1016\" data-end=\"1036\">\n<p data-start=\"1018\" data-end=\"1036\">Stanje: <strong data-start=\"1026\" data-end=\"1034\">Novo<\/strong><\/p>\n<\/li>\n<\/ul>\n<p data-start=\"1038\" data-end=\"1261\">Ta ekran je odli\u010dna re\u0161itev, \u010de je va\u0161 obstoje\u010di zaslon po\u010dil, utripal ali prenehal delovati. Z enostavno namestitvijo in prilo\u017eenim lepilnim trakom bo va\u0161 prenosnik spet kot nov ter pripravljen na jasen in svetel prikaz.<\/p>\n<p>&nbsp;<\/p>\n","protected":false},"excerpt":{"rendered":"<p>Nadomestni ekran za Asus Vivobook A1505. 15.6&#8243; OLED, FHD (1920&#215;1200), sijajni, 30 pin, brez dotika. Brez nosilcev \u2013 prilo\u017een samolepilni trak. Popolnoma nov LCD zaslon.<\/p>\n","protected":false},"featured_media":8359,"template":"","meta":[],"product_brand":[],"product_cat":[50],"product_tag":[58],"class_list":{"0":"post-8363","1":"product","2":"type-product","3":"status-publish","4":"has-post-thumbnail","6":"product_cat-15-6","7":"product_tag-asus","9":"first","10":"instock","11":"taxable","12":"shipping-taxable","13":"purchasable","14":"product-type-simple"},"_links":{"self":[{"href":"https:\/\/pracek.si\/ekrani-za-prenosnike\/wp-json\/wp\/v2\/product\/8363","targetHints":{"allow":["GET"]}}],"collection":[{"href":"https:\/\/pracek.si\/ekrani-za-prenosnike\/wp-json\/wp\/v2\/product"}],"about":[{"href":"https:\/\/pracek.si\/ekrani-za-prenosnike\/wp-json\/wp\/v2\/types\/product"}],"wp:featuredmedia":[{"embeddable":true,"href":"https:\/\/pracek.si\/ekrani-za-prenosnike\/wp-json\/wp\/v2\/media\/8359"}],"wp:attachment":[{"href":"https:\/\/pracek.si\/ekrani-za-prenosnike\/wp-json\/wp\/v2\/media?parent=8363"}],"wp:term":[{"taxonomy":"product_brand","embeddable":true,"href":"https:\/\/pracek.si\/ekrani-za-prenosnike\/wp-json\/wp\/v2\/product_brand?post=8363"},{"taxonomy":"product_cat","embeddable":true,"href":"https:\/\/pracek.si\/ekrani-za-prenosnike\/wp-json\/wp\/v2\/product_cat?post=8363"},{"taxonomy":"product_tag","embeddable":true,"href":"https:\/\/pracek.si\/ekrani-za-prenosnike\/wp-json\/wp\/v2\/product_tag?post=8363"}],"curies":[{"name":"wp","href":"https:\/\/api.w.org\/{rel}","templated":true}]}}