{"id":8365,"date":"2025-08-19T12:11:06","date_gmt":"2025-08-19T12:11:06","guid":{"rendered":"https:\/\/pracek.si\/ekrani-za-prenosnike\/?post_type=product&#038;p=8365"},"modified":"2025-08-19T12:15:14","modified_gmt":"2025-08-19T12:15:14","slug":"asus-zenbook-pro-15-um535qe-15-6-fhd-oled-ekran-glossy-30pin-nov","status":"publish","type":"product","link":"https:\/\/pracek.si\/ekrani-za-prenosnike\/product\/asus-zenbook-pro-15-um535qe-15-6-fhd-oled-ekran-glossy-30pin-nov\/","title":{"rendered":"ASUS ZenBook Pro 15 UM535QE 15.6&#8243; FHD OLED ekran Glossy 30pin NOV"},"content":{"rendered":"<p data-start=\"493\" data-end=\"805\"><strong>Dejanski model LCD ekrana:ATNA56YX03 \u2013 popolnoma zdru\u017eljiv z LCD ekranom za ASUS ZenBook Pro 15 UM535QE UM535 \/ M3500QC-L1081T<\/strong><\/p>\n<p data-start=\"586\" data-end=\"753\">Popolnoma nov <strong data-start=\"600\" data-end=\"614\">LCD zaslon<\/strong> za <strong data-start=\"618\" data-end=\"674\">ASUS ZenBook Pro 15 UM535QE \/ UM535 \/ M3500QC-L1081T<\/strong> je idealna re\u0161itev za obnovo prenosnika z okvarjenim ali po\u010deno <strong data-start=\"739\" data-end=\"750\">ekranom<\/strong>.<\/p>\n<ul data-start=\"755\" data-end=\"1052\">\n<li data-start=\"755\" data-end=\"778\">\n<p data-start=\"757\" data-end=\"778\"><strong data-start=\"757\" data-end=\"770\">Velikost:<\/strong> 15.6&#8243;<\/p>\n<\/li>\n<li data-start=\"779\" data-end=\"812\">\n<p data-start=\"781\" data-end=\"812\"><strong data-start=\"781\" data-end=\"796\">Lo\u010dljivost:<\/strong> FHD 1920&#215;1200<\/p>\n<\/li>\n<li data-start=\"813\" data-end=\"838\">\n<p data-start=\"815\" data-end=\"838\"><strong data-start=\"815\" data-end=\"831\">Tehnologija:<\/strong> OLED<\/p>\n<\/li>\n<li data-start=\"839\" data-end=\"872\">\n<p data-start=\"841\" data-end=\"872\"><strong data-start=\"841\" data-end=\"854\">Povr\u0161ina:<\/strong> Glossy (sijo\u010da)<\/p>\n<\/li>\n<li data-start=\"873\" data-end=\"899\">\n<p data-start=\"875\" data-end=\"899\"><strong data-start=\"875\" data-end=\"890\">Priklju\u010dek:<\/strong> 30 pin<\/p>\n<\/li>\n<li data-start=\"900\" data-end=\"940\">\n<p data-start=\"902\" data-end=\"940\"><strong data-start=\"902\" data-end=\"912\">Vrsta:<\/strong> brez na dotik (non-touch)<\/p>\n<\/li>\n<li data-start=\"941\" data-end=\"1021\">\n<p data-start=\"943\" data-end=\"1021\"><strong data-start=\"943\" data-end=\"955\">Monta\u017ea:<\/strong> samolepilni trakovi vklju\u010deni, brez kovinskih nosilcev\/brackets<\/p>\n<\/li>\n<li data-start=\"1022\" data-end=\"1052\">\n<p data-start=\"1024\" data-end=\"1052\"><strong data-start=\"1024\" data-end=\"1035\">Stanje:<\/strong> popolnoma novo<\/p>\n<\/li>\n<\/ul>\n<p data-start=\"1054\" data-end=\"1291\">Ta nadomestni <strong data-start=\"1068\" data-end=\"1077\">ekran<\/strong> prina\u0161a vrhunsko kakovost slike, izjemno jasnost in \u017eivahne barve. Zdru\u017eljiv je s \u0161tevilnimi ASUS modeli iz serije ZenBook Pro in omogo\u010da hitro ter enostavno menjavo, da bo va\u0161 prenosnik znova brezhibno deloval.<\/p>\n<p>&nbsp;<\/p>\n<p>&nbsp;<\/p>\n<p>&nbsp;<\/p>\n","protected":false},"excerpt":{"rendered":"<p>Nadomestni <strong data-start=\"347\" data-end=\"356\">ekran<\/strong> za ASUS ZenBook Pro 15 UM535QE \/ UM535 \/ M3500QC-L1081T.<br data-start=\"413\" data-end=\"416\" \/>15.6&#8243; FHD (1920&#215;1200), OLED, Glossy, 30 pin, brez na dotik. Samolepilni trakovi prilo\u017eeni. <strong data-start=\"507\" data-end=\"521\">LCD zaslon<\/strong> je nov in nerabljen.<\/p>\n","protected":false},"featured_media":8359,"template":"","meta":[],"product_brand":[],"product_cat":[50],"product_tag":[58],"class_list":{"0":"post-8365","1":"product","2":"type-product","3":"status-publish","4":"has-post-thumbnail","6":"product_cat-15-6","7":"product_tag-asus","9":"first","10":"instock","11":"taxable","12":"shipping-taxable","13":"purchasable","14":"product-type-simple"},"_links":{"self":[{"href":"https:\/\/pracek.si\/ekrani-za-prenosnike\/wp-json\/wp\/v2\/product\/8365","targetHints":{"allow":["GET"]}}],"collection":[{"href":"https:\/\/pracek.si\/ekrani-za-prenosnike\/wp-json\/wp\/v2\/product"}],"about":[{"href":"https:\/\/pracek.si\/ekrani-za-prenosnike\/wp-json\/wp\/v2\/types\/product"}],"wp:featuredmedia":[{"embeddable":true,"href":"https:\/\/pracek.si\/ekrani-za-prenosnike\/wp-json\/wp\/v2\/media\/8359"}],"wp:attachment":[{"href":"https:\/\/pracek.si\/ekrani-za-prenosnike\/wp-json\/wp\/v2\/media?parent=8365"}],"wp:term":[{"taxonomy":"product_brand","embeddable":true,"href":"https:\/\/pracek.si\/ekrani-za-prenosnike\/wp-json\/wp\/v2\/product_brand?post=8365"},{"taxonomy":"product_cat","embeddable":true,"href":"https:\/\/pracek.si\/ekrani-za-prenosnike\/wp-json\/wp\/v2\/product_cat?post=8365"},{"taxonomy":"product_tag","embeddable":true,"href":"https:\/\/pracek.si\/ekrani-za-prenosnike\/wp-json\/wp\/v2\/product_tag?post=8365"}],"curies":[{"name":"wp","href":"https:\/\/api.w.org\/{rel}","templated":true}]}}