{"id":8473,"date":"2025-12-19T12:22:26","date_gmt":"2025-12-19T12:22:26","guid":{"rendered":"https:\/\/pracek.si\/ekrani-za-prenosnike\/?post_type=product&#038;p=8473"},"modified":"2025-12-19T12:22:26","modified_gmt":"2025-12-19T12:22:26","slug":"lenovo-00ur887-156-fhd-ips-lcd-zaslon-mat-30-pin-brez-dotika-z-nosilci","status":"publish","type":"product","link":"https:\/\/pracek.si\/ekrani-za-prenosnike\/product\/lenovo-00ur887-156-fhd-ips-lcd-zaslon-mat-30-pin-brez-dotika-z-nosilci\/","title":{"rendered":"Lenovo 00UR887 15,6&#8243; FHD IPS LCD zaslon mat 30-pin, brez dotika z nosilci"},"content":{"rendered":"<p><strong>Dejanski model LCD ekrana: B156HAN02.1 z nosilci &#8211; popolnoma kompatibilen<\/strong><\/p>\n<p data-start=\"481\" data-end=\"921\">Zamenjajte po\u0161kodovan ali ne delujo\u010d zaslon svojega Lenovo prenosnika z visokokakovostnim, popolnoma novim 15,6&#8243; LCD zaslonom (model 00UR887). Zaslon z lo\u010dljivostjo Full HD (1920&#215;1080) in IPS tehnologijo zagotavlja ostre slike, \u017eivahne barve in \u0161iroke kote gledanja. Matirana povr\u0161ina zmanj\u0161uje odseve za udobno uporabo, medtem ko 30-pin konektor zagotavlja popolno zdru\u017eljivost z va\u0161im Lenovo prenosnikom.<\/p>\n<p data-start=\"923\" data-end=\"1277\">Zaslon vklju\u010duje zgornji in spodnji nosilec za enostavno namestitev, kar ga naredi idealno izbiro za samostojna popravila ali profesionalno zamenjavo. Brez dotika zaslon je enostaven za uporabo in trajen. Ne glede na to, ali je va\u0161 originalni zaslon razpokan, utripajo\u010d ali ima mrtve pike, bo ta originalna zamenjava obnovila jasnost va\u0161ega prenosnika.<\/p>\n<p data-start=\"1279\" data-end=\"1295\"><strong data-start=\"1279\" data-end=\"1293\">Lastnosti:<\/strong><\/p>\n<ul data-start=\"1296\" data-end=\"1553\">\n<li data-start=\"1296\" data-end=\"1339\">\n<p data-start=\"1298\" data-end=\"1339\">Popolnoma nov Lenovo 00UR887 LCD zaslon<\/p>\n<\/li>\n<li data-start=\"1340\" data-end=\"1380\">\n<p data-start=\"1342\" data-end=\"1380\">Velikost: 15,6&#8243;, Full HD (1920&#215;1080)<\/p>\n<\/li>\n<li data-start=\"1381\" data-end=\"1441\">\n<p data-start=\"1383\" data-end=\"1441\">IPS tehnologija za \u017eivahne barve in \u0161iroke kote gledanja<\/p>\n<\/li>\n<li data-start=\"1442\" data-end=\"1476\">\n<p data-start=\"1444\" data-end=\"1476\">Matiran zaslon za manj odsevov<\/p>\n<\/li>\n<li data-start=\"1477\" data-end=\"1496\">\n<p data-start=\"1479\" data-end=\"1496\">30-pin konektor<\/p>\n<\/li>\n<li data-start=\"1497\" data-end=\"1512\">\n<p data-start=\"1499\" data-end=\"1512\">Brez dotika<\/p>\n<\/li>\n<li data-start=\"1513\" data-end=\"1553\">\n<p data-start=\"1515\" data-end=\"1553\">Vklju\u010duje zgornji in spodnji nosilec<\/p>\n<\/li>\n<\/ul>\n","protected":false},"excerpt":{"rendered":"<p data-start=\"180\" data-end=\"474\">Nadgradite svoj Lenovo prenosnik z novim 15,6&#8243; FHD IPS LCD zaslonom (model 00UR887). Z matiranim zaslonom, 30-pin konektorjem, brez dotika in s prilo\u017eenimi zgornjim in spodnjim nosilcem za enostavno namestitev. Popolna zamenjava za po\u0161kodovan ali slab zaslon.<\/p>\n","protected":false},"featured_media":8467,"template":"","meta":[],"product_brand":[],"product_cat":[50],"product_tag":[],"class_list":{"0":"post-8473","1":"product","2":"type-product","3":"status-publish","4":"has-post-thumbnail","6":"product_cat-15-6","8":"first","9":"instock","10":"taxable","11":"shipping-taxable","12":"purchasable","13":"product-type-simple"},"_links":{"self":[{"href":"https:\/\/pracek.si\/ekrani-za-prenosnike\/wp-json\/wp\/v2\/product\/8473","targetHints":{"allow":["GET"]}}],"collection":[{"href":"https:\/\/pracek.si\/ekrani-za-prenosnike\/wp-json\/wp\/v2\/product"}],"about":[{"href":"https:\/\/pracek.si\/ekrani-za-prenosnike\/wp-json\/wp\/v2\/types\/product"}],"wp:featuredmedia":[{"embeddable":true,"href":"https:\/\/pracek.si\/ekrani-za-prenosnike\/wp-json\/wp\/v2\/media\/8467"}],"wp:attachment":[{"href":"https:\/\/pracek.si\/ekrani-za-prenosnike\/wp-json\/wp\/v2\/media?parent=8473"}],"wp:term":[{"taxonomy":"product_brand","embeddable":true,"href":"https:\/\/pracek.si\/ekrani-za-prenosnike\/wp-json\/wp\/v2\/product_brand?post=8473"},{"taxonomy":"product_cat","embeddable":true,"href":"https:\/\/pracek.si\/ekrani-za-prenosnike\/wp-json\/wp\/v2\/product_cat?post=8473"},{"taxonomy":"product_tag","embeddable":true,"href":"https:\/\/pracek.si\/ekrani-za-prenosnike\/wp-json\/wp\/v2\/product_tag?post=8473"}],"curies":[{"name":"wp","href":"https:\/\/api.w.org\/{rel}","templated":true}]}}