{"id":8516,"date":"2026-02-18T15:25:43","date_gmt":"2026-02-18T15:25:43","guid":{"rendered":"https:\/\/pracek.si\/ekrani-za-prenosnike\/?post_type=product&#038;p=8516"},"modified":"2026-02-19T12:30:29","modified_gmt":"2026-02-19T12:30:29","slug":"dell-03dnw3-3dnw3-156-fhd-ips-mat-lcd-zaslon-30pin-novo","status":"publish","type":"product","link":"https:\/\/pracek.si\/ekrani-za-prenosnike\/product\/dell-03dnw3-3dnw3-156-fhd-ips-mat-lcd-zaslon-30pin-novo\/","title":{"rendered":"Dell 03DNW3 \/ 3DNW3 15,6&#8243; FHD IPS mat LCD zaslon 30pin [Novo]"},"content":{"rendered":"<p><strong>Dejanski model LCD ekrana:LQ140M1JW62 \u2013 popolnoma zdru\u017eljiv z LCD ekranom Dell 03DNW3 \/ 3DNW3<\/strong><\/p>\n<p>Nadgradite svoj <strong data-start=\"140\" data-end=\"164\">15,6&#8243; mat LCD zaslon<\/strong> za prenosni ra\u010dunalnik Dell (03DNW3 \/ 3DNW3). Ta <strong data-start=\"214\" data-end=\"231\">FHD IPS panel<\/strong> zagotavlja ostre, \u017eivahne slike z \u0161irokimi koti gledanja in natan\u010dno barvno reprodukcijo. Opremljen je s <strong data-start=\"337\" data-end=\"363\" data-is-only-node=\"\">30-pinskim priklju\u010dkom<\/strong> in brez funkcije na dotik, kar ga naredi idealnega za zamenjavo po\u0161kodovanih ali nefunkcionalnih zaslonov. Popolno za profesionalce, \u0161tudente in vsakodnevne uporabnike \u2013 zaslon zagotavlja gladko in zanesljivo vizualno izku\u0161njo. <strong data-start=\"592\" data-end=\"609\">Stanje: Novo.<\/strong><\/p>\n","protected":false},"excerpt":{"rendered":"<p>15,6&#8243; mat LCD zaslon (Dell 03DNW3 \/ 3DNW3) \u2013 FHD IPS, 30-pin, brez dotika, Novo.<\/p>\n","protected":false},"featured_media":8519,"template":"","meta":[],"product_brand":[],"product_cat":[51],"product_tag":[],"class_list":{"0":"post-8516","1":"product","2":"type-product","3":"status-publish","4":"has-post-thumbnail","6":"product_cat-51","8":"first","9":"instock","10":"taxable","11":"shipping-taxable","12":"purchasable","13":"product-type-simple"},"_links":{"self":[{"href":"https:\/\/pracek.si\/ekrani-za-prenosnike\/wp-json\/wp\/v2\/product\/8516","targetHints":{"allow":["GET"]}}],"collection":[{"href":"https:\/\/pracek.si\/ekrani-za-prenosnike\/wp-json\/wp\/v2\/product"}],"about":[{"href":"https:\/\/pracek.si\/ekrani-za-prenosnike\/wp-json\/wp\/v2\/types\/product"}],"wp:featuredmedia":[{"embeddable":true,"href":"https:\/\/pracek.si\/ekrani-za-prenosnike\/wp-json\/wp\/v2\/media\/8519"}],"wp:attachment":[{"href":"https:\/\/pracek.si\/ekrani-za-prenosnike\/wp-json\/wp\/v2\/media?parent=8516"}],"wp:term":[{"taxonomy":"product_brand","embeddable":true,"href":"https:\/\/pracek.si\/ekrani-za-prenosnike\/wp-json\/wp\/v2\/product_brand?post=8516"},{"taxonomy":"product_cat","embeddable":true,"href":"https:\/\/pracek.si\/ekrani-za-prenosnike\/wp-json\/wp\/v2\/product_cat?post=8516"},{"taxonomy":"product_tag","embeddable":true,"href":"https:\/\/pracek.si\/ekrani-za-prenosnike\/wp-json\/wp\/v2\/product_tag?post=8516"}],"curies":[{"name":"wp","href":"https:\/\/api.w.org\/{rel}","templated":true}]}}