{"id":8520,"date":"2026-02-18T15:43:38","date_gmt":"2026-02-18T15:43:38","guid":{"rendered":"https:\/\/pracek.si\/ekrani-za-prenosnike\/?post_type=product&#038;p=8520"},"modified":"2026-02-19T12:30:29","modified_gmt":"2026-02-19T12:30:29","slug":"dell-08kn8f-156-fhd-ips-mat-lcd-zaslon-30pin-brez-dotika-nov","status":"publish","type":"product","link":"https:\/\/pracek.si\/ekrani-za-prenosnike\/product\/dell-08kn8f-156-fhd-ips-mat-lcd-zaslon-30pin-brez-dotika-nov\/","title":{"rendered":"Dell 08KN8F [15,6&#8243; FHD IPS mat LCD zaslon] 30pin Brez dotika Nov"},"content":{"rendered":"<p><strong>Dejanski model LCD ekrana:LQ140M1JW62 \u2013 popolnoma zdru\u017eljiv z LCD ekranom Dell 08KN8F 8KN8F<\/strong><\/p>\n<p data-start=\"377\" data-end=\"734\">Izbolj\u0161ajte izku\u0161njo uporabe svojega Dell prenosnika s tem visokokakovostnim zamenjalnim LCD zaslonom. Namenjen posebej za modele Dell 08KN8F in 8KN8F, ta 15,6&#8243; Full HD zaslon zagotavlja ostre, \u017eive slike z IPS panelom za \u0161iroke kote gledanja. Mat povr\u0161ina zmanj\u0161uje odseve, kar omogo\u010da udobno gledanje tudi v svetlih okoljih.<\/p>\n<p data-start=\"736\" data-end=\"761\"><strong data-start=\"736\" data-end=\"759\">Glavne zna\u010dilnosti:<\/strong><\/p>\n<ul data-start=\"762\" data-end=\"1021\">\n<li data-start=\"762\" data-end=\"793\">\n<p data-start=\"764\" data-end=\"793\"><strong data-start=\"764\" data-end=\"785\">Velikost zaslona:<\/strong> 15,6&#8243;<\/p>\n<\/li>\n<li data-start=\"794\" data-end=\"833\">\n<p data-start=\"796\" data-end=\"833\"><strong data-start=\"796\" data-end=\"811\">Lo\u010dljivost:<\/strong> Full HD (1920&#215;1080)<\/p>\n<\/li>\n<li data-start=\"834\" data-end=\"899\">\n<p data-start=\"836\" data-end=\"899\"><strong data-start=\"836\" data-end=\"851\">Tip panela:<\/strong> IPS za natan\u010dne barve in \u0161iroke kote gledanja<\/p>\n<\/li>\n<li data-start=\"900\" data-end=\"939\">\n<p data-start=\"902\" data-end=\"939\"><strong data-start=\"902\" data-end=\"915\">Povr\u0161ina:<\/strong> mat (proti ble\u0161\u010danju)<\/p>\n<\/li>\n<li data-start=\"940\" data-end=\"964\">\n<p data-start=\"942\" data-end=\"964\"><strong data-start=\"942\" data-end=\"955\">Konektor:<\/strong> 30-pin<\/p>\n<\/li>\n<li data-start=\"965\" data-end=\"991\">\n<p data-start=\"967\" data-end=\"991\"><strong data-start=\"967\" data-end=\"977\">Dotik:<\/strong> brez dotika<\/p>\n<\/li>\n<li data-start=\"992\" data-end=\"1021\">\n<p data-start=\"994\" data-end=\"1021\"><strong data-start=\"994\" data-end=\"1005\">Stanje:<\/strong> popolnoma nov<\/p>\n<\/li>\n<\/ul>\n<p data-start=\"1023\" data-end=\"1245\">Popolno za zamenjavo po\u0161kodovanega, razpokanega ali nefunkcionalnega zaslona, ta LCD zagotavlja, da bo va\u0161 prenosnik izgledal in deloval kot nov. Enostavna namestitev in popolna zdru\u017eljivost z modeli Dell 08KN8F \/ 8KN8F.<\/p>\n","protected":false},"excerpt":{"rendered":"<p>Nadgradite svoj Dell prenosnik z novim 15,6&#8243; FHD IPS mat LCD zaslonom. Zdru\u017eljiv z modeli Dell 08KN8F \/ 8KN8F, 30-pinski konektor, brez dotika, za ostre in \u017eive slike.<\/p>\n","protected":false},"featured_media":8519,"template":"","meta":[],"product_brand":[],"product_cat":[51],"product_tag":[],"class_list":{"0":"post-8520","1":"product","2":"type-product","3":"status-publish","4":"has-post-thumbnail","6":"product_cat-51","8":"first","9":"instock","10":"taxable","11":"shipping-taxable","12":"purchasable","13":"product-type-simple"},"_links":{"self":[{"href":"https:\/\/pracek.si\/ekrani-za-prenosnike\/wp-json\/wp\/v2\/product\/8520","targetHints":{"allow":["GET"]}}],"collection":[{"href":"https:\/\/pracek.si\/ekrani-za-prenosnike\/wp-json\/wp\/v2\/product"}],"about":[{"href":"https:\/\/pracek.si\/ekrani-za-prenosnike\/wp-json\/wp\/v2\/types\/product"}],"wp:featuredmedia":[{"embeddable":true,"href":"https:\/\/pracek.si\/ekrani-za-prenosnike\/wp-json\/wp\/v2\/media\/8519"}],"wp:attachment":[{"href":"https:\/\/pracek.si\/ekrani-za-prenosnike\/wp-json\/wp\/v2\/media?parent=8520"}],"wp:term":[{"taxonomy":"product_brand","embeddable":true,"href":"https:\/\/pracek.si\/ekrani-za-prenosnike\/wp-json\/wp\/v2\/product_brand?post=8520"},{"taxonomy":"product_cat","embeddable":true,"href":"https:\/\/pracek.si\/ekrani-za-prenosnike\/wp-json\/wp\/v2\/product_cat?post=8520"},{"taxonomy":"product_tag","embeddable":true,"href":"https:\/\/pracek.si\/ekrani-za-prenosnike\/wp-json\/wp\/v2\/product_tag?post=8520"}],"curies":[{"name":"wp","href":"https:\/\/api.w.org\/{rel}","templated":true}]}}