{"id":8527,"date":"2026-02-19T12:15:14","date_gmt":"2026-02-19T12:15:14","guid":{"rendered":"https:\/\/pracek.si\/ekrani-za-prenosnike\/?post_type=product&#038;p=8527"},"modified":"2026-02-19T12:30:28","modified_gmt":"2026-02-19T12:30:28","slug":"dell-0mjkrm-14-fhd-ips-zaslon-za-prenosnik-mat-nov-z-lepilnimi-trakovi","status":"publish","type":"product","link":"https:\/\/pracek.si\/ekrani-za-prenosnike\/product\/dell-0mjkrm-14-fhd-ips-zaslon-za-prenosnik-mat-nov-z-lepilnimi-trakovi\/","title":{"rendered":"Dell 0MJKRM 14&#8243; FHD IPS zaslon za prenosnik Mat Nov z lepilnimi trakovi"},"content":{"rendered":"<p><strong>Dejanski model LCD ekrana:LQ140M1JW62 \u2013 popolnoma zdru\u017eljiv z LCD ekranom Dell 0MJKRM \/ MJKRM<\/strong><\/p>\n<p data-start=\"444\" data-end=\"750\">Izbolj\u0161ajte kakovost zaslona svojega prenosnika z <strong data-start=\"523\" data-end=\"564\">novej\u0161im Dell 0MJKRM 14&#8243; LCD zaslonom<\/strong>. Namenjen je jasni sliki in \u017eivahnim barvam, <strong data-start=\"610\" data-end=\"627\">FHD IPS panel<\/strong> pa zagotavlja ostre slike in \u0161iroke kote gledanja, medtem ko <strong data-start=\"689\" data-end=\"705\">mat povr\u0161ina<\/strong> zmanj\u0161uje odseve za udobno dalj\u0161o uporabo.<\/p>\n<p data-start=\"752\" data-end=\"1064\">Z <strong data-start=\"754\" data-end=\"780\">30-pinskim priklju\u010dkom<\/strong> je zaslon zdru\u017eljiv z ve\u010d modeli Dell prenosnikov, prilo\u017eeni pa so tudi <strong data-start=\"853\" data-end=\"872\">lepilni trakovi<\/strong>, ki poenostavljajo namestitev. Ne glede na to, ali zamenjujete po\u0161kodovan zaslon ali nadgrajujete svoj zaslon, ta <strong data-start=\"987\" data-end=\"1016\">nov, kakovosten LCD panel<\/strong> zagotavlja zanesljivost in odli\u010dno delovanje.<\/p>\n<p data-start=\"1066\" data-end=\"1090\"><strong data-start=\"1066\" data-end=\"1088\">Klju\u010dne lastnosti:<\/strong><\/p>\n<ul data-start=\"1091\" data-end=\"1298\">\n<li data-start=\"1091\" data-end=\"1121\">\n<p data-start=\"1093\" data-end=\"1121\">Model: Dell 0MJKRM \/ MJKRM<\/p>\n<\/li>\n<li data-start=\"1122\" data-end=\"1139\">\n<p data-start=\"1124\" data-end=\"1139\">Velikost: 14&#8243;<\/p>\n<\/li>\n<li data-start=\"1140\" data-end=\"1175\">\n<p data-start=\"1142\" data-end=\"1175\">Lo\u010dljivost: Full HD (1920&#215;1080)<\/p>\n<\/li>\n<li data-start=\"1176\" data-end=\"1195\">\n<p data-start=\"1178\" data-end=\"1195\">Tip panela: IPS<\/p>\n<\/li>\n<li data-start=\"1196\" data-end=\"1213\">\n<p data-start=\"1198\" data-end=\"1213\">Povr\u0161ina: mat<\/p>\n<\/li>\n<li data-start=\"1214\" data-end=\"1239\">\n<p data-start=\"1216\" data-end=\"1239\">Priklju\u010dek: 30-pinski<\/p>\n<\/li>\n<li data-start=\"1240\" data-end=\"1281\">\n<p data-start=\"1242\" data-end=\"1281\">Namestitev: prilo\u017eeni lepilni trakovi<\/p>\n<\/li>\n<li data-start=\"1282\" data-end=\"1298\">\n<p data-start=\"1284\" data-end=\"1298\">Stanje: novo<\/p>\n<\/li>\n<\/ul>\n<p data-start=\"1300\" data-end=\"1429\">Nadgradite svoj prenosnik \u0161e danes z <strong data-start=\"1337\" data-end=\"1375\">vrhunskim nadomestnim LCD zaslonom<\/strong> in u\u017eivajte v jasni sliki ter enostavni namestitvi.<\/p>\n","protected":false},"excerpt":{"rendered":"<p>Nadgradite svoj Dell prenosnik z novim 14&#8243; FHD IPS LCD zaslonom (model 0MJKRM). Mat povr\u0161ina zmanj\u0161uje odseve, 30-pinski priklju\u010dek zagotavlja enostavno zdru\u017eljivost, prilo\u017eeni pa so tudi lepilni trakovi za hitro in enostavno namestitev.<\/p>\n","protected":false},"featured_media":8519,"template":"","meta":[],"product_brand":[],"product_cat":[51],"product_tag":[],"class_list":{"0":"post-8527","1":"product","2":"type-product","3":"status-publish","4":"has-post-thumbnail","6":"product_cat-51","8":"first","9":"instock","10":"taxable","11":"shipping-taxable","12":"purchasable","13":"product-type-simple"},"_links":{"self":[{"href":"https:\/\/pracek.si\/ekrani-za-prenosnike\/wp-json\/wp\/v2\/product\/8527","targetHints":{"allow":["GET"]}}],"collection":[{"href":"https:\/\/pracek.si\/ekrani-za-prenosnike\/wp-json\/wp\/v2\/product"}],"about":[{"href":"https:\/\/pracek.si\/ekrani-za-prenosnike\/wp-json\/wp\/v2\/types\/product"}],"wp:featuredmedia":[{"embeddable":true,"href":"https:\/\/pracek.si\/ekrani-za-prenosnike\/wp-json\/wp\/v2\/media\/8519"}],"wp:attachment":[{"href":"https:\/\/pracek.si\/ekrani-za-prenosnike\/wp-json\/wp\/v2\/media?parent=8527"}],"wp:term":[{"taxonomy":"product_brand","embeddable":true,"href":"https:\/\/pracek.si\/ekrani-za-prenosnike\/wp-json\/wp\/v2\/product_brand?post=8527"},{"taxonomy":"product_cat","embeddable":true,"href":"https:\/\/pracek.si\/ekrani-za-prenosnike\/wp-json\/wp\/v2\/product_cat?post=8527"},{"taxonomy":"product_tag","embeddable":true,"href":"https:\/\/pracek.si\/ekrani-za-prenosnike\/wp-json\/wp\/v2\/product_tag?post=8527"}],"curies":[{"name":"wp","href":"https:\/\/api.w.org\/{rel}","templated":true}]}}