{"id":8528,"date":"2026-02-19T12:21:49","date_gmt":"2026-02-19T12:21:49","guid":{"rendered":"https:\/\/pracek.si\/ekrani-za-prenosnike\/?post_type=product&#038;p=8528"},"modified":"2026-02-19T12:30:28","modified_gmt":"2026-02-19T12:30:28","slug":"dell-0r29kv-14-fhd-ips-lcd-zaslon-za-prenosnik-mat-nov-z-lepilnimi-trakovi","status":"publish","type":"product","link":"https:\/\/pracek.si\/ekrani-za-prenosnike\/product\/dell-0r29kv-14-fhd-ips-lcd-zaslon-za-prenosnik-mat-nov-z-lepilnimi-trakovi\/","title":{"rendered":"Dell 0R29KV 14&#8243; FHD IPS LCD zaslon za prenosnik Mat Nov z lepilnimi trakovi"},"content":{"rendered":"<p><strong>Dejanski model LCD ekrana:LQ140M1JW62 \u2013 popolnoma zdru\u017eljiv z LCD ekranom Dell 0R29KV \/ R29KV<\/strong><\/p>\n<p data-start=\"527\" data-end=\"815\">Obnovite vizualni sijaj svojega Dell prenosnika z novim 14-pal\u010dnim FHD IPS LCD zaslonom (0R29KV \/ R29KV). Zaslon IPS zagotavlja \u0161iroke kote gledanja in natan\u010dne barve, medtem ko mat povr\u0161ina zmanj\u0161uje odseve za udobno gledanje v vseh svetlobnih pogojih.<\/p>\n<p data-start=\"817\" data-end=\"842\"><strong data-start=\"817\" data-end=\"840\">Glavne zna\u010dilnosti:<\/strong><\/p>\n<ul data-start=\"843\" data-end=\"1176\">\n<li data-start=\"843\" data-end=\"878\">\n<p data-start=\"845\" data-end=\"878\"><strong data-start=\"845\" data-end=\"866\">Velikost zaslona:<\/strong> 14 palcev<\/p>\n<\/li>\n<li data-start=\"879\" data-end=\"918\">\n<p data-start=\"881\" data-end=\"918\"><strong data-start=\"881\" data-end=\"896\">Lo\u010dljivost:<\/strong> Full HD (1920&#215;1080)<\/p>\n<\/li>\n<li data-start=\"919\" data-end=\"980\">\n<p data-start=\"921\" data-end=\"980\"><strong data-start=\"921\" data-end=\"936\">Tip panela:<\/strong> IPS za \u017eive barve in \u0161iroke kote gledanja<\/p>\n<\/li>\n<li data-start=\"981\" data-end=\"1025\">\n<p data-start=\"983\" data-end=\"1025\"><strong data-start=\"983\" data-end=\"996\">Povr\u0161ina:<\/strong> Mat, za zmanj\u0161anje odsevov<\/p>\n<\/li>\n<li data-start=\"1026\" data-end=\"1073\">\n<p data-start=\"1028\" data-end=\"1073\"><strong data-start=\"1028\" data-end=\"1041\">Konektor:<\/strong> 30-pin za preprosto zamenjavo<\/p>\n<\/li>\n<li data-start=\"1074\" data-end=\"1156\">\n<p data-start=\"1076\" data-end=\"1156\"><strong data-start=\"1076\" data-end=\"1091\">Namestitev:<\/strong> Vklju\u010deni samolepilni trakovi za enostavno in varno pritrditev<\/p>\n<\/li>\n<li data-start=\"1157\" data-end=\"1176\">\n<p data-start=\"1159\" data-end=\"1176\"><strong data-start=\"1159\" data-end=\"1170\">Stanje:<\/strong> Nov<\/p>\n<\/li>\n<\/ul>\n<p data-start=\"1178\" data-end=\"1398\">Idealno za prenosnike, ki potrebujejo kakovostno zamenjavo zaslona. Ta panel zagotavlja ostrino, bolj\u0161o svetlost in profesionalen izgled. Zamenjajte star ali po\u0161kodovan zaslon in u\u017eivajte v obnovljenem, jasnem prikazu.<\/p>\n","protected":false},"excerpt":{"rendered":"<p>Nadgradite zaslon svojega Dell prenosnika z novim 14&#8243; FHD IPS LCD zaslonom (model 0R29KV \/ R29KV). Mat zaklju\u010dek zmanj\u0161uje odseve, 30-pinski konektor omogo\u010da enostavno namestitev. Prilo\u017eeni so samolepilni trakovi za varno pritrditev. Popolno za obnovitev \u017eivahnega prikaza va\u0161ega prenosnika.<\/p>\n","protected":false},"featured_media":8519,"template":"","meta":[],"product_brand":[],"product_cat":[51],"product_tag":[],"class_list":{"0":"post-8528","1":"product","2":"type-product","3":"status-publish","4":"has-post-thumbnail","6":"product_cat-51","8":"first","9":"instock","10":"taxable","11":"shipping-taxable","12":"purchasable","13":"product-type-simple"},"_links":{"self":[{"href":"https:\/\/pracek.si\/ekrani-za-prenosnike\/wp-json\/wp\/v2\/product\/8528","targetHints":{"allow":["GET"]}}],"collection":[{"href":"https:\/\/pracek.si\/ekrani-za-prenosnike\/wp-json\/wp\/v2\/product"}],"about":[{"href":"https:\/\/pracek.si\/ekrani-za-prenosnike\/wp-json\/wp\/v2\/types\/product"}],"wp:featuredmedia":[{"embeddable":true,"href":"https:\/\/pracek.si\/ekrani-za-prenosnike\/wp-json\/wp\/v2\/media\/8519"}],"wp:attachment":[{"href":"https:\/\/pracek.si\/ekrani-za-prenosnike\/wp-json\/wp\/v2\/media?parent=8528"}],"wp:term":[{"taxonomy":"product_brand","embeddable":true,"href":"https:\/\/pracek.si\/ekrani-za-prenosnike\/wp-json\/wp\/v2\/product_brand?post=8528"},{"taxonomy":"product_cat","embeddable":true,"href":"https:\/\/pracek.si\/ekrani-za-prenosnike\/wp-json\/wp\/v2\/product_cat?post=8528"},{"taxonomy":"product_tag","embeddable":true,"href":"https:\/\/pracek.si\/ekrani-za-prenosnike\/wp-json\/wp\/v2\/product_tag?post=8528"}],"curies":[{"name":"wp","href":"https:\/\/api.w.org\/{rel}","templated":true}]}}