{"id":8439,"date":"2026-03-19T10:40:35","date_gmt":"2026-03-19T09:40:35","guid":{"rendered":"https:\/\/pracek.si\/rabljeni-telefoni\/product\/rabljen-telefon-samsung-galaxy-note-10-plus\/"},"modified":"2026-03-19T10:41:26","modified_gmt":"2026-03-19T09:41:26","slug":"rabljen-telefon-samsung-galaxy-note-10-plus","status":"publish","type":"product","link":"https:\/\/pracek.si\/rabljeni-telefoni\/product\/rabljen-telefon-samsung-galaxy-note-10-plus\/","title":{"rendered":"Rabljen telefon Samsung Galaxy Note 10 Plus"},"content":{"rendered":"<p>Mo\u017ene velikosti: 256GB<br \/>\nMo\u017ene barve: Silver<br \/>\nStanje ohranjenosti: Grade B<\/p>\n<section class=\"faq\">\n<h2>FAQ<\/h2>\n<details>\n<summary>Ali naprave vklju\u010dujejo dodatke (polnilec, slu\u0161alke)?<\/summary>\n<p>\n      Ne. Vse naprave se prodajajo kot <strong>samo naprava<\/strong>. Dodatki, kot so polnilec, kabel ali slu\u0161alke, niso vklju\u010deni.\n    <\/p>\n<\/details>\n<details>\n<summary>Ali je katera naprava iCloud zaklenjena?<\/summary>\n<p>\n      Ne. Vsaka naprava gre skozi <strong>30-to\u010dkovno programsko in strojno testiranje<\/strong>, ki vklju\u010duje tudi preverjanje morebitnih iCloud te\u017eav.<br \/>\n      <strong>Nobena naprava nima iCloud zaklepa<\/strong> ali povezanih omejitev.\n    <\/p>\n<\/details>\n<details>\n<summary>Ali so vse naprave odklenjene (unlocked)?<\/summary>\n<p>\n      Vse na\u0161e naprave so <strong>odklenjene (unlocked)<\/strong>.\n    <\/p>\n<\/details>\n<\/section>\n<p><!-- wp:heading --><\/p>\n<h2 class=\"wp-block-heading\"><strong>Grade A &#8211; Kot novo stanje<\/strong><\/h2>\n<p><!-- \/wp:heading --><\/p>\n<p><!-- wp:paragraph --><\/p>\n<p><strong>Stanje naprave:<\/strong><br \/>Rabljena naprava v stanju kot nova.<br \/>Zelo minimalne praske, brez udrtin, mo\u017ene so komaj opazne sledi uporabe na zaslonu ali ohi\u0161ju.<br \/>Vizualno naprava ka\u017ee izredno malo znakov uporabe.<\/p>\n<p><!-- \/wp:paragraph --><\/p>\n<p><!-- wp:paragraph --><\/p>\n<p><strong>Kaj lahko pri\u010dakujete:<\/strong><\/p>\n<p><!-- \/wp:paragraph --><\/p>\n<p><!-- wp:list --><\/p>\n<ul class=\"wp-block-list\"><!-- wp:list-item --><\/p>\n<li>1 leto garancije<\/li>\n<p><!-- \/wp:list-item --><\/p>\n<p><!-- wp:list-item --><\/p>\n<li>Izbrisani vsi podatki in pripravljena za takoj\u0161njo uporabo ali prodajo<\/li>\n<p><!-- \/wp:list-item --><\/p>\n<p><!-- wp:list-item --><\/p>\n<li>Clean ESN<\/li>\n<p><!-- \/wp:list-item --><\/p>\n<p><!-- wp:list-item --><\/p>\n<li>Brez iCloud zaklepa<\/li>\n<p><!-- \/wp:list-item --><\/p>\n<p><!-- wp:list-item --><\/p>\n<li>Brez MDM omejitev<\/li>\n<p><!-- \/wp:list-item --><\/p>\n<p><!-- wp:list-item --><\/p>\n<li>Brez FRP zaklepa<\/li>\n<p><!-- \/wp:list-item --><\/p>\n<p><!-- wp:list-item --><\/p>\n<li>Uspe\u0161no opravljen 30-to\u010dkovni programski in strojni test<\/li>\n<p><!-- \/wp:list-item --><\/ul>\n<p><!-- \/wp:list --><\/p>\n<p><!-- wp:paragraph --><\/p>\n<p>Primerno za kupce, ki \u017eelijo napravo v skoraj brezhibnem vizualnem stanju.<\/p>\n<p><!-- \/wp:paragraph --><\/p>\n<p><!-- wp:heading --><\/p>\n<h2 class=\"wp-block-heading\"><strong>Grade B &#8211; Odli\u010dno stanje<\/strong><\/h2>\n<p><!-- \/wp:heading --><\/p>\n<p><!-- wp:paragraph --><\/p>\n<p><strong>Stanje naprave:<\/strong><br \/>Rabljena naprava v odli\u010dnem stanju.<br \/>Lahko vsebuje manj\u0161e praske ali rahle sledi uporabe na zaslonu ali ohi\u0161ju, brez udrtin.<br \/>Naprava je vizualno lepo ohranjena in ka\u017ee malo znakov uporabe.<\/p>\n<p><!-- \/wp:paragraph --><\/p>\n<p><!-- wp:paragraph --><\/p>\n<p><strong>Kaj lahko pri\u010dakujete:<\/strong><\/p>\n<p><!-- \/wp:paragraph --><\/p>\n<p><!-- wp:list --><\/p>\n<ul class=\"wp-block-list\"><!-- wp:list-item --><\/p>\n<li>1 leto garancije<\/li>\n<p><!-- \/wp:list-item --><\/p>\n<p><!-- wp:list-item --><\/p>\n<li>Izbrisani vsi podatki in pripravljena za takoj\u0161njo uporabo ali prodajo<\/li>\n<p><!-- \/wp:list-item --><\/p>\n<p><!-- wp:list-item --><\/p>\n<li>Clean ESN<\/li>\n<p><!-- \/wp:list-item --><\/p>\n<p><!-- wp:list-item --><\/p>\n<li>Brez iCloud zaklepa<\/li>\n<p><!-- \/wp:list-item --><\/p>\n<p><!-- wp:list-item --><\/p>\n<li>Brez MDM omejitev<\/li>\n<p><!-- \/wp:list-item --><\/p>\n<p><!-- wp:list-item --><\/p>\n<li>Brez FRP zaklepa<\/li>\n<p><!-- \/wp:list-item --><\/p>\n<p><!-- wp:list-item --><\/p>\n<li>Uspe\u0161no opravljen 30-to\u010dkovni programski in strojni test<\/li>\n<p><!-- \/wp:list-item --><\/ul>\n<p><!-- \/wp:list --><\/p>\n<p><!-- wp:paragraph --><\/p>\n<p>Odli\u010dna izbira za kupce, ki \u017eelijo zelo dobro ohranjeno napravo po ugodnej\u0161i ceni.<\/p>\n<p><!-- \/wp:paragraph --><\/p>\n<p><!-- wp:separator --><\/p>\n<hr class=\"wp-block-separator has-alpha-channel-opacity\"\/>\n<!-- \/wp:separator --><\/p>\n\n","protected":false},"excerpt":{"rendered":"[code_snippet id=6 format name=\"Kratek opis\"]\n","protected":false},"featured_media":1443,"template":"","meta":[],"product_brand":[],"product_cat":[87],"product_tag":[],"class_list":{"0":"post-8439","1":"product","2":"type-product","3":"status-publish","4":"has-post-thumbnail","6":"product_cat-samsung","8":"first","9":"instock","10":"taxable","11":"shipping-taxable","12":"purchasable","13":"product-type-variable"},"_links":{"self":[{"href":"https:\/\/pracek.si\/rabljeni-telefoni\/wp-json\/wp\/v2\/product\/8439","targetHints":{"allow":["GET"]}}],"collection":[{"href":"https:\/\/pracek.si\/rabljeni-telefoni\/wp-json\/wp\/v2\/product"}],"about":[{"href":"https:\/\/pracek.si\/rabljeni-telefoni\/wp-json\/wp\/v2\/types\/product"}],"wp:featuredmedia":[{"embeddable":true,"href":"https:\/\/pracek.si\/rabljeni-telefoni\/wp-json\/wp\/v2\/media\/1443"}],"wp:attachment":[{"href":"https:\/\/pracek.si\/rabljeni-telefoni\/wp-json\/wp\/v2\/media?parent=8439"}],"wp:term":[{"taxonomy":"product_brand","embeddable":true,"href":"https:\/\/pracek.si\/rabljeni-telefoni\/wp-json\/wp\/v2\/product_brand?post=8439"},{"taxonomy":"product_cat","embeddable":true,"href":"https:\/\/pracek.si\/rabljeni-telefoni\/wp-json\/wp\/v2\/product_cat?post=8439"},{"taxonomy":"product_tag","embeddable":true,"href":"https:\/\/pracek.si\/rabljeni-telefoni\/wp-json\/wp\/v2\/product_tag?post=8439"}],"curies":[{"name":"wp","href":"https:\/\/api.w.org\/{rel}","templated":true}]}}