{"id":100000,"date":"2026-04-04T10:18:04","date_gmt":"2026-04-04T09:18:04","guid":{"rendered":"https:\/\/pracek.si\/racunalniskatrgovina\/izdelek\/racunalnik-hp-eliteone-840-g9-aio-i5-ram-16-gb-ssd-disk-3\/"},"modified":"2026-04-04T10:18:08","modified_gmt":"2026-04-04T09:18:08","slug":"racunalnik-hp-eliteone-840-g9-aio-i5-ram-16-gb-ssd-disk","status":"publish","type":"product","link":"https:\/\/pracek.si\/racunalniskatrgovina\/izdelek\/racunalnik-hp-eliteone-840-g9-aio-i5-ram-16-gb-ssd-disk\/","title":{"rendered":"Ra\u010dunalnik HP EliteOne 840 G9 AiO \/ i5 \/ RAM 16 GB \/ SSD Disk"},"content":{"rendered":"<p>Elegantno zasnovan ra\u010dunalnik HP EliteOne 840 G9 AiO zdru\u017euje vrhunsko tehnologijo in estetsko dovr\u0161enost, kar omogo\u010da enostaven prehod med delom in zabavo. Zasnovan za vse, ki cenijo zmogljivost in zanesljivost v elegantnem, kompaktnem paketu.<\/p>\n<p>&lt;H2&gt;Najve\u010dje prednosti&lt;\/H2&gt;<br \/>\n&lt;ul&gt;<br \/>\n  &lt;li&gt;&lt;b&gt;Kompaktna zasnova:&lt;\/b&gt; Namizni ra\u010dunalnik s 23,8-pal\u010dnim FHD zaslonom se odli\u010dno prilega vsakemu delovnemu prostoru.&lt;\/li&gt;<br \/>\n  &lt;li&gt;&lt;b&gt;Odli\u010dna zmogljivost:&lt;\/b&gt; S hitrim I5 procesorjem v kombinaciji z visokohitrostnim RAM-om omogo\u010da brezhibno delovanje tudi ob zahtevnih opravilih.&lt;\/li&gt;<br \/>\n  &lt;li&gt;&lt;b&gt;Zmogljivo pomnilni\u0161ko shranjevanje:&lt;\/b&gt; Dvojni NVMe SSD diski zagotavljajo bliskovite hitrosti prenosa podatkov.&lt;\/li&gt;<br \/>\n&lt;\/ul&gt;<\/p>\n<p>&lt;H2&gt;Kdo kupuje ta izdelek&lt;\/H2&gt;<br \/>\nRa\u010dunalnik HP EliteOne 840 G9 AiO je idealen za razli\u010dne uporabnike, vklju\u010dno s profesionalci, ki potrebujejo zanesljivo delovno orodje, ter doma\u010dimi uporabniki, ki i\u0161\u010dejo zmogljiv medijski center. Je odli\u010dna izbira za tiste, ki \u017eelijo eleganten videz delovno-kreativnega prostora brez kompromisov pri zmogljivosti.<\/p>\n<p>&lt;H2&gt;Mo\u017enosti nadgradnje&lt;\/H2&gt;<br \/>\nTa ra\u010dunalnik omogo\u010da nadgradnje, kar zagotavlja dolgoro\u010dno uporabnost. Mo\u017enosti nadgradnje pomnilnika in diska vam omogo\u010dajo prilagoditev naprave va\u0161im spreminjajo\u010dim se potrebam. &lt;b&gt;Pred izvedbo nadgradnje se vedno posvetujte s strokovnjakom.&lt;\/b&gt;<\/p>\n<p>&lt;H2&gt;Zakaj izbrati obnovljeno napravo&lt;\/H2&gt;<br \/>\nOdlo\u010ditev za obnovljen ra\u010dunalnik prina\u0161a \u0161tevilne prednosti. Strokovno obnovljen HP EliteOne 840 G9 AiO gre skozi strog in standardiziran postopek obnove, kar zagotavlja visok standard kakovosti in zanesljivost. Izbira obnovljene naprave pomaga prispevati k bolj trajnostnemu okolju, saj zmanj\u0161uje elektronski odpad, hkrati pa predstavlja odli\u010dno razmerje med ceno in zmogljivostjo.<\/p>\n<p>Z ra\u010dunalnikom HP EliteOne 840 G9 AiO sega eleganca in zmogljivost na vi\u0161jo raven, kar vam omogo\u010da, da iz dneva v dan dosegate svoje cilje z najve\u010djo u\u010dinkovitostjo.&lt;h2&gt;Odprta embala\u017ea&lt;\/h2&gt;&#13;<br \/>\n&lt;p&gt;Skoraj nobenih znakov obrabe. Tovarni\u0161ka kvaliteta. V ve\u010dini primerov gre za prese\u017eek proizvodnje in neprodane zaloge, pri katerih razlike v primerjavi z novimi napravami niso opazne.&lt;\/p&gt;&#13;<\/p>\n","protected":false},"excerpt":{"rendered":"<p>Intel Core i5-12500 (3,0 GHz), 16 GB DDR5-4800, SSD 256 GB PCIe NVMe + SSD 1 TB PCIe NVMe, 60,45 cm (23,8\u2033) FHD (1920&#215;1080) LED, Intel UHD Graphics 770 (IGP), 1x HDMI 2.0a, 1x DisplayPort 1.4, 1x USB-C 3.2 Gen2\u00a0(DisplayPort, 10Gbps), 1x USB-C 3.2 Gen2x2 (20Gbps), 3x USB-A 3.2 Gen2\u00a0(10Gbps), 2x USB-A 3.2 Gen1\u00a0(5Gbp\u200bs), Wi-Fi, Bluetooth,\u00a0Gb LAN, Webcam, No Kbd., FreeDOS<\/p>\n","protected":false},"featured_media":100002,"template":"","meta":[],"product_brand":[26],"product_cat":[1287,1286,1218,1288],"product_tag":[1811],"class_list":{"0":"post-100000","1":"product","2":"type-product","3":"status-publish","4":"has-post-thumbnail","6":"product_brand-hewlett-packard","7":"product_cat-hp-racunalniki","8":"product_cat-priljubljena-iskanja","9":"product_cat-racunalniki","10":"product_cat-racunalniki-i7","11":"product_tag-pp","12":"pa_odgovorna-oseba-v-eu-hp-tehnicna-regulativna-ekipa","14":"first","15":"instock","16":"taxable","17":"shipping-taxable","18":"purchasable","19":"product-type-simple"},"_links":{"self":[{"href":"https:\/\/pracek.si\/racunalniskatrgovina\/wp-json\/wp\/v2\/product\/100000","targetHints":{"allow":["GET"]}}],"collection":[{"href":"https:\/\/pracek.si\/racunalniskatrgovina\/wp-json\/wp\/v2\/product"}],"about":[{"href":"https:\/\/pracek.si\/racunalniskatrgovina\/wp-json\/wp\/v2\/types\/product"}],"version-history":[{"count":1,"href":"https:\/\/pracek.si\/racunalniskatrgovina\/wp-json\/wp\/v2\/product\/100000\/revisions"}],"predecessor-version":[{"id":100001,"href":"https:\/\/pracek.si\/racunalniskatrgovina\/wp-json\/wp\/v2\/product\/100000\/revisions\/100001"}],"wp:featuredmedia":[{"embeddable":true,"href":"https:\/\/pracek.si\/racunalniskatrgovina\/wp-json\/wp\/v2\/media\/100002"}],"wp:attachment":[{"href":"https:\/\/pracek.si\/racunalniskatrgovina\/wp-json\/wp\/v2\/media?parent=100000"}],"wp:term":[{"taxonomy":"product_brand","embeddable":true,"href":"https:\/\/pracek.si\/racunalniskatrgovina\/wp-json\/wp\/v2\/product_brand?post=100000"},{"taxonomy":"product_cat","embeddable":true,"href":"https:\/\/pracek.si\/racunalniskatrgovina\/wp-json\/wp\/v2\/product_cat?post=100000"},{"taxonomy":"product_tag","embeddable":true,"href":"https:\/\/pracek.si\/racunalniskatrgovina\/wp-json\/wp\/v2\/product_tag?post=100000"}],"curies":[{"name":"wp","href":"https:\/\/api.w.org\/{rel}","templated":true}]}}