{"id":100008,"date":"2026-04-04T10:18:04","date_gmt":"2026-04-04T09:18:04","guid":{"rendered":"https:\/\/pracek.si\/racunalniskatrgovina\/izdelek\/racunalnik-hp-proone-240-g10-aio-i7-1355u-16gb-ram-freedos-i7-ram-16-gb-ssd-disk\/"},"modified":"2026-04-04T10:18:10","modified_gmt":"2026-04-04T09:18:10","slug":"racunalnik-hp-proone-240-g10-aio-i7-1355u-16gb-ram-freedos-i7-ram-16-gb-ssd-disk","status":"publish","type":"product","link":"https:\/\/pracek.si\/racunalniskatrgovina\/izdelek\/racunalnik-hp-proone-240-g10-aio-i7-1355u-16gb-ram-freedos-i7-ram-16-gb-ssd-disk\/","title":{"rendered":"Ra\u010dunalnik HP ProOne 240 G10 AiO | i7-1355U | 16GB RAM | FreeDOS \/ i7 \/ RAM 16 GB \/ SSD Disk"},"content":{"rendered":"<p>HP ProOne 240 G10 AiO je izjemno vsestranski ra\u010dunalnik, zasnovan za u\u010dinkovito delo in stil. Ta elegantna naprava zdru\u017euje zmogljivost in prostor, ki ga potrebujete za izvrstno delovanje, vse to v kompaktni obliki.<\/p>\n<p>&lt;H2&gt;Najve\u010dje prednosti&lt;\/H2&gt;<br \/>\n&lt;ul&gt;<br \/>\n  &lt;li&gt;23,8-pal\u010dni FHD zaslon zagotavlja kristalno jasne slike, primerne za vsakodnevno uporabo in ustvarjalno delo.&lt;\/li&gt;<br \/>\n  &lt;li&gt;Zmogljiv procesor z najnovej\u0161o tehnolo\u0161ko arhitekturo.&lt;\/li&gt;<br \/>\n  &lt;li&gt;&lt;b&gt;Hiter SSD disk s tehnologijo NVMe&lt;\/b&gt;, ki pospe\u0161i nalaganje sistemskih in uporabni\u0161kih aplikacij.&lt;\/li&gt;<br \/>\n  &lt;li&gt;Najnovej\u0161i standardi za povezljivost z Wi-Fi 6 in Bluetooth 5.3 za nemoteno komunikacijo.&lt;\/li&gt;<br \/>\n  &lt;li&gt;Prefinjen dizajn, ki prihrani prostor na va\u0161i delovni mizi.&lt;\/li&gt;<br \/>\n&lt;\/ul&gt;<\/p>\n<p>&lt;H2&gt;Kdo kupuje ta izdelek&lt;\/H2&gt;<br \/>\nRa\u010dunalnik HP ProOne 240 G10 AiO je zasnovan za profesionalce, ki potrebujejo zanesljivo napravo za pisarni\u0161ko delo, kreativne projekte in poslovno analitiko. Je tudi odli\u010dna izbira za dru\u017eine, ki i\u0161\u010dejo vse-v-enem re\u0161itev za doma\u010do uporabo, saj zagotavlja enostavno uporabo in ve\u010dnamenskost.<\/p>\n<p>&lt;H2&gt;Mo\u017enosti nadgradnje&lt;\/H2&gt;<br \/>\nEna izmed odli\u010dnih zna\u010dilnosti HP ProOne 240 G10 AiO je mo\u017enost prilagoditve. Napravo je mogo\u010de nadgraditi z dodatnim pomnilnikom ali diskovnim prostorom, da dose\u017eete \u0161e bolj\u0161o zmogljivost. Pred izvedbo nadgradnje se vedno posvetujte s strokovnjakom.<\/p>\n<p>&lt;H2&gt;Zakaj izbrati obnovljeno napravo&lt;\/H2&gt;<br \/>\nIzbira obnovljenega ra\u010dunalnika HP ProOne 240 G10 AiO prina\u0161a \u0161tevilne prednosti. Vsaka naprava gre skozi temeljit postopek obnove, ki vklju\u010duje pregled in testiranje vseh funkcionalnosti. Obnovljene naprave so podvr\u017eene na\u0161emu standardiziranemu sistemu kakovostnih ocen, ki zagotavlja, da dobite izdelek, ki ustreza visokim standardom. Poleg tega je nakup obnovljene naprave trajnostna izbira, ki prispeva k zmanj\u0161anju e-odpadkov in podpira kro\u017eno gospodarstvo.<\/p>\n<p>S tem ra\u010dunalnikom pridobite ne le zmogljivo napravo, temve\u010d tudi vrednostno ponudbo, ki deluje za vas in va\u0161o prihodnost.&lt;h2&gt;Odprta embala\u017ea&lt;\/h2&gt;&#13;<br \/>\n&lt;p&gt;Skoraj nobenih znakov obrabe. Tovarni\u0161ka kvaliteta. V ve\u010dini primerov gre za prese\u017eek proizvodnje in neprodane zaloge, pri katerih razlike v primerjavi z novimi napravami niso opazne.&lt;\/p&gt;&#13;<\/p>\n","protected":false},"excerpt":{"rendered":"<p>Intel Core i7-1355U (1,7 GHz), 16 GB\u00a0DDR4-3200, SSD 512 GB PCIe NVMe, Intel Iris Xe Graphics (IGP), Wi-Fi 6, Bluetooth 5.3, 60,5 cm (23,8&#8243;) FHD (1920&#215;1080) AG LED, HDMI 1.4, 1x USB-C 3.2 Gen1 (5Gbps), 2x USB-A 3.2 Gen1\u00a0(5Gbps), 2x USB-A 2.0, Free DOS<\/p>\n","protected":false},"featured_media":101074,"template":"","meta":[],"product_brand":[26],"product_cat":[1287,1286,1218,1957,1961],"product_tag":[1811],"class_list":{"0":"post-100008","1":"product","2":"type-product","3":"status-publish","4":"has-post-thumbnail","6":"product_brand-hewlett-packard","7":"product_cat-hp-racunalniki","8":"product_cat-priljubljena-iskanja","9":"product_cat-racunalniki","10":"product_cat-racunalniki-za-domaco-uporabo","11":"product_cat-racunalniki-za-poslovno-uporabo","12":"product_tag-pp","13":"pa_odgovorna-oseba-v-eu-hp-tehnicna-regulativna-ekipa","15":"first","16":"instock","17":"taxable","18":"shipping-taxable","19":"purchasable","20":"product-type-simple"},"_links":{"self":[{"href":"https:\/\/pracek.si\/racunalniskatrgovina\/wp-json\/wp\/v2\/product\/100008","targetHints":{"allow":["GET"]}}],"collection":[{"href":"https:\/\/pracek.si\/racunalniskatrgovina\/wp-json\/wp\/v2\/product"}],"about":[{"href":"https:\/\/pracek.si\/racunalniskatrgovina\/wp-json\/wp\/v2\/types\/product"}],"version-history":[{"count":1,"href":"https:\/\/pracek.si\/racunalniskatrgovina\/wp-json\/wp\/v2\/product\/100008\/revisions"}],"predecessor-version":[{"id":100009,"href":"https:\/\/pracek.si\/racunalniskatrgovina\/wp-json\/wp\/v2\/product\/100008\/revisions\/100009"}],"wp:featuredmedia":[{"embeddable":true,"href":"https:\/\/pracek.si\/racunalniskatrgovina\/wp-json\/wp\/v2\/media\/101074"}],"wp:attachment":[{"href":"https:\/\/pracek.si\/racunalniskatrgovina\/wp-json\/wp\/v2\/media?parent=100008"}],"wp:term":[{"taxonomy":"product_brand","embeddable":true,"href":"https:\/\/pracek.si\/racunalniskatrgovina\/wp-json\/wp\/v2\/product_brand?post=100008"},{"taxonomy":"product_cat","embeddable":true,"href":"https:\/\/pracek.si\/racunalniskatrgovina\/wp-json\/wp\/v2\/product_cat?post=100008"},{"taxonomy":"product_tag","embeddable":true,"href":"https:\/\/pracek.si\/racunalniskatrgovina\/wp-json\/wp\/v2\/product_tag?post=100008"}],"curies":[{"name":"wp","href":"https:\/\/api.w.org\/{rel}","templated":true}]}}