{"id":100010,"date":"2026-04-04T10:18:04","date_gmt":"2026-04-04T09:18:04","guid":{"rendered":"https:\/\/pracek.si\/racunalniskatrgovina\/izdelek\/racunalnik-hp-proone-240-g10-aio-i7-1355u-16gb-ram-w10p-i7-ram-16-gb-ssd-disk\/"},"modified":"2026-04-04T10:18:11","modified_gmt":"2026-04-04T09:18:11","slug":"racunalnik-hp-proone-240-g10-aio-i7-1355u-16gb-ram-w10p-i7-ram-16-gb-ssd-disk","status":"publish","type":"product","link":"https:\/\/pracek.si\/racunalniskatrgovina\/izdelek\/racunalnik-hp-proone-240-g10-aio-i7-1355u-16gb-ram-w10p-i7-ram-16-gb-ssd-disk\/","title":{"rendered":"Ra\u010dunalnik HP ProOne 240 G10 AiO | i7-1355U | 16GB RAM | W10P \/ i7 \/ RAM 16 GB \/ SSD Disk"},"content":{"rendered":"<p>Ra\u010dunalnik HP ProOne 240 G10 AiO je elegantna in zmogljiva re\u0161itev za doma\u010do ali poslovno uporabo. S svojo osupljivo 23,8-pal\u010dno FHD matirano LED zaslonsko plo\u0161\u010do nudi odli\u010dno vizualno izku\u0161njo ter se odli\u010dno prilega v vsak prostor.<\/p>\n<p>&lt;H2&gt;Najve\u010dje prednosti&lt;\/H2&gt;<br \/>\nTa ra\u010dunalnik se pona\u0161a z zmogljivim procesorjem, ki zagotavlja &lt;b&gt;hitro in zanesljivo&lt;\/b&gt; delovanje. Z integrirano grafiko in podporo za Wi-Fi 6 ter Bluetooth 5.3 boste vedno povezani. Pomembne specifikacije vklju\u010dujejo tudi &lt;ul&gt; &lt;li&gt;ve\u010djezi\u010dne povezave preko HDMI in USB&lt;\/li&gt; &lt;li&gt;enostavno povezovanje s perifernimi napravami&lt;\/li&gt; &lt;li&gt;hiter dostop do podatkov, zahvaljujo\u010d SSD disku tipa NVMe, ki omogo\u010da izjemno hitro branje in zapisovanje podatkov&lt;\/li&gt; &lt;\/ul&gt;.<\/p>\n<p>&lt;H2&gt;Kdo kupuje ta izdelek&lt;\/H2&gt;<br \/>\nHP ProOne 240 G10 AiO je idealen za podjetnike, doma\u010de pisarne in uporabnike, ki potrebujejo &lt;b&gt;mo\u010dno in vsestransko napravo&lt;\/b&gt; za osebno ali profesionalno uporabo. Primeren je za tiste, ki i\u0161\u010dejo zanesljiv sistem za produktivnost, multimedijo in zahtevno ve\u010dopravilnost.<\/p>\n<p>&lt;H2&gt;Mo\u017enosti nadgradnje&lt;\/H2&gt;<br \/>\nHP ProOne 240 G10 AiO omogo\u010da nadgradnjo diska in pomnilnika, kar vam bo pomagalo uresni\u010diti va\u0161e prihodnje potrebe. To pomeni, da lahko zlahka pove\u010date kapaciteto shranjevanja ali zmogljivost, kadar koli to potrebujete. &lt;b&gt;Pred izvedbo nadgradnje se vedno posvetujte s strokovnjakom.&lt;\/b&gt;<\/p>\n<p>&lt;H2&gt;Zakaj izbrati obnovljeno napravo&lt;\/H2&gt;<br \/>\nObnovljeni ra\u010dunalniki ponujajo &lt;b&gt;odli\u010dno vrednost za denar&lt;\/b&gt;, \u0161e posebej za tiste, ki \u017eelijo izkoristiti prednosti zmogljive strojne opreme po dostopni ceni. Proces obnove vklju\u010duje skrbno preverjanje kakovosti, kar zagotavlja visoke standarde delovanja in zanesljivosti. Izbira obnovljene naprave prispeva tudi k okoljski trajnosti, saj zmanj\u0161uje elektronske odpadke s ponovnim vstopom naprav v uporabo.<\/p>\n<p>\u017delite napravo, ki zdru\u017euje zmogljivost in ekonomi\u010dnost? Potem je ra\u010dunalnik HP ProOne 240 G10 AiO prava izbira za vas.&lt;h2&gt;Odprta embala\u017ea&lt;\/h2&gt;&#13;<br \/>\n&lt;p&gt;Skoraj nobenih znakov obrabe. Tovarni\u0161ka kvaliteta. V ve\u010dini primerov gre za prese\u017eek proizvodnje in neprodane zaloge, pri katerih razlike v primerjavi z novimi napravami niso opazne.&lt;\/p&gt;&#13;<\/p>\n","protected":false},"excerpt":{"rendered":"<p>Intel Core i7-1355U (1,7 GHz), 16 GB\u00a0DDR4-3200, SSD 512 GB PCIe NVMe, Intel Iris Xe Graphics (IGP), Wi-Fi 6, Bluetooth 5.3, 60,5 cm (23,8&#8243;) FHD (1920&#215;1080) AG LED, HDMI 1.4, 1x USB-C 3.2 Gen1 (5Gbps), 2x USB-A 3.2 Gen1\u00a0(5Gbps), 2x USB-A 2.0, Wired Kbd.,\u00a0Microsoft Windows 10 Pro (64-bit)<\/p>\n","protected":false},"featured_media":100012,"template":"","meta":[],"product_brand":[26],"product_cat":[1287,1286,1218,1961],"product_tag":[1811],"class_list":{"0":"post-100010","1":"product","2":"type-product","3":"status-publish","4":"has-post-thumbnail","6":"product_brand-hewlett-packard","7":"product_cat-hp-racunalniki","8":"product_cat-priljubljena-iskanja","9":"product_cat-racunalniki","10":"product_cat-racunalniki-za-poslovno-uporabo","11":"product_tag-pp","12":"pa_odgovorna-oseba-v-eu-hp-tehnicna-regulativna-ekipa","14":"first","15":"instock","16":"taxable","17":"shipping-taxable","18":"purchasable","19":"product-type-simple"},"_links":{"self":[{"href":"https:\/\/pracek.si\/racunalniskatrgovina\/wp-json\/wp\/v2\/product\/100010","targetHints":{"allow":["GET"]}}],"collection":[{"href":"https:\/\/pracek.si\/racunalniskatrgovina\/wp-json\/wp\/v2\/product"}],"about":[{"href":"https:\/\/pracek.si\/racunalniskatrgovina\/wp-json\/wp\/v2\/types\/product"}],"version-history":[{"count":1,"href":"https:\/\/pracek.si\/racunalniskatrgovina\/wp-json\/wp\/v2\/product\/100010\/revisions"}],"predecessor-version":[{"id":100011,"href":"https:\/\/pracek.si\/racunalniskatrgovina\/wp-json\/wp\/v2\/product\/100010\/revisions\/100011"}],"wp:featuredmedia":[{"embeddable":true,"href":"https:\/\/pracek.si\/racunalniskatrgovina\/wp-json\/wp\/v2\/media\/100012"}],"wp:attachment":[{"href":"https:\/\/pracek.si\/racunalniskatrgovina\/wp-json\/wp\/v2\/media?parent=100010"}],"wp:term":[{"taxonomy":"product_brand","embeddable":true,"href":"https:\/\/pracek.si\/racunalniskatrgovina\/wp-json\/wp\/v2\/product_brand?post=100010"},{"taxonomy":"product_cat","embeddable":true,"href":"https:\/\/pracek.si\/racunalniskatrgovina\/wp-json\/wp\/v2\/product_cat?post=100010"},{"taxonomy":"product_tag","embeddable":true,"href":"https:\/\/pracek.si\/racunalniskatrgovina\/wp-json\/wp\/v2\/product_tag?post=100010"}],"curies":[{"name":"wp","href":"https:\/\/api.w.org\/{rel}","templated":true}]}}