{"id":100043,"date":"2026-04-04T10:18:04","date_gmt":"2026-04-04T09:18:04","guid":{"rendered":"https:\/\/pracek.si\/racunalniskatrgovina\/izdelek\/racunalnik-hp-proone-440-g9-aio-i5-14400t-touch-i5-ram-16-gb-ssd-disk\/"},"modified":"2026-04-04T10:18:12","modified_gmt":"2026-04-04T09:18:12","slug":"racunalnik-hp-proone-440-g9-aio-i5-14400t-touch-i5-ram-16-gb-ssd-disk","status":"publish","type":"product","link":"https:\/\/pracek.si\/racunalniskatrgovina\/izdelek\/racunalnik-hp-proone-440-g9-aio-i5-14400t-touch-i5-ram-16-gb-ssd-disk\/","title":{"rendered":"Ra\u010dunalnik HP ProOne 440 G9 AiO | i5-14400T | Touch \/ i5 \/ RAM 16 GB \/ SSD Disk"},"content":{"rendered":"<p>Prenovljeni ra\u010dunalnik HP ProOne 440 G9 AiO zdru\u017euje eleganco in zmogljivost v kompaktni obliki. S svojim 23,8-pal\u010dnim zaslonom na dotik FHD in razli\u010dnimi sodobnimi priklju\u010dki prina\u0161a odli\u010den uporabni\u0161ki vmesnik za vsakodnevne pisarni\u0161ke ali kreativne naloge.<\/p>\n<p>&lt;H2&gt;Najve\u010dje prednosti&lt;\/H2&gt;<br \/>\n&lt;ul&gt;<br \/>\n    &lt;li&gt;Eleganten in kompakten dizajn z 23,8&quot; zaslonom na dotik za izjemno interaktivno izku\u0161njo.&lt;\/li&gt;<br \/>\n    &lt;li&gt;Mo\u010d procesorja I5 v kombinaciji z napredno arhitekturo zagotavlja hitro in odzivno delovanje.&lt;\/li&gt;<br \/>\n    &lt;li&gt;Zanesljiv &lt;b&gt;NVMe&lt;\/b&gt; SSD za hitro pridobivanje podatkov ter izbolj\u0161ane preto\u010dne zmogljivosti.&lt;\/li&gt;<br \/>\n    &lt;li&gt;Vklju\u010dene mo\u017enosti povezovanja, kot so DisplayPort, HDMI, USB-A in USB-C za prilagodljivost pri uporabi razli\u010dnih naprav.&lt;\/li&gt;<br \/>\n    &lt;li&gt;\u0160iroka podpora omre\u017enim in brez\u017ei\u010dnim povezavam z Wi-Fi 6 in Bluetooth 5.3.&lt;\/li&gt;<br \/>\n&lt;\/ul&gt;<\/p>\n<p>&lt;H2&gt;Kdo kupuje ta izdelek&lt;\/H2&gt;<br \/>\nTa ra\u010dunalnik je idealen za poslovne uporabnike, ki i\u0161\u010dejo zanesljivo in kompaktno re\u0161itev za pisarno, kot tudi za doma\u010de uporabnike, ki \u017eelijo zmogljivo napravo za ve\u010dopravilnost in zabavo. Prav tako je privla\u010dna izbira za kreativne profesionalce, ki potrebujejo visoko lo\u010dljivost zaslona za delo z grafi\u010dnimi programi ali video monta\u017eo.<\/p>\n<p>&lt;H2&gt;Mo\u017enosti nadgradnje&lt;\/H2&gt;<br \/>\nRa\u010dunalnik omogo\u010da raz\u0161iritev pomnilnika in nadgradnjo diska, kar prispeva k dolgotrajni uporabnosti in prilagodljivosti naprave. &lt;b&gt;Pred izvedbo nadgradnje se vedno posvetujte s strokovnjakom.&lt;\/b&gt;<\/p>\n<p>&lt;H2&gt;Zakaj izbrati obnovljeno napravo&lt;\/H2&gt;<br \/>\nIzbira prenovljene naprave prina\u0161a ve\u010d prednosti. Ne le, da je stro\u0161kovno u\u010dinkovita, ampak tudi podpira trajnostni na\u010din \u017eivljenja z zmanj\u0161anjem e-odpadkov. Vsaka naprava je skrbno obnovljena s strani strokovnjakov z uporabo standardiziranega sistema kakovostnih ocen, kar zagotavlja izjemno raven u\u010dinkovitosti in zanesljivosti. Z obnovo elektronike prispevamo k zmanj\u0161evanju okolijskega odtisa in podalj\u0161evanju \u017eivljenjske dobe ra\u010dunalnikov.&lt;h2&gt;Odprta embala\u017ea&lt;\/h2&gt;&#13;<br \/>\n&lt;p&gt;Skoraj nobenih znakov obrabe. Tovarni\u0161ka kvaliteta. V ve\u010dini primerov gre za prese\u017eek proizvodnje in neprodane zaloge, pri katerih razlike v primerjavi z novimi napravami niso opazne.&lt;\/p&gt;&#13;<\/p>\n","protected":false},"excerpt":{"rendered":"<p>Intel\u00a0Core i5-14400T (1,5\u00a0GHz), 60,45 cm (23,8\u2033) FHD (1920&#215;1080) Multi-Touch\u00a0LED 60 Hz, 16\u00a0GB DDR5, SSD 256\u00a0GB\u00a0M.2 PCIe NVMe, no ODD\u00a0Intel\u00a0UHD Graphics 730 (IGP), 1x DisplayPort, 1x HDMI 1.4, 3x USB-A 3.2 Gen2 (10Gbps), 1x USB-C 3.2 (10Gbps), 2x USB-A 3.2 Gen1 (5Gbps), Wi-Fi 6, Bluetooth 5.3, Gb LAN, Webcam, Wired Kbd.,\u00a0Microsoft Windows 11 Pro (64-bit)<\/p>\n","protected":false},"featured_media":100045,"template":"","meta":[],"product_brand":[26],"product_cat":[1287,1286,1218,1288,1957,1961],"product_tag":[1811],"class_list":{"0":"post-100043","1":"product","2":"type-product","3":"status-publish","4":"has-post-thumbnail","6":"product_brand-hewlett-packard","7":"product_cat-hp-racunalniki","8":"product_cat-priljubljena-iskanja","9":"product_cat-racunalniki","10":"product_cat-racunalniki-i7","11":"product_cat-racunalniki-za-domaco-uporabo","12":"product_cat-racunalniki-za-poslovno-uporabo","13":"product_tag-pp","14":"pa_odgovorna-oseba-v-eu-hp-tehnicna-regulativna-ekipa","16":"first","17":"instock","18":"taxable","19":"shipping-taxable","20":"purchasable","21":"product-type-simple"},"_links":{"self":[{"href":"https:\/\/pracek.si\/racunalniskatrgovina\/wp-json\/wp\/v2\/product\/100043","targetHints":{"allow":["GET"]}}],"collection":[{"href":"https:\/\/pracek.si\/racunalniskatrgovina\/wp-json\/wp\/v2\/product"}],"about":[{"href":"https:\/\/pracek.si\/racunalniskatrgovina\/wp-json\/wp\/v2\/types\/product"}],"version-history":[{"count":1,"href":"https:\/\/pracek.si\/racunalniskatrgovina\/wp-json\/wp\/v2\/product\/100043\/revisions"}],"predecessor-version":[{"id":100044,"href":"https:\/\/pracek.si\/racunalniskatrgovina\/wp-json\/wp\/v2\/product\/100043\/revisions\/100044"}],"wp:featuredmedia":[{"embeddable":true,"href":"https:\/\/pracek.si\/racunalniskatrgovina\/wp-json\/wp\/v2\/media\/100045"}],"wp:attachment":[{"href":"https:\/\/pracek.si\/racunalniskatrgovina\/wp-json\/wp\/v2\/media?parent=100043"}],"wp:term":[{"taxonomy":"product_brand","embeddable":true,"href":"https:\/\/pracek.si\/racunalniskatrgovina\/wp-json\/wp\/v2\/product_brand?post=100043"},{"taxonomy":"product_cat","embeddable":true,"href":"https:\/\/pracek.si\/racunalniskatrgovina\/wp-json\/wp\/v2\/product_cat?post=100043"},{"taxonomy":"product_tag","embeddable":true,"href":"https:\/\/pracek.si\/racunalniskatrgovina\/wp-json\/wp\/v2\/product_tag?post=100043"}],"curies":[{"name":"wp","href":"https:\/\/api.w.org\/{rel}","templated":true}]}}