{"id":100061,"date":"2026-04-04T10:18:13","date_gmt":"2026-04-04T09:18:13","guid":{"rendered":"https:\/\/pracek.si\/racunalniskatrgovina\/izdelek\/racunalnik-hp-proone-440-g9-nt-aio-i5-14500t-16gb-ram-512gb-ssd-i5-ram-16-gb-ssd-disk\/"},"modified":"2026-04-04T10:18:17","modified_gmt":"2026-04-04T09:18:17","slug":"racunalnik-hp-proone-440-g9-nt-aio-i5-14500t-16gb-ram-512gb-ssd-i5-ram-16-gb-ssd-disk","status":"publish","type":"product","link":"https:\/\/pracek.si\/racunalniskatrgovina\/izdelek\/racunalnik-hp-proone-440-g9-nt-aio-i5-14500t-16gb-ram-512gb-ssd-i5-ram-16-gb-ssd-disk\/","title":{"rendered":"Ra\u010dunalnik HP ProOne 440 G9 NT AiO | i5-14500T | 16GB RAM | 512GB SSD \/ i5 \/ RAM 16 GB \/ SSD Disk"},"content":{"rendered":"<p>HP ProOne 440 G9 NT AiO je sodobna enota vse-v-enem, ki zdru\u017euje estetski dizajn in zmogljivo delovanje. Ta ra\u010dunalnik je zasnovan za tiste, ki cenijo prostor in \u017eelijo brezhibno delovno postajo brez odve\u010dnih kablov. Prilega se skoraj vsakemu delovnemu okolju, od doma\u010dih pisarn do profesionalnih delovnih prostorov.<\/p>\n<p>&lt;H2&gt;Najve\u010dje prednosti&lt;\/H2&gt;<\/p>\n<p>&lt;b&gt;Oblika in funkcionalnost&lt;\/b&gt;:<br \/>\n&lt;ul&gt;<br \/>\n    &lt;li&gt;Kompakten vse-v-enem dizajn prihrani prostor in zmanj\u0161a nered na delovni mizi.&lt;\/li&gt;<br \/>\n    &lt;li&gt;Velik, 23,8-pal\u010dni FHD zaslon zagotavlja jasno in \u017eivahno sliko, kar je idealno za delo in sprostitev.&lt;\/li&gt;<br \/>\n    &lt;li&gt;Hiter NVMe disk zagotavlja bliskovito hitrost delovanja in omogo\u010da hitrej\u0161e nalaganje aplikacij.&lt;\/li&gt;<br \/>\n&lt;\/ul&gt;<\/p>\n<p>&lt;b&gt;Povezljivost in dostopnost&lt;\/b&gt;:<br \/>\n&lt;ul&gt;<br \/>\n    &lt;li&gt;\u0160iroka paleta priklju\u010dkov, vklju\u010dno z ve\u010d USB vhod-i, DisplayPort in HDMI, omogo\u010da enostavno povezovanje z drugimi napravami.&lt;\/li&gt;<br \/>\n    &lt;li&gt;Podpora za Wi-Fi 6E in Bluetooth 5.3 omogo\u010da hitro in zanesljivo brez\u017ei\u010dno povezavo.&lt;\/li&gt;<br \/>\n&lt;\/ul&gt;<\/p>\n<p>&lt;H2&gt;Kdo kupuje ta izdelek&lt;\/H2&gt;<\/p>\n<p>Ta naprava je idealna za profesionalce, ki potrebujejo zanesljivo delovno postajo, ki lahko brez te\u017eav opravlja ve\u010dopravilnost. Prav tako je odli\u010dna izbira za \u0161tudente in tiste, ki delajo od doma, saj ponuja mo\u010dne zmogljivosti in eleganten videz, ki dopolnjuje vsako okolje.<\/p>\n<p>&lt;H2&gt;Mo\u017enosti nadgradnje&lt;\/H2&gt;<\/p>\n<p>Z mo\u017enostjo nadgradnje pomnilnika in shranjevanja lahko ta ra\u010dunalnik sledi va\u0161im potrebam po ve\u010dji zmogljivosti. Pred izvedbo nadgradnje se vedno posvetujte s strokovnjakom.<\/p>\n<p>&lt;H2&gt;Zakaj izbrati obnovljeno napravo&lt;\/H2&gt;<\/p>\n<p>Izbira obnovljene naprave prina\u0161a \u0161tevilne prednosti. Obnovljeni ra\u010dunalniki so podvr\u017eeni strogemu sistemu kakovostnih ocen, kar zagotavlja, da prejmete napravo, ki je skoraj kot nova. Strokovna storitev obnove zagotavlja optimalno delovanje z minimalnim vplivom na okolje. Poleg tega lahko pridobite vrhunsko tehnologijo po bolj dostopni ceni, zaradi \u010desar je to privla\u010dna izbira za vse, ki \u017eelijo zdru\u017eiti kakovost in ekonomi\u010dnost.&lt;h2&gt;Odprta embala\u017ea&lt;\/h2&gt;&#13;<br \/>\n&lt;p&gt;Skoraj nobenih znakov obrabe. Tovarni\u0161ka kvaliteta. V ve\u010dini primerov gre za prese\u017eek proizvodnje in neprodane zaloge, pri katerih razlike v primerjavi z novimi napravami niso opazne.&lt;\/p&gt;&#13;<\/p>\n","protected":false},"excerpt":{"rendered":"<p>Intel Core i5-14500T (1,7 GHz), 60,45 cm (23,8&#8221;) FHD (1920&#215;1080) AG LED, 16\u00a0GB DDR5-4800, SSD 512 GB M.2 PCIe NVMe, Intel\u00ae UHD Graphics 770 (IGP), 1x DisplayPort, 1x HDMI, no ODD, 3x USB-A 3.2 (Gen2 10Gbps), 1x USB-C 3.2 (10Gbps), 2x USB-A 3.2 Gen1 (5Gbps), Wi-Fi 6E, Bluetooth 5.3, Gb LAN, Webcam, Microsoft Windows 11 Pro (64-bit)<\/p>\n","protected":false},"featured_media":100063,"template":"","meta":[],"product_brand":[26],"product_cat":[1287,1286,1218,1288,1957,1961],"product_tag":[1811],"class_list":{"0":"post-100061","1":"product","2":"type-product","3":"status-publish","4":"has-post-thumbnail","6":"product_brand-hewlett-packard","7":"product_cat-hp-racunalniki","8":"product_cat-priljubljena-iskanja","9":"product_cat-racunalniki","10":"product_cat-racunalniki-i7","11":"product_cat-racunalniki-za-domaco-uporabo","12":"product_cat-racunalniki-za-poslovno-uporabo","13":"product_tag-pp","14":"pa_odgovorna-oseba-v-eu-hp-tehnicna-regulativna-ekipa","16":"first","17":"instock","18":"taxable","19":"shipping-taxable","20":"purchasable","21":"product-type-simple"},"_links":{"self":[{"href":"https:\/\/pracek.si\/racunalniskatrgovina\/wp-json\/wp\/v2\/product\/100061","targetHints":{"allow":["GET"]}}],"collection":[{"href":"https:\/\/pracek.si\/racunalniskatrgovina\/wp-json\/wp\/v2\/product"}],"about":[{"href":"https:\/\/pracek.si\/racunalniskatrgovina\/wp-json\/wp\/v2\/types\/product"}],"version-history":[{"count":1,"href":"https:\/\/pracek.si\/racunalniskatrgovina\/wp-json\/wp\/v2\/product\/100061\/revisions"}],"predecessor-version":[{"id":100062,"href":"https:\/\/pracek.si\/racunalniskatrgovina\/wp-json\/wp\/v2\/product\/100061\/revisions\/100062"}],"wp:featuredmedia":[{"embeddable":true,"href":"https:\/\/pracek.si\/racunalniskatrgovina\/wp-json\/wp\/v2\/media\/100063"}],"wp:attachment":[{"href":"https:\/\/pracek.si\/racunalniskatrgovina\/wp-json\/wp\/v2\/media?parent=100061"}],"wp:term":[{"taxonomy":"product_brand","embeddable":true,"href":"https:\/\/pracek.si\/racunalniskatrgovina\/wp-json\/wp\/v2\/product_brand?post=100061"},{"taxonomy":"product_cat","embeddable":true,"href":"https:\/\/pracek.si\/racunalniskatrgovina\/wp-json\/wp\/v2\/product_cat?post=100061"},{"taxonomy":"product_tag","embeddable":true,"href":"https:\/\/pracek.si\/racunalniskatrgovina\/wp-json\/wp\/v2\/product_tag?post=100061"}],"curies":[{"name":"wp","href":"https:\/\/api.w.org\/{rel}","templated":true}]}}