{"id":100084,"date":"2026-04-04T10:18:13","date_gmt":"2026-04-04T09:18:13","guid":{"rendered":"https:\/\/pracek.si\/racunalniskatrgovina\/izdelek\/racunalnik-hp-proone-240-g10-aio-i7-1355u-16gb-ram-w11-pro-i7-ram-16-gb-ssd-disk\/"},"modified":"2026-04-04T10:18:18","modified_gmt":"2026-04-04T09:18:18","slug":"racunalnik-hp-proone-240-g10-aio-i7-1355u-16gb-ram-w11-pro-i7-ram-16-gb-ssd-disk","status":"publish","type":"product","link":"https:\/\/pracek.si\/racunalniskatrgovina\/izdelek\/racunalnik-hp-proone-240-g10-aio-i7-1355u-16gb-ram-w11-pro-i7-ram-16-gb-ssd-disk\/","title":{"rendered":"Ra\u010dunalnik HP ProOne 240 G10 AiO | i7-1355U | 16GB RAM | W11 Pro \/ i7 \/ RAM 16 GB \/ SSD Disk"},"content":{"rendered":"<p>Ra\u010dunalnik HP ProOne 240 G10 AiO je elegantna vse-v-enem re\u0161itev, zasnovana za sodobna delovna okolja. Zmogljiv procesor, hitra grafika ter izjemna povezljivost zagotavljajo, da boste lahko u\u010dinkovito opravili vse delovne naloge. Poleg tega impresivna velikost zaslona in ostre FHD lo\u010dljivosti nudijo izvrstno vizualno izku\u0161njo.<\/p>\n<p>&lt;H2&gt;Najve\u010dje prednosti&lt;\/H2&gt;<br \/>\n&lt;ul&gt;<br \/>\n&lt;li&gt;Vse-v-enem dizajn, ki prihrani prostor in poenostavi postavitev.&lt;\/li&gt;<br \/>\n&lt;li&gt;23,8-pal\u010dni FHD zaslon, ki omogo\u010da jasen prikaz slik in dokumentov.&lt;\/li&gt;<br \/>\n&lt;li&gt;Visoka hitrost prenosa podatkov z vmesniki USB 3.2 Gen1.&lt;\/li&gt;<br \/>\n&lt;li&gt;Intel vgrajen grafi\u010dni procesor zagotavlja teko\u010de delovanje vizualnih aplikacij.&lt;\/li&gt;<br \/>\n&lt;li&gt;&lt;b&gt;PCIe NVMe SSD&lt;\/b&gt; z izjemno hitrostjo dostopa do podatkov za pospe\u0161eno delovanje.&lt;\/li&gt;<br \/>\n&lt;li&gt;Povezljivost s tehnologijama Wi-Fi 6 in Bluetooth 5.3 za brezprane brez\u017ei\u010dne izku\u0161nje.&lt;\/li&gt;<br \/>\n&lt;\/ul&gt;<\/p>\n<p>&lt;H2&gt;Kdo kupuje ta izdelek&lt;\/H2&gt;<br \/>\nRa\u010dunalnik je idealen za poslovne uporabnike, ki potrebujejo &lt;b&gt;zanesljivost&lt;\/b&gt; in &lt;b&gt;u\u010dinkovitost&lt;\/b&gt; v pisarni\u0161kem okolju. Zaradi svoje zmogljivosti in elegantne zasnove je primeren tudi za uporabo v javnih prostorih in manj\u0161ih podjetjih.<\/p>\n<p>&lt;H2&gt;Mo\u017enosti nadgradnje&lt;\/H2&gt;<br \/>\nZa tiste, ki \u017eelijo \u0161e izbolj\u0161ati zmogljivost, omogo\u010da nadgradnjo pomnilnika in diskov. Pred izvedbo nadgradnje se vedno posvetujte s strokovnjakom.<\/p>\n<p>&lt;H2&gt;Zakaj izbrati obnovljeno napravo&lt;\/H2&gt;<br \/>\nIzbira obnovljene naprave pomeni varnost in kakovost po dostopnej\u0161i ceni. Te naprave so bile strokovno prenovljene in testirane za zagotavljanje visokih standardov delovanja po standardiziranem sistemu kakovostnih ocen. Nakup obnovljene naprave tudi pripomore k trajnostnemu ravnanju z naravnimi viri, saj podalj\u0161uje \u017eivljenjsko dobo elektronskih naprav nad odpadki, ki bi druga\u010de kon\u010dali v okolju.<\/p>\n<p>S HP ProOne 240 G10 dobite popolno ravnovesje med funkcionalnostjo in vrednostjo, hkrati pa prispevate k ohranjanju okolja.&lt;h2&gt;Odprta embala\u017ea&lt;\/h2&gt;&#13;<br \/>\n&lt;p&gt;Skoraj nobenih znakov obrabe. Tovarni\u0161ka kvaliteta. V ve\u010dini primerov gre za prese\u017eek proizvodnje in neprodane zaloge, pri katerih razlike v primerjavi z novimi napravami niso opazne.&lt;\/p&gt;&#13;<\/p>\n","protected":false},"excerpt":{"rendered":"<p>Intel Core i7-1355U (1,7 GHz), 16 GB\u00a0DDR4-3200, SSD 512 GB PCIe NVMe, Intel Iris Xe Graphics (IGP), Wi-Fi 6, Bluetooth 5.3, 60,5 cm (23,8&#8243;) FHD (1920&#215;1080) AG LED, HDMI 1.4, 1x USB-C 3.2 Gen1 (5Gbps), 2x USB-A 3.2 Gen1\u00a0(5Gbps), 2x USB-A 2.0, Wired Kbd.,\u00a0Microsoft Windows 11\u00a0Pro (64-bit)<\/p>\n","protected":false},"featured_media":100086,"template":"","meta":[],"product_brand":[26],"product_cat":[1287,1286,1218,1957,1961],"product_tag":[1811],"class_list":{"0":"post-100084","1":"product","2":"type-product","3":"status-publish","4":"has-post-thumbnail","6":"product_brand-hewlett-packard","7":"product_cat-hp-racunalniki","8":"product_cat-priljubljena-iskanja","9":"product_cat-racunalniki","10":"product_cat-racunalniki-za-domaco-uporabo","11":"product_cat-racunalniki-za-poslovno-uporabo","12":"product_tag-pp","13":"pa_odgovorna-oseba-v-eu-hp-tehnicna-regulativna-ekipa","15":"first","16":"instock","17":"taxable","18":"shipping-taxable","19":"purchasable","20":"product-type-simple"},"_links":{"self":[{"href":"https:\/\/pracek.si\/racunalniskatrgovina\/wp-json\/wp\/v2\/product\/100084","targetHints":{"allow":["GET"]}}],"collection":[{"href":"https:\/\/pracek.si\/racunalniskatrgovina\/wp-json\/wp\/v2\/product"}],"about":[{"href":"https:\/\/pracek.si\/racunalniskatrgovina\/wp-json\/wp\/v2\/types\/product"}],"version-history":[{"count":1,"href":"https:\/\/pracek.si\/racunalniskatrgovina\/wp-json\/wp\/v2\/product\/100084\/revisions"}],"predecessor-version":[{"id":100085,"href":"https:\/\/pracek.si\/racunalniskatrgovina\/wp-json\/wp\/v2\/product\/100084\/revisions\/100085"}],"wp:featuredmedia":[{"embeddable":true,"href":"https:\/\/pracek.si\/racunalniskatrgovina\/wp-json\/wp\/v2\/media\/100086"}],"wp:attachment":[{"href":"https:\/\/pracek.si\/racunalniskatrgovina\/wp-json\/wp\/v2\/media?parent=100084"}],"wp:term":[{"taxonomy":"product_brand","embeddable":true,"href":"https:\/\/pracek.si\/racunalniskatrgovina\/wp-json\/wp\/v2\/product_brand?post=100084"},{"taxonomy":"product_cat","embeddable":true,"href":"https:\/\/pracek.si\/racunalniskatrgovina\/wp-json\/wp\/v2\/product_cat?post=100084"},{"taxonomy":"product_tag","embeddable":true,"href":"https:\/\/pracek.si\/racunalniskatrgovina\/wp-json\/wp\/v2\/product_tag?post=100084"}],"curies":[{"name":"wp","href":"https:\/\/api.w.org\/{rel}","templated":true}]}}