{"id":100107,"date":"2026-04-04T10:18:23","date_gmt":"2026-04-04T09:18:23","guid":{"rendered":"https:\/\/pracek.si\/racunalniskatrgovina\/izdelek\/racunalnik-hp-eliteone-840-g9-aio-i5-13500-w11p-i5-ram-16-gb-ssd-disk\/"},"modified":"2026-04-04T10:18:24","modified_gmt":"2026-04-04T09:18:24","slug":"racunalnik-hp-eliteone-840-g9-aio-i5-13500-w11p-i5-ram-16-gb-ssd-disk","status":"publish","type":"product","link":"https:\/\/pracek.si\/racunalniskatrgovina\/izdelek\/racunalnik-hp-eliteone-840-g9-aio-i5-13500-w11p-i5-ram-16-gb-ssd-disk\/","title":{"rendered":"Ra\u010dunalnik HP EliteOne 840 G9 AiO | i5-13500 | W11P \/ i5 \/ RAM 16 GB \/ SSD Disk"},"content":{"rendered":"<p>HP EliteOne 840 G9 AiO je eleganten in zmogljiv vse-v-enem ra\u010dunalnik, ki zdru\u017euje sodobno obliko z visoko funkcionalnostjo. Opremljen je z 23,8-pal\u010dnim FHD zaslonom, ki zagotavlja jasne in \u017eivahne slike. Z ultra tankim profilom in premi\u0161ljeno oblikovanimi robovi nudi idealno re\u0161itev za sodobne pisarne ali doma\u010de delovne prostore.<\/p>\n<p>&lt;H2&gt;Najve\u010dje prednosti&lt;\/H2&gt;<br \/>\n&lt;ul&gt;<br \/>\n    &lt;li&gt;Vse-v-enem zasnova za prostor\u010dno var\u010dnost in estetiko&lt;\/li&gt;<br \/>\n    &lt;li&gt;&lt;b&gt;Intel UHD grafika&lt;\/b&gt; za nemoteno vizualno izku\u0161njo&lt;\/li&gt;<br \/>\n    &lt;li&gt;Hitri &lt;b&gt;NVMe SSD&lt;\/b&gt; pogon za bliskovit zagon in nalaganje dokumentov&lt;\/li&gt;<br \/>\n    &lt;li&gt;\u0160irok spekter povezljivosti, vklju\u010dno z &lt;b&gt;Wi-Fi 6E&lt;\/b&gt; in Bluetooth 5.3&lt;\/li&gt;<br \/>\n    &lt;li&gt;Vgrajena spletna kamera in \u010ditalnik prstnih odtisov za dodatno varnost&lt;\/li&gt;<br \/>\n&lt;\/ul&gt;<\/p>\n<p>&lt;H2&gt;Kdo kupuje ta izdelek&lt;\/H2&gt;<br \/>\nTa naprava je popolna izbira za profesionalce, ki potrebujejo zanesljiv in zmogljiv sistem za delo z zahtevnimi aplikacijami. Prav tako je odli\u010dna za doma\u010de uporabnike, ki \u017eelijo elegantno re\u0161itev brez kompromisov pri zmogljivosti. Idealen je za pisarne, kjer je prostor omejen, saj vse komponente zdru\u017euje v enem elegantnem ohi\u0161ju.<\/p>\n<p>&lt;H2&gt;Mo\u017enosti nadgradnje&lt;\/H2&gt;<br \/>\nHP EliteOne 840 G9 AiO je zasnovan z mislijo na prihodnost. Omogo\u010da enostavno nadgradnjo pomnilnika in diska, kar pomeni, da lahko z njim preprosto sledite svoji rasto\u010di potrebi po zmogljivosti. Pred izvedbo nadgradnje se vedno posvetujte s strokovnjakom.<\/p>\n<p>&lt;H2&gt;Zakaj izbrati obnovljeno napravo&lt;\/H2&gt;<br \/>\nIzbira obnovljene naprave je odli\u010dna prilo\u017enost za pridobitev vrhunskega tehnologijskega izdelka po dostopnej\u0161i ceni. Na\u0161e obnovljene naprave so skrbno pregledane, testirane in obnovljene s strani strokovnjakov, kar zagotavlja, da delujejo kot nove. Poleg vi\u0161je kakovosti in zanesljivosti vam taka izbira omogo\u010da tudi zmanj\u0161anje elektronskih odpadkov in prispeva k bolj trajnostni rabi virov. Strokovno obnovljene naprave so ocenjene po standardiziranem sistemu kakovosti, kar vam omogo\u010da zanesljiv nakup in miren spanec.&lt;h2&gt;Odprta embala\u017ea&lt;\/h2&gt;&#13;<br \/>\n&lt;p&gt;Skoraj nobenih znakov obrabe. Tovarni\u0161ka kvaliteta. V ve\u010dini primerov gre za prese\u017eek proizvodnje in neprodane zaloge, pri katerih razlike v primerjavi z novimi napravami niso opazne.&lt;\/p&gt;&#13;<\/p>\n","protected":false},"excerpt":{"rendered":"<p>Intel Core i5-13500 (2,50 GHz), 16\u00a0GB (2x8GB) DDR5-4800, SSD 512 GB PCIe NVMe, 60,45 cm (23,8\u2033) FHD (1920&#215;1080) LED, Intel UHD Graphics 770 (IGP), 1x HDMI 2.0a, 1x DisplayPort 1.4, 1x USB-C 3.1 (DisplayPort, 10Gbps), 1x USB-C 3.2 (20Gbps), 3x USB-A 3.1 (10Gbps), 2x USB-A 3.0 (5Gbp\u200bs), Wi-Fi 6E AX211 (2&#215;2), Bluetooth 5.3, Gb LAN, Webcam, Fingerprint, Microsoft Windows 11 Pro (64-bit)<\/p>\n","protected":false},"featured_media":96156,"template":"","meta":[],"product_brand":[26],"product_cat":[1287,1286,1218,1288,1961],"product_tag":[1811],"class_list":{"0":"post-100107","1":"product","2":"type-product","3":"status-publish","4":"has-post-thumbnail","6":"product_brand-hewlett-packard","7":"product_cat-hp-racunalniki","8":"product_cat-priljubljena-iskanja","9":"product_cat-racunalniki","10":"product_cat-racunalniki-i7","11":"product_cat-racunalniki-za-poslovno-uporabo","12":"product_tag-pp","13":"pa_odgovorna-oseba-v-eu-hp-tehnicna-regulativna-ekipa","15":"first","16":"instock","17":"taxable","18":"shipping-taxable","19":"purchasable","20":"product-type-simple"},"_links":{"self":[{"href":"https:\/\/pracek.si\/racunalniskatrgovina\/wp-json\/wp\/v2\/product\/100107","targetHints":{"allow":["GET"]}}],"collection":[{"href":"https:\/\/pracek.si\/racunalniskatrgovina\/wp-json\/wp\/v2\/product"}],"about":[{"href":"https:\/\/pracek.si\/racunalniskatrgovina\/wp-json\/wp\/v2\/types\/product"}],"version-history":[{"count":1,"href":"https:\/\/pracek.si\/racunalniskatrgovina\/wp-json\/wp\/v2\/product\/100107\/revisions"}],"predecessor-version":[{"id":100108,"href":"https:\/\/pracek.si\/racunalniskatrgovina\/wp-json\/wp\/v2\/product\/100107\/revisions\/100108"}],"wp:featuredmedia":[{"embeddable":true,"href":"https:\/\/pracek.si\/racunalniskatrgovina\/wp-json\/wp\/v2\/media\/96156"}],"wp:attachment":[{"href":"https:\/\/pracek.si\/racunalniskatrgovina\/wp-json\/wp\/v2\/media?parent=100107"}],"wp:term":[{"taxonomy":"product_brand","embeddable":true,"href":"https:\/\/pracek.si\/racunalniskatrgovina\/wp-json\/wp\/v2\/product_brand?post=100107"},{"taxonomy":"product_cat","embeddable":true,"href":"https:\/\/pracek.si\/racunalniskatrgovina\/wp-json\/wp\/v2\/product_cat?post=100107"},{"taxonomy":"product_tag","embeddable":true,"href":"https:\/\/pracek.si\/racunalniskatrgovina\/wp-json\/wp\/v2\/product_tag?post=100107"}],"curies":[{"name":"wp","href":"https:\/\/api.w.org\/{rel}","templated":true}]}}