{"id":100111,"date":"2026-04-04T10:18:23","date_gmt":"2026-04-04T09:18:23","guid":{"rendered":"https:\/\/pracek.si\/racunalniskatrgovina\/izdelek\/prenosnik-dell-precision-3560-i5-ram-16-gb-ssd-disk-156%e2%80%b3-fhd\/"},"modified":"2026-04-04T10:18:27","modified_gmt":"2026-04-04T09:18:27","slug":"prenosnik-dell-precision-3560-i5-ram-16-gb-ssd-disk-156%e2%80%b3-fhd","status":"publish","type":"product","link":"https:\/\/pracek.si\/racunalniskatrgovina\/izdelek\/prenosnik-dell-precision-3560-i5-ram-16-gb-ssd-disk-156%e2%80%b3-fhd\/","title":{"rendered":"Prenosnik Dell Precision 3560 \/ i5 \/ RAM 16 GB \/ SSD Disk \/ 15,6\u2033 FHD"},"content":{"rendered":"<p>Dell Precision 3560 je vrhunski prenosni ra\u010dunalnik, zasnovan za tiste, ki potrebujejo zmogljivost in zanesljivost v kompaktni obliki. Z impresivnim 15,6-pal\u010dnim FHD zaslonom in bogatimi specifikacijami je ta naprava idealna za opravljanje tako preprostih nalog kot tudi zahtevnej\u0161ih projektov.<\/p>\n<p>&lt;H2&gt;Najve\u010dje prednosti&lt;\/H2&gt;<br \/>\n&lt;ul&gt;<br \/>\n  &lt;li&gt;Eleganten 15,6-pal\u010dni FHD zaslon z mat povr\u0161ino za zmanj\u0161anje ble\u0161\u010danja&lt;\/li&gt;<br \/>\n  &lt;li&gt;Visoko u\u010dinkovita &lt;b&gt;I5 platforma&lt;\/b&gt; za zanesljivo delovanje&lt;\/li&gt;<br \/>\n  &lt;li&gt;Bliskovito hiter &lt;b&gt;NVMe SSD&lt;\/b&gt; disk za takoj\u0161en dostop do podatkov&lt;\/li&gt;<br \/>\n  &lt;li&gt;Povezljivost z ve\u010d priklju\u010dki, vklju\u010dno s Thunderbolt in HDMI&lt;\/li&gt;<br \/>\n  &lt;li&gt;Osvetljena tipkovnica za uporabo v temnej\u0161ih okoljih&lt;\/li&gt;<br \/>\n&lt;\/ul&gt;<\/p>\n<p>&lt;H2&gt;Kdo kupuje ta izdelek&lt;\/H2&gt;<br \/>\nDell Precision 3560 je namenjen profesionalcem in ustvarjalcem, ki cenijo zanesljivost in prilagodljivost. Primeren je za grafi\u010dne oblikovalce, arhitekte, in\u017eenirje in vse, ki potrebujejo zmogljivo napravo za obse\u017ene naloge. Z izbolj\u0161animi grafi\u010dnimi zmogljivostmi, ki jih ponuja integrirana grafi\u010dna kartica, je odli\u010dna izbira za oblikovanje in predstavitev vizualnih vsebin.<\/p>\n<p>&lt;H2&gt;Mo\u017enosti nadgradnje&lt;\/H2&gt;<br \/>\nEna od klju\u010dnih prednosti Dell Precision 3560 je njegova prilagodljivost. &lt;b&gt;Pomnilnik in disk&lt;\/b&gt; lahko nadgradite, kar omogo\u010da, da prilagodite napravo to\u010dno va\u0161im potrebam.<br \/>\nPred izvedbo nadgradnje se vedno posvetujte s strokovnjakom.<\/p>\n<p>&lt;H2&gt;Zakaj izbrati obnovljeno napravo&lt;\/H2&gt;<br \/>\nIzbira obnovljenega prenosnika, kot je Dell Precision 3560, prina\u0161a \u0161tevilne prednosti. Naprava je bila podvr\u017eena &lt;b&gt;temeljitemu postopku obnove s strani strokovnjakov&lt;\/b&gt;, kar zagotavlja visoko kakovost in zanesljivost.<br \/>\nPoleg tega standardiziran sistem kakovostnih ocen zagotavlja, da vsaka naprava ustreza visokim kriterijem zanesljivosti. S tem ne le zmanj\u0161ate stro\u0161ke, temve\u010d tudi podpirate trajnostne re\u0161itve in zmanj\u0161ujete vpliv na okolje.<\/p>\n<p>Dell Precision 3560 je odli\u010dna izbira za tiste, ki i\u0161\u010dejo zmogljivo in zanesljivo napravo z mo\u017enostjo prilagoditve in podporo strokovnjakov skozi celoten postopek obnove.&lt;h2&gt;A- Kakovost&lt;\/h2&gt;&#13;<br \/>\n&lt;p&gt;Znaki obrabe. Najbolj\u0161e razmerje med kvaliteto in ceno. Ohi\u0161je lahko vsebuje manj\u0161e nepravilnosti, kot so vidne praske, ki pa ne vplivajo na delovanje naprave. Zasloni imajo lahko rahle nepravilnosti, ki so nekoliko opazne, vendar ne motijo uporabni\u0161ke izku\u0161nje.&lt;\/p&gt;<\/p>\n","protected":false},"excerpt":{"rendered":"<p>Intel\u00ae Core\u2122 i5-1135G7 \/ 2,4 GHz \/ Quad-Core \/ 4,2 GHz TurboBoost \/ 2,4 GHz \/ Quad-Core \/ 4,2 GHz TurboBoost, 16 GB DDR4 SODIMM, 256 GB NVMe SSD, 39,6 cm (15,6\u2033), Matiran (AntiGlare, matt), FHD \/ 1920 x 1080, Intel Iris XE Graphics, HDMI, Thunderbolt, 2x USB, backlit_kb, Card reader, bluetooth, No OS Installed &#8211; Win10P COA<\/p>\n","protected":false},"featured_media":100113,"template":"","meta":[],"product_brand":[21],"product_cat":[1290,1300,1204,1301,1291,1286,1224],"product_tag":[1811],"class_list":{"0":"post-100111","1":"product","2":"type-product","3":"status-publish","4":"has-post-thumbnail","6":"product_brand-dell","7":"product_cat-dell-prenosniki","8":"product_cat-delovne-postaje","9":"product_cat-prenosniki","10":"product_cat-prenosniki-15-palcni","11":"product_cat-prenosniki-i5","12":"product_cat-priljubljena-iskanja","13":"product_cat-rabljeni-prenosniki","14":"product_tag-pp","15":"pa_odgovorna-oseba-v-eu-dell-tehnicna-regulativna-ekipa","17":"first","18":"instock","19":"taxable","20":"shipping-taxable","21":"purchasable","22":"product-type-simple"},"_links":{"self":[{"href":"https:\/\/pracek.si\/racunalniskatrgovina\/wp-json\/wp\/v2\/product\/100111","targetHints":{"allow":["GET"]}}],"collection":[{"href":"https:\/\/pracek.si\/racunalniskatrgovina\/wp-json\/wp\/v2\/product"}],"about":[{"href":"https:\/\/pracek.si\/racunalniskatrgovina\/wp-json\/wp\/v2\/types\/product"}],"version-history":[{"count":1,"href":"https:\/\/pracek.si\/racunalniskatrgovina\/wp-json\/wp\/v2\/product\/100111\/revisions"}],"predecessor-version":[{"id":100112,"href":"https:\/\/pracek.si\/racunalniskatrgovina\/wp-json\/wp\/v2\/product\/100111\/revisions\/100112"}],"wp:featuredmedia":[{"embeddable":true,"href":"https:\/\/pracek.si\/racunalniskatrgovina\/wp-json\/wp\/v2\/media\/100113"}],"wp:attachment":[{"href":"https:\/\/pracek.si\/racunalniskatrgovina\/wp-json\/wp\/v2\/media?parent=100111"}],"wp:term":[{"taxonomy":"product_brand","embeddable":true,"href":"https:\/\/pracek.si\/racunalniskatrgovina\/wp-json\/wp\/v2\/product_brand?post=100111"},{"taxonomy":"product_cat","embeddable":true,"href":"https:\/\/pracek.si\/racunalniskatrgovina\/wp-json\/wp\/v2\/product_cat?post=100111"},{"taxonomy":"product_tag","embeddable":true,"href":"https:\/\/pracek.si\/racunalniskatrgovina\/wp-json\/wp\/v2\/product_tag?post=100111"}],"curies":[{"name":"wp","href":"https:\/\/api.w.org\/{rel}","templated":true}]}}