{"id":100119,"date":"2026-04-04T10:18:23","date_gmt":"2026-04-04T09:18:23","guid":{"rendered":"https:\/\/pracek.si\/racunalniskatrgovina\/izdelek\/prenosnik-dell-precision-3560-i5-ram-16-gb-ssd-disk-156%e2%80%b3-hd\/"},"modified":"2026-04-04T10:18:30","modified_gmt":"2026-04-04T09:18:30","slug":"prenosnik-dell-precision-3560-i5-ram-16-gb-ssd-disk-156%e2%80%b3-hd","status":"publish","type":"product","link":"https:\/\/pracek.si\/racunalniskatrgovina\/izdelek\/prenosnik-dell-precision-3560-i5-ram-16-gb-ssd-disk-156%e2%80%b3-hd\/","title":{"rendered":"Prenosnik Dell Precision 3560 \/ i5 \/ RAM 16 GB \/ SSD Disk \/ 15,6\u2033 HD"},"content":{"rendered":"<p>Prenosnik Dell Precision 3560 se izka\u017ee kot zanesljiv spremljevalec za profesionalno in osebno uporabo. Zdru\u017euje zmogljiv procesor I5, prostoren zaslon in hitro NVMe SSD shranjevanje v privla\u010dni obliki. Ta naprava je zasnovana za tiste, ki i\u0161\u010dejo visoko zmogljive funkcije brez kompromisa pri prenosljivosti ali estetiki.<\/p>\n<p>&lt;H2&gt;Najve\u010dje prednosti&lt;\/H2&gt;<br \/>\n&lt;ul&gt;<br \/>\n  &lt;li&gt;&lt;b&gt;Zmogljiv procesor:&lt;\/b&gt; Omogo\u010da hiter in u\u010dinkovit ve\u010dopravilnosti.&lt;\/li&gt;<br \/>\n  &lt;li&gt;&lt;b&gt;Hiter NVMe SSD:&lt;\/b&gt; Izjemno hitrost branja in pisanja podatkov.&lt;\/li&gt;<br \/>\n  &lt;li&gt;&lt;b&gt;Velik zaslon:&lt;\/b&gt; 15,6-pal\u010dni HD mat zaslon zmanj\u0161uje odseve in utrujenost o\u010di.&lt;\/li&gt;<br \/>\n  &lt;li&gt;&lt;b&gt;Ob\u0161irne priklju\u010dne mo\u017enosti:&lt;\/b&gt; Vklju\u010duje HDMI, Thunderbolt, in ve\u010d USB priklju\u010dkov.&lt;\/li&gt;<br \/>\n  &lt;li&gt;&lt;b&gt;Osvetljena tipkovnica:&lt;\/b&gt; Pove\u010da produktivnost v slab\u0161e osvetljenih pogojih.&lt;\/li&gt;<br \/>\n&lt;\/ul&gt;<\/p>\n<p>&lt;H2&gt;Kdo kupuje ta izdelek&lt;\/H2&gt;<br \/>\nPrenosnik Dell Precision 3560 je \u0161e posebej primeren za profesionalce v ustvarjalnih industrijah, \u0161tudente in vse tiste, ki potrebujejo zanesljivo napravo za vsakodnevno uporabo. Z zmogljivimi komponentami in vsestransko povezljivostjo je idealen tudi za tiste, ki delajo z zahtevnimi programi ali upravljajo z veliko koli\u010dino podatkov.<\/p>\n<p>&lt;H2&gt;Mo\u017enosti nadgradnje&lt;\/H2&gt;<br \/>\nDell Precision 3560 omogo\u010da enostavno nadgradnjo tako pomnilnika kot diska, kar pove\u010duje njegovo \u017eivljenjsko dobo in uporabnost. Pred izvedbo nadgradnje se vedno posvetujte s strokovnjakom.<\/p>\n<p>&lt;H2&gt;Zakaj izbrati obnovljeno napravo&lt;\/H2&gt;<br \/>\nIzbira obnovljene naprave, kot je Dell Precision 3560, prina\u0161a odli\u010dne prilo\u017enosti za prihranke, hkrati pa ste lahko prepri\u010dani v kakovost naprave. Vsaka naprava preide skozi temeljit proces obnove in je ocenjena po standardiziranem sistemu kakovostnih ocen, ki zagotavlja, da izpolnjuje visoke standarde zmogljivosti in zanesljivosti. Z nakupom obnovljene naprave prav tako prispevate k bolj trajnostnemu ravnanju z viri in zmanj\u0161anju elektronskih odpadkov.&lt;h2&gt;A- Kakovost&lt;\/h2&gt;&#13;<br \/>\n&lt;p&gt;Znaki obrabe. Najbolj\u0161e razmerje med kvaliteto in ceno. Ohi\u0161je lahko vsebuje manj\u0161e nepravilnosti, kot so vidne praske, ki pa ne vplivajo na delovanje naprave. Zasloni imajo lahko rahle nepravilnosti, ki so nekoliko opazne, vendar ne motijo uporabni\u0161ke izku\u0161nje.&lt;\/p&gt;<\/p>\n","protected":false},"excerpt":{"rendered":"<p>Intel\u00ae Core\u2122 i5-1135G7 \/ 2,4 GHz \/ Quad-Core \/ 4,2 GHz TurboBoost \/ 2,4 GHz \/ Quad-Core \/ 4,2 GHz TurboBoost, 16 GB DDR4 SODIMM, 256 GB NVMe SSD, 39,6 cm (15,6\u2033), Matiran (AntiGlare, matt), HD \/ 1366 x 768, Intel Iris XE Graphics, HDMI, Thunderbolt, 2x USB, backlit_kb, Card reader, bluetooth, No OS Installed &#8211; Win10P COA<\/p>\n","protected":false},"featured_media":100113,"template":"","meta":[],"product_brand":[21],"product_cat":[1290,1300,1204,1301,1291,1286,1224],"product_tag":[1811],"class_list":{"0":"post-100119","1":"product","2":"type-product","3":"status-publish","4":"has-post-thumbnail","6":"product_brand-dell","7":"product_cat-dell-prenosniki","8":"product_cat-delovne-postaje","9":"product_cat-prenosniki","10":"product_cat-prenosniki-15-palcni","11":"product_cat-prenosniki-i5","12":"product_cat-priljubljena-iskanja","13":"product_cat-rabljeni-prenosniki","14":"product_tag-pp","15":"pa_odgovorna-oseba-v-eu-dell-tehnicna-regulativna-ekipa","17":"first","18":"instock","19":"taxable","20":"shipping-taxable","21":"purchasable","22":"product-type-simple"},"_links":{"self":[{"href":"https:\/\/pracek.si\/racunalniskatrgovina\/wp-json\/wp\/v2\/product\/100119","targetHints":{"allow":["GET"]}}],"collection":[{"href":"https:\/\/pracek.si\/racunalniskatrgovina\/wp-json\/wp\/v2\/product"}],"about":[{"href":"https:\/\/pracek.si\/racunalniskatrgovina\/wp-json\/wp\/v2\/types\/product"}],"version-history":[{"count":1,"href":"https:\/\/pracek.si\/racunalniskatrgovina\/wp-json\/wp\/v2\/product\/100119\/revisions"}],"predecessor-version":[{"id":100120,"href":"https:\/\/pracek.si\/racunalniskatrgovina\/wp-json\/wp\/v2\/product\/100119\/revisions\/100120"}],"wp:featuredmedia":[{"embeddable":true,"href":"https:\/\/pracek.si\/racunalniskatrgovina\/wp-json\/wp\/v2\/media\/100113"}],"wp:attachment":[{"href":"https:\/\/pracek.si\/racunalniskatrgovina\/wp-json\/wp\/v2\/media?parent=100119"}],"wp:term":[{"taxonomy":"product_brand","embeddable":true,"href":"https:\/\/pracek.si\/racunalniskatrgovina\/wp-json\/wp\/v2\/product_brand?post=100119"},{"taxonomy":"product_cat","embeddable":true,"href":"https:\/\/pracek.si\/racunalniskatrgovina\/wp-json\/wp\/v2\/product_cat?post=100119"},{"taxonomy":"product_tag","embeddable":true,"href":"https:\/\/pracek.si\/racunalniskatrgovina\/wp-json\/wp\/v2\/product_tag?post=100119"}],"curies":[{"name":"wp","href":"https:\/\/api.w.org\/{rel}","templated":true}]}}