{"id":100179,"date":"2026-04-04T10:18:39","date_gmt":"2026-04-04T09:18:39","guid":{"rendered":"https:\/\/pracek.si\/racunalniskatrgovina\/izdelek\/racunalnik-hp-eliteone-840-g9-aio-win-10-pro-i5-ram-16-gb-ssd-disk\/"},"modified":"2026-04-04T10:18:52","modified_gmt":"2026-04-04T09:18:52","slug":"racunalnik-hp-eliteone-840-g9-aio-win-10-pro-i5-ram-16-gb-ssd-disk","status":"publish","type":"product","link":"https:\/\/pracek.si\/racunalniskatrgovina\/izdelek\/racunalnik-hp-eliteone-840-g9-aio-win-10-pro-i5-ram-16-gb-ssd-disk\/","title":{"rendered":"Ra\u010dunalnik HP EliteOne 840 G9 AiO | Win 10 Pro \/ i5 \/ RAM 16 GB \/ SSD Disk"},"content":{"rendered":"<p>HP EliteOne 840 G9 AiO je zmogljiva naprava, ki zdru\u017euje profesionalno zmogljivost in elegantno obliko. S svojim 60,45 cm (23,8\u2033) FHD zaslonom ponuja kristalno jasno sliko in elegantno obliko, kar ga naredi idealnega za vsak moderni delovni prostor.<\/p>\n<p>&lt;H2&gt;Najve\u010dje prednosti&lt;\/H2&gt;<br \/>\n&lt;ul&gt;<br \/>\n  &lt;li&gt;Vse v enem zasnovan ra\u010dunalnik za urejeno in organizirano delovno okolje&lt;\/li&gt;<br \/>\n  &lt;li&gt;Hiter in zanesljiv procesor I5 za optimalno zmogljivost&lt;\/li&gt;<br \/>\n  &lt;li&gt;Vrhunska vizualna izku\u0161nja z integrirano UHD grafiko&lt;\/li&gt;<br \/>\n  &lt;li&gt;Izjemno hiter NVMe SSD za hitro nalaganje in premikanje podatkov&lt;\/li&gt;<br \/>\n  &lt;li&gt;Ve\u010d priklju\u010dnih mo\u017enosti, vklju\u010dno z HDMI, DisplayPort in USB-C&lt;\/li&gt;<br \/>\n  &lt;li&gt;Priklju\u010dki za brez\u017ei\u010dno povezavo z Wi-Fi in Bluetooth&lt;\/li&gt;<br \/>\n&lt;\/ul&gt;<\/p>\n<p>&lt;H2&gt;Kdo kupuje ta izdelek&lt;\/H2&gt;<br \/>\nHP EliteOne 840 G9 AiO je prava izbira za profesionalce, ki i\u0161\u010dejo zanesljivo napravo za vsakodnevna opravila. Primeren je za podjetja, ki \u017eelijo zagotoviti svojim zaposlenim optimalne pogoje za delo. Hkrati pa je odli\u010dna izbira za doma\u010de pisarne, kjer estetika in funkcionalnost igrata pomembno vlogo.<\/p>\n<p>&lt;H2&gt;Mo\u017enosti nadgradnje&lt;\/H2&gt;<br \/>\nRedna nadgradnja komponent, kot sta disk in pomnilnik, lahko bistveno podalj\u0161a \u017eivljenjsko dobo va\u0161e naprave. Ta model omogo\u010da enostavno nadgradnjo, kar pomeni, da lahko svoj ra\u010dunalnik prilagodite svojim specifi\u010dnim potrebam. &lt;b&gt;Pred izvedbo nadgradnje se vedno posvetujte s strokovnjakom.&lt;\/b&gt;<\/p>\n<p>&lt;H2&gt;Zakaj izbrati obnovljeno napravo&lt;\/H2&gt;<br \/>\nOdlo\u010ditev za obnovljeno napravo ni le ekonomi\u010dno temve\u010d tudi okolju prijazno. Strokovno obnovljene naprave izvajajo skozi standardiziran sistem kakovostnih ocen, kar zagotavlja visoko kakovost in zanesljivost izdelka. S tem prispevate k zmanj\u0161anju elektronskega odpada, pri tem pa ne \u017ertvujete zmogljivosti ali kvalitete. To je pametna izbira za trajnostno prihodnost brez kompromisov pri kakovosti ali u\u010dinkovitosti.&lt;h2&gt;Odprta embala\u017ea&lt;\/h2&gt;&#13;<br \/>\n&lt;p&gt;Skoraj nobenih znakov obrabe. Tovarni\u0161ka kvaliteta. V ve\u010dini primerov gre za prese\u017eek proizvodnje in neprodane zaloge, pri katerih razlike v primerjavi z novimi napravami niso opazne.&lt;\/p&gt;&#13;<\/p>\n","protected":false},"excerpt":{"rendered":"<p>Intel Core i5-12500 (3,0 GHz), 16 GB DDR5-4800, SSD 256 GB PCIe NVMe + SSD 1 TB PCIe NVMe, 60,45 cm (23,8\u2033) FHD (1920&#215;1080) LED, Intel UHD Graphics 770 (IGP), 1x HDMI 2.0a, 1x DisplayPort 1.4, 1x USB-C 3.2 Gen2\u00a0(DisplayPort, 10Gbps), 1x USB-C 3.2 Gen2x2 (20Gbps), 3x USB-A 3.2 Gen2\u00a0(10Gbps), 2x USB-A 3.2 Gen1\u00a0(5Gbp\u200bs), Wi-Fi, Bluetooth,\u00a0Gb LAN, Webcam, No Kbd., Microsoft Windows 10 Pro (64-bit)<\/p>\n","protected":false},"featured_media":100181,"template":"","meta":[],"product_brand":[26],"product_cat":[1287,1286,1218,1288,1957,1961],"product_tag":[1811],"class_list":{"0":"post-100179","1":"product","2":"type-product","3":"status-publish","4":"has-post-thumbnail","6":"product_brand-hewlett-packard","7":"product_cat-hp-racunalniki","8":"product_cat-priljubljena-iskanja","9":"product_cat-racunalniki","10":"product_cat-racunalniki-i7","11":"product_cat-racunalniki-za-domaco-uporabo","12":"product_cat-racunalniki-za-poslovno-uporabo","13":"product_tag-pp","14":"pa_odgovorna-oseba-v-eu-hp-tehnicna-regulativna-ekipa","16":"first","17":"instock","18":"taxable","19":"shipping-taxable","20":"purchasable","21":"product-type-simple"},"_links":{"self":[{"href":"https:\/\/pracek.si\/racunalniskatrgovina\/wp-json\/wp\/v2\/product\/100179","targetHints":{"allow":["GET"]}}],"collection":[{"href":"https:\/\/pracek.si\/racunalniskatrgovina\/wp-json\/wp\/v2\/product"}],"about":[{"href":"https:\/\/pracek.si\/racunalniskatrgovina\/wp-json\/wp\/v2\/types\/product"}],"version-history":[{"count":1,"href":"https:\/\/pracek.si\/racunalniskatrgovina\/wp-json\/wp\/v2\/product\/100179\/revisions"}],"predecessor-version":[{"id":100180,"href":"https:\/\/pracek.si\/racunalniskatrgovina\/wp-json\/wp\/v2\/product\/100179\/revisions\/100180"}],"wp:featuredmedia":[{"embeddable":true,"href":"https:\/\/pracek.si\/racunalniskatrgovina\/wp-json\/wp\/v2\/media\/100181"}],"wp:attachment":[{"href":"https:\/\/pracek.si\/racunalniskatrgovina\/wp-json\/wp\/v2\/media?parent=100179"}],"wp:term":[{"taxonomy":"product_brand","embeddable":true,"href":"https:\/\/pracek.si\/racunalniskatrgovina\/wp-json\/wp\/v2\/product_brand?post=100179"},{"taxonomy":"product_cat","embeddable":true,"href":"https:\/\/pracek.si\/racunalniskatrgovina\/wp-json\/wp\/v2\/product_cat?post=100179"},{"taxonomy":"product_tag","embeddable":true,"href":"https:\/\/pracek.si\/racunalniskatrgovina\/wp-json\/wp\/v2\/product_tag?post=100179"}],"curies":[{"name":"wp","href":"https:\/\/api.w.org\/{rel}","templated":true}]}}