{"id":100196,"date":"2026-04-04T10:18:54","date_gmt":"2026-04-04T09:18:54","guid":{"rendered":"https:\/\/pracek.si\/racunalniskatrgovina\/izdelek\/racunalnik-hp-eliteone-840-g9-aio-i5-13500-w11p-i5-ram-16-gb-ssd-disk-2\/"},"modified":"2026-04-04T10:18:59","modified_gmt":"2026-04-04T09:18:59","slug":"racunalnik-hp-eliteone-840-g9-aio-i5-13500-w11p-i5-ram-16-gb-ssd-disk-2","status":"publish","type":"product","link":"https:\/\/pracek.si\/racunalniskatrgovina\/izdelek\/racunalnik-hp-eliteone-840-g9-aio-i5-13500-w11p-i5-ram-16-gb-ssd-disk-2\/","title":{"rendered":"Ra\u010dunalnik HP EliteOne 840 G9 AiO | i5-13500 | W11P \/ i5 \/ RAM 16 GB \/ SSD Disk"},"content":{"rendered":"<p>HP EliteOne 840 G9 AiO je vsestranski ra\u010dunalnik, zasnovan za optimizacijo va\u0161ega delovnega okolja. Z elegantnim dizajnom, ki zdru\u017euje mo\u010d in estetiko, nudi zmogljivo izku\u0161njo ra\u010dunalni\u0161tva v kompaktni obliki. Njegova 23,8-pal\u010dna ve\u010dto\u010dkovna IPS LED plo\u0161\u010da omogo\u010da interaktivno delo in bogate, jasne slike. <\/p>\n<p>&lt;H2&gt;Najve\u010dje prednosti&lt;\/H2&gt;<\/p>\n<p>&lt;b&gt;HP EliteOne 840 G9 AiO&lt;\/b&gt; ponuja \u0161tevilne prednosti, ki ga postavljajo v ospredje:<br \/>\n&lt;ul&gt;<br \/>\n&lt;li&gt;&lt;b&gt;Visoka u\u010dinkovitost obdelave&lt;\/b&gt;: Procesor i5 zagotavlja zanesljivo in hitro delovanje tudi pri zahtevnej\u0161ih nalogah.&lt;\/li&gt;<br \/>\n&lt;li&gt;&lt;b&gt;Multitasking brez prekinitev&lt;\/b&gt;: Generacija DDR5 RAM poskrbi za teko\u010de preklapljanje med razli\u010dnimi aplikacijami.&lt;\/li&gt;<br \/>\n&lt;li&gt;&lt;b&gt;Hitra dostopnost do podatkov&lt;\/b&gt;: NVMe SSD ponuja impresivno hitrost, ki vam omogo\u010da, da svoje datoteke nalo\u017eite in jih obdelate v trenutku.&lt;\/li&gt;<br \/>\n&lt;li&gt;&lt;b&gt;Povezljivost, ki ustreza va\u0161im potrebam&lt;\/b&gt;: Razli\u010dne mo\u017enosti povezljivosti, vklju\u010dno z ve\u010d USB priklju\u010dki in HDMI ter DisplayPort, olaj\u0161ajo povezovanje z dodatnimi napravami.&lt;\/li&gt;<br \/>\n&lt;\/ul&gt;<\/p>\n<p>&lt;H2&gt;Kdo kupuje ta izdelek&lt;\/H2&gt;<\/p>\n<p>HP EliteOne 840 G9 AiO je idealen za podjetnike, profesionalce in kreativce, ki potrebujejo zanesljivo napravo za svoje kompleksne naloge. Prav tako se prilega dru\u017einam, ki i\u0161\u010dejo kakovostno in zanesljivo napravo za dnevno uporabo, \u0161olanje od doma, in ljubiteljem tehnologije, ki cenijo prvorazredne specifikacije in funkcionalnost.<\/p>\n<p>&lt;H2&gt;Mo\u017enosti nadgradnje&lt;\/H2&gt;<\/p>\n<p>Ta ra\u010dunalnik omogo\u010da uporabnikom, da nadgradijo shranjevalni in pomnilni\u0161ki prostor po svojih \u017eeljah, kar zagotavlja dolgotrajno uporabnost naprave. Pred izvedbo nadgradnje se vedno posvetujte s strokovnjakom.<\/p>\n<p>&lt;H2&gt;Zakaj izbrati obnovljeno napravo&lt;\/H2&gt;<\/p>\n<p>Izbira obnovljene naprave prina\u0161a \u0161tevilne prednosti. Gre za ekologi\u010dno odlo\u010ditev, ki podpira trajnostni razvoj in zmanj\u0161uje elektronski odpadek. Naprave so obnovljene na visoko strokoven na\u010din ter ocenjene glede na standardiziran sistem kakovosti, kar zagotavlja zanesljivost in delovanje, ki je primerljivo z novimi napravami. Poleg tega prina\u0161ajo odli\u010dno razmerje med ceno in zmogljivostjo, kar pomeni, da dobite vrhunski izdelek po dostopni ceni.&lt;h2&gt;Odprta embala\u017ea&lt;\/h2&gt;&#13;<br \/>\n&lt;p&gt;Skoraj nobenih znakov obrabe. Tovarni\u0161ka kvaliteta. V ve\u010dini primerov gre za prese\u017eek proizvodnje in neprodane zaloge, pri katerih razlike v primerjavi z novimi napravami niso opazne.&lt;\/p&gt;&#13;<\/p>\n","protected":false},"excerpt":{"rendered":"<p>Intel Core i5-13500 (2,50 GHz), 16\u00a0GB (2x8GB) DDR5-4800, SSD 256 GB PCIe NVMe, 60,45 cm (23,8\u2033) FHD (1920&#215;1080) Multi-Touch IPS\u00a0LED, Intel UHD Graphics 770 (IGP), 1x HDMI 2.0a, 1x DisplayPort 1.4, 1x USB-C 3.1 (DisplayPort, 10Gbps), 1x USB-C 3.2 (20Gbps), 3x USB-A 3.1 (10Gbps), 2x USB-A 3.0 (5Gbp\u200bs), Wi-Fi 6E AX211 (2&#215;2), Bluetooth 5.3, Gb LAN, Webcam, No Kbd.,\u00a0Microsoft Windows 11 Pro (64-bit)<\/p>\n","protected":false},"featured_media":100198,"template":"","meta":[],"product_brand":[26],"product_cat":[1287,1286,1218,1288],"product_tag":[1811],"class_list":{"0":"post-100196","1":"product","2":"type-product","3":"status-publish","4":"has-post-thumbnail","6":"product_brand-hewlett-packard","7":"product_cat-hp-racunalniki","8":"product_cat-priljubljena-iskanja","9":"product_cat-racunalniki","10":"product_cat-racunalniki-i7","11":"product_tag-pp","12":"pa_odgovorna-oseba-v-eu-hp-tehnicna-regulativna-ekipa","14":"first","15":"instock","16":"taxable","17":"shipping-taxable","18":"purchasable","19":"product-type-simple"},"_links":{"self":[{"href":"https:\/\/pracek.si\/racunalniskatrgovina\/wp-json\/wp\/v2\/product\/100196","targetHints":{"allow":["GET"]}}],"collection":[{"href":"https:\/\/pracek.si\/racunalniskatrgovina\/wp-json\/wp\/v2\/product"}],"about":[{"href":"https:\/\/pracek.si\/racunalniskatrgovina\/wp-json\/wp\/v2\/types\/product"}],"version-history":[{"count":1,"href":"https:\/\/pracek.si\/racunalniskatrgovina\/wp-json\/wp\/v2\/product\/100196\/revisions"}],"predecessor-version":[{"id":100197,"href":"https:\/\/pracek.si\/racunalniskatrgovina\/wp-json\/wp\/v2\/product\/100196\/revisions\/100197"}],"wp:featuredmedia":[{"embeddable":true,"href":"https:\/\/pracek.si\/racunalniskatrgovina\/wp-json\/wp\/v2\/media\/100198"}],"wp:attachment":[{"href":"https:\/\/pracek.si\/racunalniskatrgovina\/wp-json\/wp\/v2\/media?parent=100196"}],"wp:term":[{"taxonomy":"product_brand","embeddable":true,"href":"https:\/\/pracek.si\/racunalniskatrgovina\/wp-json\/wp\/v2\/product_brand?post=100196"},{"taxonomy":"product_cat","embeddable":true,"href":"https:\/\/pracek.si\/racunalniskatrgovina\/wp-json\/wp\/v2\/product_cat?post=100196"},{"taxonomy":"product_tag","embeddable":true,"href":"https:\/\/pracek.si\/racunalniskatrgovina\/wp-json\/wp\/v2\/product_tag?post=100196"}],"curies":[{"name":"wp","href":"https:\/\/api.w.org\/{rel}","templated":true}]}}