{"id":100207,"date":"2026-04-04T10:18:54","date_gmt":"2026-04-04T09:18:54","guid":{"rendered":"https:\/\/pracek.si\/racunalniskatrgovina\/izdelek\/racunalnik-hp-eliteone-870-g9-aio-core-i7-13700-16gb-ram-qhd-touch-i7-ram-16-gb-ssd-disk\/"},"modified":"2026-04-04T10:19:03","modified_gmt":"2026-04-04T09:19:03","slug":"racunalnik-hp-eliteone-870-g9-aio-core-i7-13700-16gb-ram-qhd-touch-i7-ram-16-gb-ssd-disk","status":"publish","type":"product","link":"https:\/\/pracek.si\/racunalniskatrgovina\/izdelek\/racunalnik-hp-eliteone-870-g9-aio-core-i7-13700-16gb-ram-qhd-touch-i7-ram-16-gb-ssd-disk\/","title":{"rendered":"Ra\u010dunalnik HP EliteOne 870 G9 AiO | Core i7-13700 | 16GB RAM | QHD Touch \/ i7 \/ RAM 16 GB \/ SSD Disk"},"content":{"rendered":"<p>HP EliteOne 870 G9 AiO je eleganten in zmogljiv vse-v-enem ra\u010dunalnik, ki prina\u0161a inovacije ter zmogljivost v va\u0161 vsakdan . S svojim elegantnim dizajnom in prostornim zaslonom je idealen za doma\u010de in strokovno okolje.  <\/p>\n<p>&lt;H2&gt;Najve\u010dje prednosti&lt;\/H2&gt;<br \/>\n&lt;ul&gt;<br \/>\n  &lt;li&gt;&lt;b&gt;Impresiven zaslon:&lt;\/b&gt; Zaslon velikosti 27 palcev in lo\u010dljivostjo QHD zagotavlja \u017eivahno in jasne slike na na dotik ob\u010dutljivem zaslonu. LED tehnologija s tehnologijo IPS omogo\u010da \u0161iroke vidne kote, kar izbolj\u0161uje uporabni\u0161ko izku\u0161njo.&lt;\/li&gt;<br \/>\n  &lt;li&gt;&lt;b&gt;Zmogljivost:&lt;\/b&gt; Ra\u010dunalnik z zmogljivim procesorjem, sodobnim pomnilnikom in hitrim SSD diskom zagotavlja izjemno hitro in brezhibno delovanje.&lt;\/li&gt;<br \/>\n  &lt;li&gt;&lt;b&gt;Povezljivost:&lt;\/b&gt; Opremljen je z ve\u010d USB vhodi, HDMI in DisplayPort povezavami, kar omogo\u010da nemoteno povezljivost z razli\u010dnimi napravami.&lt;\/li&gt;<br \/>\n  &lt;li&gt;&lt;b&gt;Varnost in udobje:&lt;\/b&gt; Z vgrajeno spletno kamero, bralnikom prstnih odtisov in vsemi potrebnimi priklju\u010dki, je ta ra\u010dunalnik prava izbira za produktivnost in varnost na delovnem mestu.&lt;\/li&gt;<br \/>\n&lt;\/ul&gt;  <\/p>\n<p>&lt;H2&gt;Kdo kupuje ta izdelek&lt;\/H2&gt;<br \/>\nHP EliteOne 870 G9 AiO je zasnovan za profesionalce, ki i\u0161\u010dejo zanesljivost in eleganco v eni napravi. Idealna izbira je za poslovne\u017ee, kreativce, oblikovalce in vse, ki potrebujejo zmogljivo napravo za napredne naloge. Zaradi preprostega in elegantnega dizajna bo odli\u010dno dopolnil vsako doma\u010de ali pisarni\u0161ko okolje.<\/p>\n<p>&lt;H2&gt;Mo\u017enosti nadgradnje&lt;\/H2&gt;<br \/>\nTa ra\u010dunalnik omogo\u010da nadgradnjo tako pomnilnika kot diska, kar omogo\u010da, da svoj ra\u010dunalnik optimalno prilagodite svojim potrebam. Pred izvedbo nadgradnje se vedno posvetujte s strokovnjakom.<\/p>\n<p>&lt;H2&gt;Zakaj izbrati obnovljeno napravo&lt;\/H2&gt;<br \/>\nIzbor prenovljenega ra\u010dunalnika je odgovorna izbira za okolje in hkrati finan\u010dno ugodna mo\u017enost. Na\u0161e naprave so dele\u017ene strokovne storitve obnove, in so ocenjene po standardiziranem sistemu kakovostnih ocen, kar zagotavlja brezhibno delovanje. Pri izbiri tovrstne naprave prihranite denar, prispevate k manj\u0161emu okoljskemu odtisu in hkrati pridobite napravo, ki deluje kot nova. Zaupanje v obnovljene naprave ni le pametna odlo\u010ditev za va\u0161 dom ali pisarno, ampak tudi prispeva k trajnostni prihodnosti.&lt;h2&gt;Odprta embala\u017ea&lt;\/h2&gt;&#13;<br \/>\n&lt;p&gt;Skoraj nobenih znakov obrabe. Tovarni\u0161ka kvaliteta. V ve\u010dini primerov gre za prese\u017eek proizvodnje in neprodane zaloge, pri katerih razlike v primerjavi z novimi napravami niso opazne.&lt;\/p&gt;&#13;<\/p>\n","protected":false},"excerpt":{"rendered":"<p>Intel Core i7-13700 (2,1 &#8211; 5,2\u00a0GHz), 16 GB DDR5-5600, SSD 512 GB PCIe NVMe, 68,58 cm (27\u2033) QHD (2560 x 1440) TouchScreen\u00a0IPS LED 60 Hz, Intel UHD Graphics 770 (IGP), 1x HDMI 2.0a, 1x DisplayPort 1.4, 1x USB-C 3.2 Gen2\u00a0(DisplayPort &#8211;\u00a010 Gbps), 1x USB-C 3.2 Gen2x2 (20 Gbps &#8211;\u00a0PD), 3x USB-A 3.2 Gen2\u00a0(10 Gbps), 2x USB-A 3.2 Gen1\u00a0(5 Gbp\u200bs), Wi-Fi 6E, Bluetooth 5.3, Gb LAN, Webcam, Wired\u00a0Kbd., Fingerprint, Microsoft Windows 11 Pro (64-bit)<\/p>\n","protected":false},"featured_media":100209,"template":"","meta":[],"product_brand":[26],"product_cat":[1287,1286,1218,1957,1961],"product_tag":[1811],"class_list":{"0":"post-100207","1":"product","2":"type-product","3":"status-publish","4":"has-post-thumbnail","6":"product_brand-hewlett-packard","7":"product_cat-hp-racunalniki","8":"product_cat-priljubljena-iskanja","9":"product_cat-racunalniki","10":"product_cat-racunalniki-za-domaco-uporabo","11":"product_cat-racunalniki-za-poslovno-uporabo","12":"product_tag-pp","13":"pa_odgovorna-oseba-v-eu-hp-tehnicna-regulativna-ekipa","15":"first","16":"instock","17":"taxable","18":"shipping-taxable","19":"purchasable","20":"product-type-simple"},"_links":{"self":[{"href":"https:\/\/pracek.si\/racunalniskatrgovina\/wp-json\/wp\/v2\/product\/100207","targetHints":{"allow":["GET"]}}],"collection":[{"href":"https:\/\/pracek.si\/racunalniskatrgovina\/wp-json\/wp\/v2\/product"}],"about":[{"href":"https:\/\/pracek.si\/racunalniskatrgovina\/wp-json\/wp\/v2\/types\/product"}],"version-history":[{"count":1,"href":"https:\/\/pracek.si\/racunalniskatrgovina\/wp-json\/wp\/v2\/product\/100207\/revisions"}],"predecessor-version":[{"id":100208,"href":"https:\/\/pracek.si\/racunalniskatrgovina\/wp-json\/wp\/v2\/product\/100207\/revisions\/100208"}],"wp:featuredmedia":[{"embeddable":true,"href":"https:\/\/pracek.si\/racunalniskatrgovina\/wp-json\/wp\/v2\/media\/100209"}],"wp:attachment":[{"href":"https:\/\/pracek.si\/racunalniskatrgovina\/wp-json\/wp\/v2\/media?parent=100207"}],"wp:term":[{"taxonomy":"product_brand","embeddable":true,"href":"https:\/\/pracek.si\/racunalniskatrgovina\/wp-json\/wp\/v2\/product_brand?post=100207"},{"taxonomy":"product_cat","embeddable":true,"href":"https:\/\/pracek.si\/racunalniskatrgovina\/wp-json\/wp\/v2\/product_cat?post=100207"},{"taxonomy":"product_tag","embeddable":true,"href":"https:\/\/pracek.si\/racunalniskatrgovina\/wp-json\/wp\/v2\/product_tag?post=100207"}],"curies":[{"name":"wp","href":"https:\/\/api.w.org\/{rel}","templated":true}]}}