{"id":100215,"date":"2026-04-04T10:18:54","date_gmt":"2026-04-04T09:18:54","guid":{"rendered":"https:\/\/pracek.si\/racunalniskatrgovina\/izdelek\/racunalnik-hp-eliteone-870-g9-aio-core-i7-14700-qhd-touch-i7-ram-16-gb-ssd-disk\/"},"modified":"2026-04-04T10:19:06","modified_gmt":"2026-04-04T09:19:06","slug":"racunalnik-hp-eliteone-870-g9-aio-core-i7-14700-qhd-touch-i7-ram-16-gb-ssd-disk","status":"publish","type":"product","link":"https:\/\/pracek.si\/racunalniskatrgovina\/izdelek\/racunalnik-hp-eliteone-870-g9-aio-core-i7-14700-qhd-touch-i7-ram-16-gb-ssd-disk\/","title":{"rendered":"Ra\u010dunalnik HP EliteOne 870 G9 AiO | Core i7-14700 | QHD Touch \/ i7 \/ RAM 16 GB \/ SSD Disk"},"content":{"rendered":"<p>Ra\u010dunalnik HP EliteOne 870 G9 AiO zdru\u017euje elegantno obliko in vrhunske zmogljivosti, idealne za razli\u010dne poslovne in kreativne naloge. Ima impresiven 27-pal\u010dni QHD Multi-Touch zaslon, ki omogo\u010da teko\u010do in intuitivno interakcijo, ter zmogljiv procesor serije i7, kar zagotavlja nemoteno uporabni\u0161ko izku\u0161njo.<\/p>\n<p>&lt;H2&gt;Najve\u010dje prednosti&lt;\/H2&gt;<br \/>\n&lt;ul&gt;<br \/>\n  &lt;li&gt;Eleganten in kompakten dizajn, ki se prilega v vsak delovni prostor.&lt;\/li&gt;<br \/>\n  &lt;li&gt;Velik, 27-pal\u010dni QHD zaslon za jasne in \u017eive slike.&lt;\/li&gt;<br \/>\n  &lt;li&gt;Ve\u010d-vratni priklju\u010dki, vklju\u010dno z USB-C in HDMI za \u0161iroko povezljivost.&lt;\/li&gt;<br \/>\n  &lt;li&gt;Hiter SSD disk s tehnologijo NVMe za izjemno hitro delovanje.&lt;\/li&gt;<br \/>\n  &lt;li&gt;Napredna brez\u017ei\u010dna povezljivost z Wi-Fi 6E in Bluetooth 5.3.&lt;\/li&gt;<br \/>\n&lt;\/ul&gt;<\/p>\n<p>&lt;H2&gt;Kdo kupuje ta izdelek&lt;\/H2&gt;<br \/>\nRa\u010dunalnik je idealna izbira za profesionalce, ki potrebujejo zanesljivo napravo za zahtevne naloge, kot so grafi\u010dno oblikovanje, programiranje ali upravljanje podatkov. Uporaben je tudi za podjetja, ki i\u0161\u010dejo visoko zmogljivost in elegantno prezenco v pisarni\u0161kih okoljih.<\/p>\n<p>&lt;H2&gt;Mo\u017enosti nadgradnje&lt;\/H2&gt;<br \/>\nKljub \u017ee tako visokim specifikacijam, HP EliteOne 870 G9 AiO \u0161e vedno omogo\u010da nadgradnje. Uporabniki lahko raz\u0161irijo pomnilnik in shranjevalni prostor, kar jim omogo\u010da, da se prilagodijo rasto\u010dim potrebam svojega poslovnega ali osebnega okolja. &lt;b&gt;Pred izvedbo nadgradnje se vedno posvetujte s strokovnjakom.&lt;\/b&gt;<\/p>\n<p>&lt;H2&gt;Zakaj izbrati obnovljeno napravo&lt;\/H2&gt;<br \/>\nIzbira obnovljene naprave prina\u0161a \u0161tevilne prednosti. Te naprave so podvr\u017eene strogi strokovni obnovi, kar zagotavlja njihovo kakovost in zmogljivost. Poleg tega nakup obnovljene naprave pomeni bolj odgovorno ravnanje z viri in zmanj\u0161a vpliv na okolje. Standardiziran sistem kakovostnih ocen omogo\u010da kupcem, da s popolnim zaupanjem izberejo ra\u010dunalnik, ki ustreza njihovim potrebam, hkrati pa prina\u0161a tudi finan\u010dne prihranke.&lt;h2&gt;Odprta embala\u017ea&lt;\/h2&gt;&#13;<br \/>\n&lt;p&gt;Skoraj nobenih znakov obrabe. Tovarni\u0161ka kvaliteta. V ve\u010dini primerov gre za prese\u017eek proizvodnje in neprodane zaloge, pri katerih razlike v primerjavi z novimi napravami niso opazne.&lt;\/p&gt;&#13;<\/p>\n","protected":false},"excerpt":{"rendered":"<p>Intel Core i7-14700 (2,1 GHz), 16 GB DDR5-5600, SSD 512\u00a0GB PCIe NVMe, 68,58 cm (27\u2033) QHD\u00a0(2560&#215;1400) Multi-Touch\u00a0IPS LED, Intel UHD Graphics 770 (IGP), 1x HDMI 2.0a, 1x DisplayPort 1.4, 1x USB-C 3.1 (DisplayPort, 10Gbps), 1x USB-C 3.2 (20Gbps), 3x USB-A 3.1 (10Gbps), 2x USB-A 3.0 (5Gbp\u200bs), Wi-Fi 6E, Bluetooth 5.3, Gb LAN, Webcam, Wireless Kbd., Microsoft Windows 11 Pro (64-bit)<\/p>\n","protected":false},"featured_media":100217,"template":"","meta":[],"product_brand":[26],"product_cat":[1287,1286,1218,1957,1961],"product_tag":[1811],"class_list":{"0":"post-100215","1":"product","2":"type-product","3":"status-publish","4":"has-post-thumbnail","6":"product_brand-hewlett-packard","7":"product_cat-hp-racunalniki","8":"product_cat-priljubljena-iskanja","9":"product_cat-racunalniki","10":"product_cat-racunalniki-za-domaco-uporabo","11":"product_cat-racunalniki-za-poslovno-uporabo","12":"product_tag-pp","13":"pa_odgovorna-oseba-v-eu-hp-tehnicna-regulativna-ekipa","15":"first","16":"instock","17":"taxable","18":"shipping-taxable","19":"purchasable","20":"product-type-simple"},"_links":{"self":[{"href":"https:\/\/pracek.si\/racunalniskatrgovina\/wp-json\/wp\/v2\/product\/100215","targetHints":{"allow":["GET"]}}],"collection":[{"href":"https:\/\/pracek.si\/racunalniskatrgovina\/wp-json\/wp\/v2\/product"}],"about":[{"href":"https:\/\/pracek.si\/racunalniskatrgovina\/wp-json\/wp\/v2\/types\/product"}],"version-history":[{"count":1,"href":"https:\/\/pracek.si\/racunalniskatrgovina\/wp-json\/wp\/v2\/product\/100215\/revisions"}],"predecessor-version":[{"id":100216,"href":"https:\/\/pracek.si\/racunalniskatrgovina\/wp-json\/wp\/v2\/product\/100215\/revisions\/100216"}],"wp:featuredmedia":[{"embeddable":true,"href":"https:\/\/pracek.si\/racunalniskatrgovina\/wp-json\/wp\/v2\/media\/100217"}],"wp:attachment":[{"href":"https:\/\/pracek.si\/racunalniskatrgovina\/wp-json\/wp\/v2\/media?parent=100215"}],"wp:term":[{"taxonomy":"product_brand","embeddable":true,"href":"https:\/\/pracek.si\/racunalniskatrgovina\/wp-json\/wp\/v2\/product_brand?post=100215"},{"taxonomy":"product_cat","embeddable":true,"href":"https:\/\/pracek.si\/racunalniskatrgovina\/wp-json\/wp\/v2\/product_cat?post=100215"},{"taxonomy":"product_tag","embeddable":true,"href":"https:\/\/pracek.si\/racunalniskatrgovina\/wp-json\/wp\/v2\/product_tag?post=100215"}],"curies":[{"name":"wp","href":"https:\/\/api.w.org\/{rel}","templated":true}]}}