{"id":100409,"date":"2026-04-04T10:18:23","date_gmt":"2026-04-04T09:18:23","guid":{"rendered":"https:\/\/pracek.si\/racunalniskatrgovina\/izdelek\/prenosnik-dell-precision-3560-i5-ram-16-gb-ssd-disk-156%e2%80%b3-fhd-4\/"},"modified":"2026-04-04T10:18:26","modified_gmt":"2026-04-04T09:18:26","slug":"prenosnik-dell-precision-3560-i5-ram-16-gb-ssd-disk-156%e2%80%b3-fhd-4","status":"publish","type":"product","link":"https:\/\/pracek.si\/racunalniskatrgovina\/izdelek\/prenosnik-dell-precision-3560-i5-ram-16-gb-ssd-disk-156%e2%80%b3-fhd-4\/","title":{"rendered":"Prenosnik Dell Precision 3560 \/ i5 \/ RAM 16 GB \/ SSD Disk \/ 15,6\u2033 FHD"},"content":{"rendered":"<p>Dell Precision 3560 je zanesljiv prenosnik, ki zdru\u017euje visoko zmogljivost in eleganten dizajn, kar ga postavlja med najbolj\u0161e izbire za poslovne uporabnike in tiste, ki potrebujejo visoko procesorsko mo\u010d.<\/p>\n<p>&lt;H2&gt;Najve\u010dje prednosti&lt;\/H2&gt;<br \/>\n&lt;ul&gt;<br \/>\n  &lt;li&gt;&lt;b&gt;Izjemna zmogljivost:&lt;\/b&gt; S procesorjem I5 in integrirano grafi\u010dno kartico zagotavlja teko\u010de delovanje kompleksnih aplikacij in ve\u010dopravilnosti.&lt;\/li&gt;<br \/>\n  &lt;li&gt;&lt;b&gt;Vrhunska grafika:&lt;\/b&gt; 15,6-pal\u010dni FHD zaslon (1920 x 1080) s premazom proti ble\u0161\u010danju omogo\u010da jasne in \u017eivahne slike z manj odsevi.&lt;\/li&gt;<br \/>\n  &lt;li&gt;&lt;b&gt;Hitrost in u\u010dinkovitost:&lt;\/b&gt; NVMe SSD disk omogo\u010da izjemno hitro nalaganje aplikacij in dostop do podatkov.&lt;\/li&gt;<br \/>\n  &lt;li&gt;&lt;b&gt;Povezljivost:&lt;\/b&gt; Raznovrstne mo\u017enosti povezovanja, vklju\u010dno s HDMI in Thunderboltom, zagotavljajo, da boste lahko hitro in enostavno povezali vse svoje naprave.&lt;\/li&gt;<br \/>\n  &lt;li&gt;&lt;b&gt;Fleksibilen dizajn:&lt;\/b&gt; Osvetljena tipkovnica in razli\u010dni priklju\u010dki, kot so USB in bralnik kartic, omogo\u010dajo prilagodljivo in udobno uporabo.&lt;\/li&gt;<br \/>\n&lt;\/ul&gt;<\/p>\n<p>&lt;H2&gt;Kdo kupuje ta izdelek&lt;\/H2&gt;<br \/>\nDell Precision 3560 je idealen za strokovnjake, ki i\u0161\u010dejo zanesljivega partnerja za vsakodnevne poslovne naloge, in umetnike, ki potrebujejo napravo za grafi\u010dno oblikovanje. Namenjen je tudi \u0161tudentom, ki potrebujejo zmogljiv prenosnik za raziskovanje in ustvarjanje projektov.<\/p>\n<p>&lt;H2&gt;Mo\u017enosti nadgradnje&lt;\/H2&gt;<br \/>\nDell Precision 3560 omogo\u010da nadgradnje spomina in diskovnega prostora, kar vam daje svobodo pri prilagajanju zmogljivosti glede na va\u0161e rasto\u010de potrebe. Pred izvedbo nadgradnje se vedno posvetujte s strokovnjakom.<\/p>\n<p>&lt;H2&gt;Zakaj izbrati obnovljeno napravo&lt;\/H2&gt;<br \/>\nObnovljen prenosnik Dell Precision 3560 je pametna izbira za vse, ki i\u0161\u010dete zmogljivo napravo po dostopni ceni. Ta prenosnik je bil strokovno obnovljen in testiran, da ustreza standardiziranim sistemom kakovostnih ocen, kar zagotavlja, da je kakovost obnove na najvi\u0161ji ravni. S tem, ko izberete obnovljeno napravo, prispevate k trajnostni prihodnosti in zmanj\u0161ujete elektronske odpadke, hkrati pa u\u017eivate v visokozmogljivem prenosniku.&lt;h2&gt;B- Kakovost&lt;\/h2&gt;&#13;<br \/>\n&lt;p&gt;Izraziti znaki obrabe. Za tiste, ki jim funkcionalnost pomeni ve\u010d kot izgled. Ohi\u0161je lahko vsebuje opaznej\u0161e nepravilnosti, kot so vidne po\u0161kodbe, praske ali udrtine. Zasloni so funkcionalni, vendar lahko vsebujejo ve\u010d napak.&lt;\/p&gt;<\/p>\n","protected":false},"excerpt":{"rendered":"<p>Intel\u00ae Core\u2122 i5-1135G7 \/ 2,4 GHz \/ Quad-Core \/ 4,2 GHz TurboBoost \/ 2,4 GHz \/ Quad-Core \/ 4,2 GHz TurboBoost, 16 GB DDR4 SODIMM, 2 TB NVMe SSD, 39,6 cm (15,6\u2033), Matiran (AntiGlare, matt), FHD \/ 1920 x 1080, Intel Iris XE Graphics, HDMI, Thunderbolt, 2x USB, backlit_kb, Card reader, bluetooth, No OS Installed &#8211; Win10P COA<\/p>\n","protected":false},"featured_media":100113,"template":"","meta":[],"product_brand":[21],"product_cat":[1290,1300,1204,1301,1291,1286,1224],"product_tag":[1811],"class_list":{"0":"post-100409","1":"product","2":"type-product","3":"status-publish","4":"has-post-thumbnail","6":"product_brand-dell","7":"product_cat-dell-prenosniki","8":"product_cat-delovne-postaje","9":"product_cat-prenosniki","10":"product_cat-prenosniki-15-palcni","11":"product_cat-prenosniki-i5","12":"product_cat-priljubljena-iskanja","13":"product_cat-rabljeni-prenosniki","14":"product_tag-pp","15":"pa_odgovorna-oseba-v-eu-dell-tehnicna-regulativna-ekipa","17":"first","18":"instock","19":"taxable","20":"shipping-taxable","21":"purchasable","22":"product-type-simple"},"_links":{"self":[{"href":"https:\/\/pracek.si\/racunalniskatrgovina\/wp-json\/wp\/v2\/product\/100409","targetHints":{"allow":["GET"]}}],"collection":[{"href":"https:\/\/pracek.si\/racunalniskatrgovina\/wp-json\/wp\/v2\/product"}],"about":[{"href":"https:\/\/pracek.si\/racunalniskatrgovina\/wp-json\/wp\/v2\/types\/product"}],"version-history":[{"count":1,"href":"https:\/\/pracek.si\/racunalniskatrgovina\/wp-json\/wp\/v2\/product\/100409\/revisions"}],"predecessor-version":[{"id":100410,"href":"https:\/\/pracek.si\/racunalniskatrgovina\/wp-json\/wp\/v2\/product\/100409\/revisions\/100410"}],"wp:featuredmedia":[{"embeddable":true,"href":"https:\/\/pracek.si\/racunalniskatrgovina\/wp-json\/wp\/v2\/media\/100113"}],"wp:attachment":[{"href":"https:\/\/pracek.si\/racunalniskatrgovina\/wp-json\/wp\/v2\/media?parent=100409"}],"wp:term":[{"taxonomy":"product_brand","embeddable":true,"href":"https:\/\/pracek.si\/racunalniskatrgovina\/wp-json\/wp\/v2\/product_brand?post=100409"},{"taxonomy":"product_cat","embeddable":true,"href":"https:\/\/pracek.si\/racunalniskatrgovina\/wp-json\/wp\/v2\/product_cat?post=100409"},{"taxonomy":"product_tag","embeddable":true,"href":"https:\/\/pracek.si\/racunalniskatrgovina\/wp-json\/wp\/v2\/product_tag?post=100409"}],"curies":[{"name":"wp","href":"https:\/\/api.w.org\/{rel}","templated":true}]}}