{"id":100413,"date":"2026-04-04T10:18:30","date_gmt":"2026-04-04T09:18:30","guid":{"rendered":"https:\/\/pracek.si\/racunalniskatrgovina\/izdelek\/prenosnik-dell-precision-3560-i5-ram-16-gb-ssd-disk-156%e2%80%b3-hd-2\/"},"modified":"2026-04-04T10:18:31","modified_gmt":"2026-04-04T09:18:31","slug":"prenosnik-dell-precision-3560-i5-ram-16-gb-ssd-disk-156%e2%80%b3-hd-2","status":"publish","type":"product","link":"https:\/\/pracek.si\/racunalniskatrgovina\/izdelek\/prenosnik-dell-precision-3560-i5-ram-16-gb-ssd-disk-156%e2%80%b3-hd-2\/","title":{"rendered":"Prenosnik Dell Precision 3560 \/ i5 \/ RAM 16 GB \/ SSD Disk \/ 15,6\u2033 HD"},"content":{"rendered":"<p>Prenosnik Dell Precision 3560 je popolno orodje za tiste, ki i\u0161\u010dejo zanesljivo in zmogljivo napravo. Z obliko, ki zdru\u017euje eleganco in robustnost, ta prenosnik omogo\u010da brezhibno delo in zabavo. <\/p>\n<p><H2>Najve\u010dje prednosti<\/H2><br \/>\nPrenosnik ponuja vrsto impresivnih lastnosti:<br \/>\n<ul><br \/>\n<li><b>Visoka zmogljivost<\/b> z naprednim procesorjem<\/li><br \/>\n<li>15,6&quot; matiran zaslon, ki zmanj\u0161uje ble\u0161\u010danje in izbolj\u0161a udobje pri dolgotrajni uporabi<\/li><br \/>\n<li>Intel Iris XE Graphics za brezhibno grafi\u010dno izku\u0161njo<\/li><br \/>\n<li>Hitri NVMe SSD za bliskovit dostop do podatkov<\/li><br \/>\n<li>\u0160iroka povezljivost, vklju\u010dena HDMI, Thunderbolt, in USB vhodi<\/li><br \/>\n<li>Osvetljena tipkovnica omogo\u010da delo tudi v slabo osvetljenih prostorih<\/li><br \/>\n<\/ul><\/p>\n<p><H2>Kdo kupuje ta izdelek<\/H2><br \/>\nPrenosnik Dell Precision 3560 je odli\u010dna izbira za profesionalce, \u0161tudente in ustvarjalce, ki potrebujejo vsestransko napravo za vsakodnevne naloge in zahtevnej\u0161e projekte. Zahvaljujo\u010d svoji zanesljivosti je idealen za uporabo v poslovnem okolju ter omogo\u010da gladek prehod med razli\u010dnimi aplikacijami.<\/p>\n<p><H2>Mo\u017enosti nadgradnje<\/H2><br \/>\nTa model ponuja fleksibilnost za prihodnje nadgradnje. Tako disk kot pomnilnik je mogo\u010de nadgraditi, kar zagotavlja, da bo naprava zadostila tudi prihodnjim potrebam. <b>Pred izvedbo nadgradnje se vedno posvetujte s strokovnjakom.<\/b><\/p>\n<p><H2>Zakaj izbrati obnovljeno napravo<\/H2><br \/>\nIzbira obnovljene naprave je okolju prijazna in stro\u0161kovno u\u010dinkovita. Proces obnove vklju\u010duje strokovno pregledane in posodobljene komponente, ki sledijo strogim standardom kakovosti. Tak pristop ne le zmanj\u0161uje okoljski odtis, temve\u010d tudi prina\u0161a visoko vrednost za ceno.<\/p>\n<p>Z izbiro naprave, ki je bila skrbno obnovljena in preverjena, dobite zanesljiv izdelek s potrjeno zmogljivostjo. Prenosnik Dell Precision 3560 je tako zanesljiva in trajnostna izbira za vse, ki cenijo tako tehnologijo kot skrb za okolje.<h2>B- Kakovost<\/h2>&#13;<br \/>\n<p>Izraziti znaki obrabe. Za tiste, ki jim funkcionalnost pomeni ve\u010d kot izgled. Ohi\u0161je lahko vsebuje opaznej\u0161e nepravilnosti, kot so vidne po\u0161kodbe, praske ali udrtine. Zasloni so funkcionalni, vendar lahko vsebujejo ve\u010d napak.<\/p><\/p>\n","protected":false},"excerpt":{"rendered":"<p>Intel\u00ae Core\u2122 i5-1135G7 \/ 2,4 GHz \/ Quad-Core \/ 4,2 GHz TurboBoost \/ 2,4 GHz \/ Quad-Core \/ 4,2 GHz TurboBoost, 16 GB DDR4 SODIMM, 256 GB NVMe SSD, 39,6 cm (15,6\u2033), Matiran (AntiGlare, matt), HD \/ 1366 x 768, Intel Iris XE Graphics, HDMI, Thunderbolt, 2x USB, backlit_kb, Card reader, bluetooth, No OS Installed &#8211; Win10P COA<\/p>\n","protected":false},"featured_media":100113,"template":"","meta":[],"product_brand":[21],"product_cat":[1290,1300,1204,1301,1291,1286,1224],"product_tag":[1811],"class_list":{"0":"post-100413","1":"product","2":"type-product","3":"status-publish","4":"has-post-thumbnail","6":"product_brand-dell","7":"product_cat-dell-prenosniki","8":"product_cat-delovne-postaje","9":"product_cat-prenosniki","10":"product_cat-prenosniki-15-palcni","11":"product_cat-prenosniki-i5","12":"product_cat-priljubljena-iskanja","13":"product_cat-rabljeni-prenosniki","14":"product_tag-pp","15":"pa_odgovorna-oseba-v-eu-dell-tehnicna-regulativna-ekipa","17":"first","18":"instock","19":"taxable","20":"shipping-taxable","21":"purchasable","22":"product-type-simple"},"_links":{"self":[{"href":"https:\/\/pracek.si\/racunalniskatrgovina\/wp-json\/wp\/v2\/product\/100413","targetHints":{"allow":["GET"]}}],"collection":[{"href":"https:\/\/pracek.si\/racunalniskatrgovina\/wp-json\/wp\/v2\/product"}],"about":[{"href":"https:\/\/pracek.si\/racunalniskatrgovina\/wp-json\/wp\/v2\/types\/product"}],"version-history":[{"count":1,"href":"https:\/\/pracek.si\/racunalniskatrgovina\/wp-json\/wp\/v2\/product\/100413\/revisions"}],"predecessor-version":[{"id":100414,"href":"https:\/\/pracek.si\/racunalniskatrgovina\/wp-json\/wp\/v2\/product\/100413\/revisions\/100414"}],"wp:featuredmedia":[{"embeddable":true,"href":"https:\/\/pracek.si\/racunalniskatrgovina\/wp-json\/wp\/v2\/media\/100113"}],"wp:attachment":[{"href":"https:\/\/pracek.si\/racunalniskatrgovina\/wp-json\/wp\/v2\/media?parent=100413"}],"wp:term":[{"taxonomy":"product_brand","embeddable":true,"href":"https:\/\/pracek.si\/racunalniskatrgovina\/wp-json\/wp\/v2\/product_brand?post=100413"},{"taxonomy":"product_cat","embeddable":true,"href":"https:\/\/pracek.si\/racunalniskatrgovina\/wp-json\/wp\/v2\/product_cat?post=100413"},{"taxonomy":"product_tag","embeddable":true,"href":"https:\/\/pracek.si\/racunalniskatrgovina\/wp-json\/wp\/v2\/product_tag?post=100413"}],"curies":[{"name":"wp","href":"https:\/\/api.w.org\/{rel}","templated":true}]}}