{"id":100421,"date":"2026-04-04T10:02:13","date_gmt":"2026-04-04T09:02:13","guid":{"rendered":"https:\/\/pracek.si\/racunalniskatrgovina\/izdelek\/monitor-hp-e24mv-g4-605-cm-238%e2%80%b3-fhd-ips-led-720p-webcam\/"},"modified":"2026-04-04T10:02:18","modified_gmt":"2026-04-04T09:02:18","slug":"monitor-hp-e24mv-g4-605-cm-238%e2%80%b3-fhd-ips-led-720p-webcam","status":"publish","type":"product","link":"https:\/\/pracek.si\/racunalniskatrgovina\/izdelek\/monitor-hp-e24mv-g4-605-cm-238%e2%80%b3-fhd-ips-led-720p-webcam\/","title":{"rendered":"Monitor HP E24mv G4 60,5 cm (23,8\u2033) FHD IPS LED 720p Webcam"},"content":{"rendered":"<p>60,5 cm (23,8\u2033), 1920 x 1080, 5 ms, HDMI, DisplayPort, VGA, USB 3.0, s: 1000:1 \/ d: 5000000:1, 250 cd\/m2, 178\u00b0\/178\u00b0<h2>Odprta embala\u017ea<\/h2>&#13;<br \/>\n<p>Skoraj nobenih znakov obrabe. Tovarni\u0161ka kvaliteta. V ve\u010dini primerov gre za prese\u017eek proizvodnje in neprodane zaloge, pri katerih razlike v primerjavi z novimi napravami niso opazne.<\/p>&#13;<\/p>\n","protected":false},"excerpt":{"rendered":"<p>60,5 cm (23,8\u2033), 1920 x 1080, 5 ms, HDMI, DisplayPort, VGA, USB 3.0, s: 1000:1 \/ d: , 250 cd\/m2, 178\u00b0\/178\u00b0<\/p>\n","protected":false},"featured_media":100422,"template":"","meta":[],"product_brand":[26],"product_cat":[1149],"product_tag":[1811],"class_list":{"0":"post-100421","1":"product","2":"type-product","3":"status-publish","4":"has-post-thumbnail","6":"product_brand-hewlett-packard","7":"product_cat-monitorji","8":"product_tag-pp","9":"pa_odgovorna-oseba-v-eu-hp-tehnicna-regulativna-ekipa","11":"first","12":"instock","13":"taxable","14":"shipping-taxable","15":"purchasable","16":"product-type-simple"},"_links":{"self":[{"href":"https:\/\/pracek.si\/racunalniskatrgovina\/wp-json\/wp\/v2\/product\/100421","targetHints":{"allow":["GET"]}}],"collection":[{"href":"https:\/\/pracek.si\/racunalniskatrgovina\/wp-json\/wp\/v2\/product"}],"about":[{"href":"https:\/\/pracek.si\/racunalniskatrgovina\/wp-json\/wp\/v2\/types\/product"}],"version-history":[{"count":0,"href":"https:\/\/pracek.si\/racunalniskatrgovina\/wp-json\/wp\/v2\/product\/100421\/revisions"}],"wp:featuredmedia":[{"embeddable":true,"href":"https:\/\/pracek.si\/racunalniskatrgovina\/wp-json\/wp\/v2\/media\/100422"}],"wp:attachment":[{"href":"https:\/\/pracek.si\/racunalniskatrgovina\/wp-json\/wp\/v2\/media?parent=100421"}],"wp:term":[{"taxonomy":"product_brand","embeddable":true,"href":"https:\/\/pracek.si\/racunalniskatrgovina\/wp-json\/wp\/v2\/product_brand?post=100421"},{"taxonomy":"product_cat","embeddable":true,"href":"https:\/\/pracek.si\/racunalniskatrgovina\/wp-json\/wp\/v2\/product_cat?post=100421"},{"taxonomy":"product_tag","embeddable":true,"href":"https:\/\/pracek.si\/racunalniskatrgovina\/wp-json\/wp\/v2\/product_tag?post=100421"}],"curies":[{"name":"wp","href":"https:\/\/api.w.org\/{rel}","templated":true}]}}