{"id":100432,"date":"2026-04-04T10:04:08","date_gmt":"2026-04-04T09:04:08","guid":{"rendered":"https:\/\/pracek.si\/racunalniskatrgovina\/izdelek\/monitor-hp-omen-24-605-cm-238%e2%80%b3-fhd-ips-led-freesync-165-hz-2\/"},"modified":"2026-04-04T10:04:19","modified_gmt":"2026-04-04T09:04:19","slug":"monitor-hp-omen-24-605-cm-238%e2%80%b3-fhd-ips-led-freesync-165-hz","status":"publish","type":"product","link":"https:\/\/pracek.si\/racunalniskatrgovina\/izdelek\/monitor-hp-omen-24-605-cm-238%e2%80%b3-fhd-ips-led-freesync-165-hz\/","title":{"rendered":"Monitor HP Omen 24 60,5 cm (23,8\u2033) FHD IPS LED FreeSync 165 Hz"},"content":{"rendered":"<p>60,5 cm (23,8\u2033), 1920 x 1080, 1 ms, 2x HDMI, DisplayPort, static contrast: 1000:1 \/ dynamic contrast: 10000000:1, 300 cd\/m2, 178\u00b0\/178\u00b0&lt;h2&gt;Odprta embala\u017ea&lt;\/h2&gt;&#13;<br \/>\n&lt;p&gt;Skoraj nobenih znakov obrabe. Tovarni\u0161ka kvaliteta. V ve\u010dini primerov gre za prese\u017eek proizvodnje in neprodane zaloge, pri katerih razlike v primerjavi z novimi napravami niso opazne.&lt;\/p&gt;&#13;<\/p>\n","protected":false},"excerpt":{"rendered":"<p>60,5 cm (23,8\u2033), 1920 x 1080, 1 ms, 2x HDMI, DisplayPort, s: 1000:1 \/ d: , 300 cd\/m2, 178\u00b0\/178\u00b0<\/p>\n","protected":false},"featured_media":100433,"template":"","meta":[],"product_brand":[26],"product_cat":[1149],"product_tag":[1811],"class_list":{"0":"post-100432","1":"product","2":"type-product","3":"status-publish","4":"has-post-thumbnail","6":"product_brand-hewlett-packard","7":"product_cat-monitorji","8":"product_tag-pp","9":"pa_odgovorna-oseba-v-eu-hp-tehnicna-regulativna-ekipa","11":"first","12":"instock","13":"taxable","14":"shipping-taxable","15":"purchasable","16":"product-type-simple"},"_links":{"self":[{"href":"https:\/\/pracek.si\/racunalniskatrgovina\/wp-json\/wp\/v2\/product\/100432","targetHints":{"allow":["GET"]}}],"collection":[{"href":"https:\/\/pracek.si\/racunalniskatrgovina\/wp-json\/wp\/v2\/product"}],"about":[{"href":"https:\/\/pracek.si\/racunalniskatrgovina\/wp-json\/wp\/v2\/types\/product"}],"version-history":[{"count":2,"href":"https:\/\/pracek.si\/racunalniskatrgovina\/wp-json\/wp\/v2\/product\/100432\/revisions"}],"predecessor-version":[{"id":100697,"href":"https:\/\/pracek.si\/racunalniskatrgovina\/wp-json\/wp\/v2\/product\/100432\/revisions\/100697"}],"wp:featuredmedia":[{"embeddable":true,"href":"https:\/\/pracek.si\/racunalniskatrgovina\/wp-json\/wp\/v2\/media\/100433"}],"wp:attachment":[{"href":"https:\/\/pracek.si\/racunalniskatrgovina\/wp-json\/wp\/v2\/media?parent=100432"}],"wp:term":[{"taxonomy":"product_brand","embeddable":true,"href":"https:\/\/pracek.si\/racunalniskatrgovina\/wp-json\/wp\/v2\/product_brand?post=100432"},{"taxonomy":"product_cat","embeddable":true,"href":"https:\/\/pracek.si\/racunalniskatrgovina\/wp-json\/wp\/v2\/product_cat?post=100432"},{"taxonomy":"product_tag","embeddable":true,"href":"https:\/\/pracek.si\/racunalniskatrgovina\/wp-json\/wp\/v2\/product_tag?post=100432"}],"curies":[{"name":"wp","href":"https:\/\/api.w.org\/{rel}","templated":true}]}}