{"id":100444,"date":"2026-04-04T10:04:08","date_gmt":"2026-04-04T09:04:08","guid":{"rendered":"https:\/\/pracek.si\/racunalniskatrgovina\/izdelek\/monitor-hp-omen-32q-80-cm-315-qhd-ips-led-hdr400-freesync-165hz\/"},"modified":"2026-04-04T10:04:27","modified_gmt":"2026-04-04T09:04:27","slug":"monitor-hp-omen-32q-80-cm-315%e2%80%b3-qhd-ips-led-hdr400-freesync-165hz-2","status":"publish","type":"product","link":"https:\/\/pracek.si\/racunalniskatrgovina\/izdelek\/monitor-hp-omen-32q-80-cm-315%e2%80%b3-qhd-ips-led-hdr400-freesync-165hz-2\/","title":{"rendered":"Monitor HP Omen 32q 80 cm (31,5\u2033) QHD IPS LED HDR400 FreeSync 165Hz"},"content":{"rendered":"<p>80 cm (31,5\u2033), 2560 x 1440, 1 ms, 2x HDMI, DisplayPort, static contrast: 1000:1 \/ dynamic contrast: 10000000:1, 400 cd\/m2, 178\u00b0\/178\u00b0<h2>Odprta embala\u017ea<\/h2>&#13;<br \/>\n<p>Skoraj nobenih znakov obrabe. Tovarni\u0161ka kvaliteta. V ve\u010dini primerov gre za prese\u017eek proizvodnje in neprodane zaloge, pri katerih razlike v primerjavi z novimi napravami niso opazne.<\/p>&#13;<\/p>\n","protected":false},"excerpt":{"rendered":"<p>80 cm (31,5\u2033), 2560 x 1440, 1 ms, 2x HDMI, DisplayPort, s: 1000:1 \/ d: , 400 cd\/m2, 178\u00b0\/178\u00b0<\/p>\n","protected":false},"featured_media":100606,"template":"","meta":[],"product_brand":[26],"product_cat":[1149],"product_tag":[1811],"class_list":{"0":"post-100444","1":"product","2":"type-product","3":"status-publish","4":"has-post-thumbnail","6":"product_brand-hewlett-packard","7":"product_cat-monitorji","8":"product_tag-pp","9":"pa_odgovorna-oseba-v-eu-hp-tehnicna-regulativna-ekipa","11":"first","12":"instock","13":"taxable","14":"shipping-taxable","15":"purchasable","16":"product-type-simple"},"_links":{"self":[{"href":"https:\/\/pracek.si\/racunalniskatrgovina\/wp-json\/wp\/v2\/product\/100444","targetHints":{"allow":["GET"]}}],"collection":[{"href":"https:\/\/pracek.si\/racunalniskatrgovina\/wp-json\/wp\/v2\/product"}],"about":[{"href":"https:\/\/pracek.si\/racunalniskatrgovina\/wp-json\/wp\/v2\/types\/product"}],"version-history":[{"count":2,"href":"https:\/\/pracek.si\/racunalniskatrgovina\/wp-json\/wp\/v2\/product\/100444\/revisions"}],"predecessor-version":[{"id":100698,"href":"https:\/\/pracek.si\/racunalniskatrgovina\/wp-json\/wp\/v2\/product\/100444\/revisions\/100698"}],"wp:featuredmedia":[{"embeddable":true,"href":"https:\/\/pracek.si\/racunalniskatrgovina\/wp-json\/wp\/v2\/media\/100606"}],"wp:attachment":[{"href":"https:\/\/pracek.si\/racunalniskatrgovina\/wp-json\/wp\/v2\/media?parent=100444"}],"wp:term":[{"taxonomy":"product_brand","embeddable":true,"href":"https:\/\/pracek.si\/racunalniskatrgovina\/wp-json\/wp\/v2\/product_brand?post=100444"},{"taxonomy":"product_cat","embeddable":true,"href":"https:\/\/pracek.si\/racunalniskatrgovina\/wp-json\/wp\/v2\/product_cat?post=100444"},{"taxonomy":"product_tag","embeddable":true,"href":"https:\/\/pracek.si\/racunalniskatrgovina\/wp-json\/wp\/v2\/product_tag?post=100444"}],"curies":[{"name":"wp","href":"https:\/\/api.w.org\/{rel}","templated":true}]}}