{"id":100471,"date":"2026-04-04T10:06:26","date_gmt":"2026-04-04T09:06:26","guid":{"rendered":"https:\/\/pracek.si\/racunalniskatrgovina\/izdelek\/monitor-hp-series-5-pro-527pq-686-cm-27%e2%80%b3-qhd-ips-led-100-hz\/"},"modified":"2026-04-04T10:06:27","modified_gmt":"2026-04-04T09:06:27","slug":"monitor-hp-series-5-pro-527pq-686-cm-27%e2%80%b3-qhd-ips-led-100-hz","status":"publish","type":"product","link":"https:\/\/pracek.si\/racunalniskatrgovina\/izdelek\/monitor-hp-series-5-pro-527pq-686-cm-27%e2%80%b3-qhd-ips-led-100-hz\/","title":{"rendered":"Monitor HP Series 5 Pro 527pq 68,6 cm (27\u2033) QHD IPS LED 100 Hz"},"content":{"rendered":"<p>68,6 cm (27\u2033), 2560 x 1440, 5 ms, HDMI, DisplayPort, 4x USB-A 3.1, static contrast: 1500:1 \/ dynamic contrast:, 178\u00b0\/178\u00b0<h2>Odprta embala\u017ea<\/h2>&#13;<br \/>\n<p>Skoraj nobenih znakov obrabe. Tovarni\u0161ka kvaliteta. V ve\u010dini primerov gre za prese\u017eek proizvodnje in neprodane zaloge, pri katerih razlike v primerjavi z novimi napravami niso opazne.<\/p>&#13;<\/p>\n","protected":false},"excerpt":{"rendered":"<p>68,6 cm (27\u2033), 2560 x 1440, 5 ms, HDMI, DisplayPort, 4x USB-A 3.1, s: 1500:1 \/ d:, 178\u00b0\/178\u00b0<\/p>\n","protected":false},"featured_media":100473,"template":"","meta":[],"product_brand":[26],"product_cat":[1149],"product_tag":[1811],"class_list":{"0":"post-100471","1":"product","2":"type-product","3":"status-publish","4":"has-post-thumbnail","6":"product_brand-hewlett-packard","7":"product_cat-monitorji","8":"product_tag-pp","9":"pa_odgovorna-oseba-v-eu-hp-reg-23010","11":"first","12":"instock","13":"taxable","14":"shipping-taxable","15":"purchasable","16":"product-type-simple"},"_links":{"self":[{"href":"https:\/\/pracek.si\/racunalniskatrgovina\/wp-json\/wp\/v2\/product\/100471","targetHints":{"allow":["GET"]}}],"collection":[{"href":"https:\/\/pracek.si\/racunalniskatrgovina\/wp-json\/wp\/v2\/product"}],"about":[{"href":"https:\/\/pracek.si\/racunalniskatrgovina\/wp-json\/wp\/v2\/types\/product"}],"version-history":[{"count":1,"href":"https:\/\/pracek.si\/racunalniskatrgovina\/wp-json\/wp\/v2\/product\/100471\/revisions"}],"predecessor-version":[{"id":100472,"href":"https:\/\/pracek.si\/racunalniskatrgovina\/wp-json\/wp\/v2\/product\/100471\/revisions\/100472"}],"wp:featuredmedia":[{"embeddable":true,"href":"https:\/\/pracek.si\/racunalniskatrgovina\/wp-json\/wp\/v2\/media\/100473"}],"wp:attachment":[{"href":"https:\/\/pracek.si\/racunalniskatrgovina\/wp-json\/wp\/v2\/media?parent=100471"}],"wp:term":[{"taxonomy":"product_brand","embeddable":true,"href":"https:\/\/pracek.si\/racunalniskatrgovina\/wp-json\/wp\/v2\/product_brand?post=100471"},{"taxonomy":"product_cat","embeddable":true,"href":"https:\/\/pracek.si\/racunalniskatrgovina\/wp-json\/wp\/v2\/product_cat?post=100471"},{"taxonomy":"product_tag","embeddable":true,"href":"https:\/\/pracek.si\/racunalniskatrgovina\/wp-json\/wp\/v2\/product_tag?post=100471"}],"curies":[{"name":"wp","href":"https:\/\/api.w.org\/{rel}","templated":true}]}}