{"id":100523,"date":"2026-04-04T10:04:58","date_gmt":"2026-04-04T09:04:58","guid":{"rendered":"https:\/\/pracek.si\/racunalniskatrgovina\/izdelek\/racunalnik-hp-all-in-one-27-cr0037na-amd-ryzen-7-ram-16-gb-ssd-disk\/"},"modified":"2026-04-04T10:04:59","modified_gmt":"2026-04-04T09:04:59","slug":"racunalnik-hp-all-in-one-27-cr0037na-amd-ryzen-7-ram-16-gb-ssd-disk","status":"publish","type":"product","link":"https:\/\/pracek.si\/racunalniskatrgovina\/izdelek\/racunalnik-hp-all-in-one-27-cr0037na-amd-ryzen-7-ram-16-gb-ssd-disk\/","title":{"rendered":"Ra\u010dunalnik HP All-in-One 27-cr0037na \/ AMD Ryzen\u2122 7 \/ RAM 16 GB \/ SSD Disk"},"content":{"rendered":"<p>HP All-in-One 27-cr0037na je elegantna, celovita re\u0161itev za vse va\u0161e ra\u010dunalni\u0161ke potrebe, zapakirana v kompakten dizajn. S svojo moderno zasnovo in zmogljivostjo je popolna izbira za doma\u010do pisarno ali kreativni studio. Idealna naprava za vse, ki \u017eelijo prefinjeno zdru\u017eitev mo\u010di in elegance.<\/p>\n<p><H2>Najve\u010dje prednosti<\/H2><br \/>\n<ul><br \/>\n    <li><b>Kompakten dizajn:<\/b> Vse komponente so diskretno vgrajene v zadnji del zaslona, kar omogo\u010da \u010disto in urejeno delovno povr\u0161ino.<\/li><br \/>\n    <li><b>Velik 27-pal\u010dni FHD zaslon:<\/b> U\u017eivajte v \u017eivahnih in jasnih slikah, ki jih ponuja \u0161irokokotni LED zaslon.<\/li><br \/>\n    <li><b>Zmogljiv procesor Ryzen<\/b> v kombinaciji z <b>AMD Radeon grafiko<\/b> zagotavlja popolno zmogljivost za vsakodnevne naloge in ve\u010dpredstavnost.<\/li><br \/>\n    <li><b>Bliskovita hitrost NVMe SSD:<\/b> Izku\u0161nja bliskovitega dostopa do va\u0161ih podatkov in hitrega zagona aplikacij.<\/li><br \/>\n    <li><b>Bogate povezljivostne mo\u017enosti:<\/b> USB-C, ve\u010d USB-A vhodov, HDMI in brez\u017ei\u010dna povezljivost omogo\u010dajo enostavno povezovanje z drugimi napravami.<\/li><br \/>\n<\/ul><\/p>\n<p><H2>Kdo kupuje ta izdelek<\/H2><br \/>\nTa ra\u010dunalnik je idealen za profesionalce, ki \u017eelijo u\u010dinkovito delovno postajo z veliko prostora za ve\u010dopravilnost. Prav tako je odli\u010dna izbira za dru\u017eine, ki potrebujejo zanesljivo napravo za \u0161olanje na daljavo, zabavo ali spletno komunikacijo.<\/p>\n<p><H2>Mo\u017enosti nadgradnje<\/H2><br \/>\nTa ra\u010dunalnik omogo\u010da enostavno nadgradnjo pomnilnika in diska, da boste vedno v koraku s tehnolo\u0161kim razvojem. <b>Pred izvedbo nadgradnje se vedno posvetujte s strokovnjakom.<\/b><\/p>\n<p><H2>Zakaj izbrati obnovljeno napravo<\/H2><br \/>\nIzbira obnovljene naprave je odli\u010dna prilo\u017enost za pridobitev vrhunskega izdelka po bolj dostopni ceni. Vsaka naprava je podvr\u017eena strokovni obnovitvi in standardiziranemu sistemu kakovostnih ocen, ki zagotavlja zanesljivo delovanje ob primernem vplivu na okolje. S tem pridobite vrhunski izdelek, ki bo zadovoljil va\u0161e potrebe in prispeval k trajnostni prihodnosti.<h2>Odprta embala\u017ea<\/h2>&#13;<br \/>\n<p>Skoraj nobenih znakov obrabe. Tovarni\u0161ka kvaliteta. V ve\u010dini primerov gre za prese\u017eek proizvodnje in neprodane zaloge, pri katerih razlike v primerjavi z novimi napravami niso opazne.<\/p>&#13;<\/p>\n","protected":false},"excerpt":{"rendered":"<p>AMD Ryzen R7 7730U (2,0 GHz), 16 GB (2x8GB) DDR4-3200, SSD 1 TB M.2 PCIe NVMe, 68,6 cm (27\u2033) FHD (1920&#215;1080) UWVA LED, AMD Radeon Graphics (IGP), HDMI, 1x USB-C (5Gbps), 2x USB-A 3.2 Gen1 (5Gbps), 2x USB-A 2.0, Wi-Fi, Bluetooth, Webcam, Wireless, Microsoft Windows 11 Home (64-bit)<\/p>\n","protected":false},"featured_media":100525,"template":"","meta":[],"product_brand":[26],"product_cat":[1287,1286,1218,1957],"product_tag":[1811],"class_list":{"0":"post-100523","1":"product","2":"type-product","3":"status-publish","4":"has-post-thumbnail","6":"product_brand-hewlett-packard","7":"product_cat-hp-racunalniki","8":"product_cat-priljubljena-iskanja","9":"product_cat-racunalniki","10":"product_cat-racunalniki-za-domaco-uporabo","11":"product_tag-pp","12":"pa_odgovorna-oseba-v-eu-hp-reg-23010","14":"first","15":"instock","16":"taxable","17":"shipping-taxable","18":"purchasable","19":"product-type-simple"},"_links":{"self":[{"href":"https:\/\/pracek.si\/racunalniskatrgovina\/wp-json\/wp\/v2\/product\/100523","targetHints":{"allow":["GET"]}}],"collection":[{"href":"https:\/\/pracek.si\/racunalniskatrgovina\/wp-json\/wp\/v2\/product"}],"about":[{"href":"https:\/\/pracek.si\/racunalniskatrgovina\/wp-json\/wp\/v2\/types\/product"}],"version-history":[{"count":1,"href":"https:\/\/pracek.si\/racunalniskatrgovina\/wp-json\/wp\/v2\/product\/100523\/revisions"}],"predecessor-version":[{"id":100524,"href":"https:\/\/pracek.si\/racunalniskatrgovina\/wp-json\/wp\/v2\/product\/100523\/revisions\/100524"}],"wp:featuredmedia":[{"embeddable":true,"href":"https:\/\/pracek.si\/racunalniskatrgovina\/wp-json\/wp\/v2\/media\/100525"}],"wp:attachment":[{"href":"https:\/\/pracek.si\/racunalniskatrgovina\/wp-json\/wp\/v2\/media?parent=100523"}],"wp:term":[{"taxonomy":"product_brand","embeddable":true,"href":"https:\/\/pracek.si\/racunalniskatrgovina\/wp-json\/wp\/v2\/product_brand?post=100523"},{"taxonomy":"product_cat","embeddable":true,"href":"https:\/\/pracek.si\/racunalniskatrgovina\/wp-json\/wp\/v2\/product_cat?post=100523"},{"taxonomy":"product_tag","embeddable":true,"href":"https:\/\/pracek.si\/racunalniskatrgovina\/wp-json\/wp\/v2\/product_tag?post=100523"}],"curies":[{"name":"wp","href":"https:\/\/api.w.org\/{rel}","templated":true}]}}