{"id":100529,"date":"2026-04-04T10:06:32","date_gmt":"2026-04-04T09:06:32","guid":{"rendered":"https:\/\/pracek.si\/racunalniskatrgovina\/izdelek\/prenosnik-hp-elitebook-640-g11-wwan-u5-135u-touch-ultra-5-ram-16-gb-ssd-disk-140%e2%80%b3-wuxga\/"},"modified":"2026-04-04T10:06:38","modified_gmt":"2026-04-04T09:06:38","slug":"prenosnik-hp-elitebook-640-g11-wwan-u5-135u-touch-ultra-5-ram-16-gb-ssd-disk-140%e2%80%b3-wuxga","status":"publish","type":"product","link":"https:\/\/pracek.si\/racunalniskatrgovina\/izdelek\/prenosnik-hp-elitebook-640-g11-wwan-u5-135u-touch-ultra-5-ram-16-gb-ssd-disk-140%e2%80%b3-wuxga\/","title":{"rendered":"Prenosnik HP EliteBook 640 G11 WWAN | U5-135U | Touch \/ Ultra 5 \/ RAM 16 GB \/ SSD Disk \/ 14,0\u2033 WUXGA"},"content":{"rendered":"<p>HP EliteBook 640 G11 WWAN je eleganten in zmogljiv prenosnik, zasnovan za izjemno produktivnost in zanesljivo delovanje. Njegov 14,0-pal\u010dni zaslon WUXGA omogo\u010da ostro in jasno prikazovanje vsebine z ve\u010dprstnim dotikom, kar strankam olaj\u0161a interakcijo in pove\u010danje delovne u\u010dinkovitosti.<\/p>\n<p>&lt;H2&gt;Najve\u010dje prednosti&lt;\/H2&gt;<br \/>\n&lt;b&gt;HP EliteBook 640 G11 WWAN&lt;\/b&gt; je idealen za tiste, ki potrebujejo trpe\u017eno prenosno napravo s sodobnimi zmogljivostmi. Ta prenosnik se pona\u0161a z:<br \/>\n&lt;ul&gt;<br \/>\n  &lt;li&gt;Mo\u017enostmi povezovanja s hitrimi re\u0161itvami, kot so Thunderbolt 4 in Wi-Fi 6E.&lt;\/li&gt;<br \/>\n  &lt;li&gt;Prakti\u010dno funkcionalnostjo zahvaljujo\u010d vgrajeni spletni kameri in bralniku prstnih odtisov.&lt;\/li&gt;<br \/>\n  &lt;li&gt;Izjemno hitro obdelavo podatkov z uporabo PCIe NVMe SSD diska.&lt;\/li&gt;<br \/>\n&lt;\/ul&gt;<\/p>\n<p>&lt;H2&gt;Kdo kupuje ta izdelek&lt;\/H2&gt;<br \/>\nTa prenosnik je popolna izbira za poslovne ljudi, IT strokovnjake in kreativne profesionalce, ki potrebujejo zanesljivost in prilagodljivost na poti. Omogo\u010da zahtevne poslovne aplikacije in obdelavo ve\u010dopravilnih nalog brez te\u017eav.<\/p>\n<p>&lt;H2&gt;Mo\u017enosti nadgradnje&lt;\/H2&gt;<br \/>\nPrenosnik omogo\u010da fleksibilne mo\u017enosti nadgradnje diska in pomnilnika, s \u010dimer se lahko prilagodi rasto\u010dim potrebam uporabnikov. &lt;b&gt;Pred izvedbo nadgradnje se vedno posvetujte s strokovnjakom.&lt;\/b&gt;<\/p>\n<p>&lt;H2&gt;Zakaj izbrati obnovljeno napravo&lt;\/H2&gt;<br \/>\nIzbira obnovljene naprave pomeni sprejetje trajnostne odlo\u010ditve, ki pozitivno vpliva na okolje. Vsak HP EliteBook pred prodajo prestane strokovno obnovo in preglede, kar zagotavlja visoko stopnjo kakovosti naprave. Tako kupci prejmejo racionalno in vrednostno ponudbo, ki omogo\u010da dostop do napredne tehnologije po dostopni ceni.&lt;h2&gt;Odprta embala\u017ea&lt;\/h2&gt;&#13;<br \/>\n&lt;p&gt;Skoraj nobenih znakov obrabe. Tovarni\u0161ka kvaliteta. V ve\u010dini primerov gre za prese\u017eek proizvodnje in neprodane zaloge, pri katerih razlike v primerjavi z novimi napravami niso opazne.&lt;\/p&gt;&#13;<\/p>\n","protected":false},"excerpt":{"rendered":"<p>Intel Core Ultra 5 135U (1,6\u00a0GHz), 35,6 cm (14,0&#8243;) WUXGA (1920&#215;1200) Multi-Touch AG LED, 16 GB (2x8GB) DDR5-5600, SSD 512 GB M.2 PCIe NVMe, Intel Graphics (IGP), HDMI 2.1, 2x Thunderbolt 4 (USB-C\/DisplayPort &#8211; 40Gbps), 2x USB-A 3.2 Gen1 (5Gbps),\u00a0Wi-Fi 6E (AX211), Bluetooth 5.3, HP 4000 4G WWAN, Webcam, Fingerprint, Backlit\u00a0Kbd., Microsoft\u00a0Windows 11 Pro (64-bit)<\/p>\n","protected":false},"featured_media":100531,"template":"","meta":[],"product_brand":[26],"product_cat":[1296,1204,1958,1959,1286],"product_tag":[1811],"class_list":{"0":"post-100529","1":"product","2":"type-product","3":"status-publish","4":"has-post-thumbnail","6":"product_brand-hewlett-packard","7":"product_cat-hp-prenosniki","8":"product_cat-prenosniki","9":"product_cat-prenosniki-za-domaco-uporabo","10":"product_cat-prenosniki-za-poslovno-uporabo","11":"product_cat-priljubljena-iskanja","12":"product_tag-pp","13":"pa_odgovorna-oseba-v-eu-hp-tehnicna-regulativna-ekipa","15":"first","16":"instock","17":"taxable","18":"shipping-taxable","19":"purchasable","20":"product-type-simple"},"_links":{"self":[{"href":"https:\/\/pracek.si\/racunalniskatrgovina\/wp-json\/wp\/v2\/product\/100529","targetHints":{"allow":["GET"]}}],"collection":[{"href":"https:\/\/pracek.si\/racunalniskatrgovina\/wp-json\/wp\/v2\/product"}],"about":[{"href":"https:\/\/pracek.si\/racunalniskatrgovina\/wp-json\/wp\/v2\/types\/product"}],"version-history":[{"count":1,"href":"https:\/\/pracek.si\/racunalniskatrgovina\/wp-json\/wp\/v2\/product\/100529\/revisions"}],"predecessor-version":[{"id":100530,"href":"https:\/\/pracek.si\/racunalniskatrgovina\/wp-json\/wp\/v2\/product\/100529\/revisions\/100530"}],"wp:featuredmedia":[{"embeddable":true,"href":"https:\/\/pracek.si\/racunalniskatrgovina\/wp-json\/wp\/v2\/media\/100531"}],"wp:attachment":[{"href":"https:\/\/pracek.si\/racunalniskatrgovina\/wp-json\/wp\/v2\/media?parent=100529"}],"wp:term":[{"taxonomy":"product_brand","embeddable":true,"href":"https:\/\/pracek.si\/racunalniskatrgovina\/wp-json\/wp\/v2\/product_brand?post=100529"},{"taxonomy":"product_cat","embeddable":true,"href":"https:\/\/pracek.si\/racunalniskatrgovina\/wp-json\/wp\/v2\/product_cat?post=100529"},{"taxonomy":"product_tag","embeddable":true,"href":"https:\/\/pracek.si\/racunalniskatrgovina\/wp-json\/wp\/v2\/product_tag?post=100529"}],"curies":[{"name":"wp","href":"https:\/\/api.w.org\/{rel}","templated":true}]}}