{"id":100551,"date":"2026-04-04T10:08:28","date_gmt":"2026-04-04T09:08:28","guid":{"rendered":"https:\/\/pracek.si\/racunalniskatrgovina\/izdelek\/prenosnik-victus-gaming-15-fa2049ns-i5-13-gen-rtx-3050-win-10-pro-i5-ram-16-gb-ssd-disk-156%e2%80%b3-fhd\/"},"modified":"2026-04-04T10:08:36","modified_gmt":"2026-04-04T09:08:36","slug":"prenosnik-victus-gaming-15-fa2049ns-i5-13-gen-rtx-3050-win-10-pro-i5-ram-16-gb-ssd-disk-156%e2%80%b3-fhd","status":"publish","type":"product","link":"https:\/\/pracek.si\/racunalniskatrgovina\/izdelek\/prenosnik-victus-gaming-15-fa2049ns-i5-13-gen-rtx-3050-win-10-pro-i5-ram-16-gb-ssd-disk-156%e2%80%b3-fhd\/","title":{"rendered":"Prenosnik Victus Gaming 15-fa2049ns | i5 13. gen | RTX 3050 | Win 10 Pro \/ i5 \/ RAM 16 GB \/ SSD Disk \/ 15,6\u2033 FHD"},"content":{"rendered":"<p>Prenosnik Victus Gaming 15-fa2049ns predstavlja idealno ravnote\u017eje med zmogljivostjo in stilom. Tehnolo\u0161ko napreden, izdelan z namenom navdu\u0161iti tako izku\u0161ene igralce kot ustvarjalce vsebin. Popolna izbira za tiste, ki i\u0161\u010dejo zanesljivo napravo z elegantnim videzom in neverjetno zmogljivostjo.<\/p>\n<p>&lt;H2&gt;Najve\u010dje prednosti&lt;\/H2&gt;<br \/>\n&lt;ul&gt;<br \/>\n  &lt;li&gt;&lt;b&gt;Izjemna grafi\u010dna zmogljivost:&lt;\/b&gt; NVIDIA GeForce RTX 3050 poskrbi za vrhunsko izku\u0161njo, ne glede na to, ali igrate igre ali ustvarjate vizualne vsebine.&lt;\/li&gt;<br \/>\n  &lt;li&gt;&lt;b&gt;Hitrost delovanja:&lt;\/b&gt; Pripravljeni na prihodnost zahvaljujo\u010d uporabi NVMe tehnologije, ki omogo\u010da izjemno hitre prenose podatkov.&lt;\/li&gt;<br \/>\n  &lt;li&gt;&lt;b&gt;Visokofrekven\u010dni zaslon:&lt;\/b&gt; 15,6-pal\u010dni FHD AG LED zaslon s hitrostjo osve\u017eevanja 144 Hz zagotavlja gladko in dinami\u010dno sliko, idealno za neprekinjen igralni u\u017eitek.&lt;\/li&gt;<br \/>\n  &lt;li&gt;&lt;b&gt;Povezljivost:&lt;\/b&gt; Prenosnik vklju\u010duje HDMI 2.1, USB-C in USB-A vmesnike, ki omogo\u010dajo \u0161iroko povezljivost z razli\u010dnimi zunanjimi napravami.&lt;\/li&gt;<br \/>\n&lt;\/ul&gt;<\/p>\n<p>&lt;H2&gt;Kdo kupuje ta izdelek&lt;\/H2&gt;<br \/>\nVictus Gaming prenosnik je namenjen igralcem, grafi\u010dnim oblikovalcem in vsem, ki potrebujejo napravo za intenzivna opravila in kreativno delo. Prav tako je briljantna izbira za \u0161tudente in poslovne\u017ee, ki i\u0161\u010dejo mo\u010den, a prenosljiv prenosnik.<\/p>\n<p>&lt;H2&gt;Mo\u017enosti nadgradnje&lt;\/H2&gt;<br \/>\nVictus Gaming prenosnik je zasnovan tako, da omogo\u010da nadgradnjo pomnilnika in diska, kar vam daje pro\u017enost, da prilagodite zmogljivost svojim potrebam. Pred izvedbo nadgradnje se vedno posvetujte s strokovnjakom.<\/p>\n<p>&lt;H2&gt;Zakaj izbrati obnovljeno napravo&lt;\/H2&gt;<br \/>\nIzbor obnovljene naprave ne pomeni le var\u010devanja, temve\u010d tudi prispevek k trajnostnemu na\u010dinu \u017eivljenja s zmanj\u0161evanjem elektronskih odpadkov. Na\u0161a strokovno obnovljena oprema dosega standardizirane ocene kakovosti, kar zagotavlja zanesljivost in dolgotrajno uporabo. Optimizirajte va\u0161a sredstva, bodite okoljsko odgovorni in izberite kakovost, ki ne razo\u010dara.&lt;h2&gt;Odprta embala\u017ea&lt;\/h2&gt;&#13;<br \/>\n&lt;p&gt;Skoraj nobenih znakov obrabe. Tovarni\u0161ka kvaliteta. V ve\u010dini primerov gre za prese\u017eek proizvodnje in neprodane zaloge, pri katerih razlike v primerjavi z novimi napravami niso opazne.&lt;\/p&gt;&#13;<\/p>\n","protected":false},"excerpt":{"rendered":"<p>Intel Core i5-13420H (2,1\u00a0GHz), 16 GB DDR4-3200, SSD 512 GB M.2 PCie NVMe, 39,6 cm (15,6\u2033) FHD (1920&#215;1080) AG LED 144 Hz, NVIDIA GeForce RTX 3050 (6\u00a0GB GDDR6), HDMI 2.1, 1x USB-C 3.2 5Gbps, 2x USB-A 3.2 (5Gbps), Wi-Fi 6, Bluetooth 5.4, Webcam, Backlit Kbd., Microsoft Windows 10 Pro (64-bit)<\/p>\n","protected":false},"featured_media":100553,"template":"","meta":[],"product_brand":[26],"product_cat":[1296,1204,1301,1291,1958,1962,1286],"product_tag":[1811],"class_list":{"0":"post-100551","1":"product","2":"type-product","3":"status-publish","4":"has-post-thumbnail","6":"product_brand-hewlett-packard","7":"product_cat-hp-prenosniki","8":"product_cat-prenosniki","9":"product_cat-prenosniki-15-palcni","10":"product_cat-prenosniki-i5","11":"product_cat-prenosniki-za-domaco-uporabo","12":"product_cat-prenosniki-za-igranje-iger-gaming-prenosniki","13":"product_cat-priljubljena-iskanja","14":"product_tag-pp","15":"pa_odgovorna-oseba-v-eu-hp-tehnicna-regulativna-ekipa","17":"first","18":"instock","19":"taxable","20":"shipping-taxable","21":"purchasable","22":"product-type-simple"},"_links":{"self":[{"href":"https:\/\/pracek.si\/racunalniskatrgovina\/wp-json\/wp\/v2\/product\/100551","targetHints":{"allow":["GET"]}}],"collection":[{"href":"https:\/\/pracek.si\/racunalniskatrgovina\/wp-json\/wp\/v2\/product"}],"about":[{"href":"https:\/\/pracek.si\/racunalniskatrgovina\/wp-json\/wp\/v2\/types\/product"}],"version-history":[{"count":1,"href":"https:\/\/pracek.si\/racunalniskatrgovina\/wp-json\/wp\/v2\/product\/100551\/revisions"}],"predecessor-version":[{"id":100552,"href":"https:\/\/pracek.si\/racunalniskatrgovina\/wp-json\/wp\/v2\/product\/100551\/revisions\/100552"}],"wp:featuredmedia":[{"embeddable":true,"href":"https:\/\/pracek.si\/racunalniskatrgovina\/wp-json\/wp\/v2\/media\/100553"}],"wp:attachment":[{"href":"https:\/\/pracek.si\/racunalniskatrgovina\/wp-json\/wp\/v2\/media?parent=100551"}],"wp:term":[{"taxonomy":"product_brand","embeddable":true,"href":"https:\/\/pracek.si\/racunalniskatrgovina\/wp-json\/wp\/v2\/product_brand?post=100551"},{"taxonomy":"product_cat","embeddable":true,"href":"https:\/\/pracek.si\/racunalniskatrgovina\/wp-json\/wp\/v2\/product_cat?post=100551"},{"taxonomy":"product_tag","embeddable":true,"href":"https:\/\/pracek.si\/racunalniskatrgovina\/wp-json\/wp\/v2\/product_tag?post=100551"}],"curies":[{"name":"wp","href":"https:\/\/api.w.org\/{rel}","templated":true}]}}