{"id":100630,"date":"2026-04-04T10:20:51","date_gmt":"2026-04-04T09:20:51","guid":{"rendered":"https:\/\/pracek.si\/racunalniskatrgovina\/izdelek\/prenosnik-hp-15-fd0286ns-i5-13-gen-i5-ram-16-gb-ssd-disk-156%e2%80%b3-fhd\/"},"modified":"2026-04-04T10:20:52","modified_gmt":"2026-04-04T09:20:52","slug":"prenosnik-hp-15-fd0286ns-i5-13-gen-i5-ram-16-gb-ssd-disk-156%e2%80%b3-fhd","status":"publish","type":"product","link":"https:\/\/pracek.si\/racunalniskatrgovina\/izdelek\/prenosnik-hp-15-fd0286ns-i5-13-gen-i5-ram-16-gb-ssd-disk-156%e2%80%b3-fhd\/","title":{"rendered":"Prenosnik HP 15-fd0286ns | i5 13.gen \/ i5 \/ RAM 16 GB \/ SSD Disk \/ 15,6\u2033 FHD"},"content":{"rendered":"<p>Prenosnik HP 15-fd0286ns prina\u0161a popolno ravnovesje mo\u010di, hitrosti in elegantne oblike, namenjen tistim, ki i\u0161\u010dejo zmogljivo in zanesljivo napravo za vsakodnevno uporabo.<\/p>\n<p><H2>Najve\u010dje prednosti<\/H2><br \/>\nS svojim osupljivim 15,6-pal\u010dnim FHD zaslonom nudi HP 15-fd0286ns izjemne vizualne u\u017eitke, kar ga naredi idealno izbiro za gledanje filmov, brskanje po spletu ali delo z grafiko. Uporabljen procesor I5 ter premium SSD disk z NVMe tehnologijo zagotavljata <b>izjemno hitrost pri nalaganju aplikacij in prenosu datotek<\/b>. \u0160iroka paleta priklju\u010dkov, vklju\u010dno z HDMI, USB-A in USB-C, omogo\u010da brezhibno povezovanje s \u0161tevilnimi dodatki, zaradi \u010desar boste vedno pripravljeni na izzive. Vgrajen Wi-Fi 6 in Bluetooth 5.3 poskrbita za stabilno in hitro brez\u017ei\u010dno povezljivost.<\/p>\n<p><H2>Kdo kupuje ta izdelek<\/H2><br \/>\nTa prenosnik je kot nala\u0161\u010d za \u0161tudente, profesionalce in vse, ki potrebujejo <b>zmogljivo orodje za delo in u\u010denje<\/b>. U\u010dinkovit je pri ve\u010dopravilnosti, zato omogo\u010da enostavno preklapljanje med razli\u010dnimi nalogami brez kompromisa glede hitrosti ali zmogljivosti. Tudi tisti, ki imajo radi multimedijske aktivnosti, bodo cenili visoko lo\u010dljivost zaslona in kakovost zvoka.<\/p>\n<p><H2>Mo\u017enosti nadgradnje<\/H2><br \/>\nHP 15-fd0286ns ponuja fleksibilnost, da nadgradite pomnilnik in disk, kar pomeni, da lahko napravo prilagodite svojim potrebam po shranjevanju in hitrosti. <b>Pred izvedbo nadgradnje se vedno posvetujte s strokovnjakom.<\/b><\/p>\n<p><H2>Zakaj izbrati obnovljeno napravo<\/H2><br \/>\nIzbira obnovljenega prenosnika ni le ekonomsko, temve\u010d tudi okoljsko odgovorna odlo\u010ditev. Strokovno obnovljene naprave sledijo strogo standardiziranemu sistemu kakovostnih ocen, kar zagotavlja zanesljivost in dolgotrajno delovanje. Tak nakup omogo\u010da dostop do visoko zmogljivih naprav po ugodnej\u0161i ceni in hkrati prispeva k zmanj\u0161anju elektronskih odpadkov, kar ima pozitiven u\u010dinek na planet.<h2>Odprta embala\u017ea<\/h2>&#13;<br \/>\n<p>Skoraj nobenih znakov obrabe. Tovarni\u0161ka kvaliteta. V ve\u010dini primerov gre za prese\u017eek proizvodnje in neprodane zaloge, pri katerih razlike v primerjavi z novimi napravami niso opazne.<\/p>&#13;<\/p>\n","protected":false},"excerpt":{"rendered":"<p>Intel Core i5-1334U (1,3\u00a0GHz), 16\u00a0GB (2x8GB) DDR4-3200, SSD 1 TB M.2 PCIe NVMe, 39,6 cm (15,6\u2033) FHD (1920&#215;1080) AG LED 60 Hz, Intel Iris\u00a0Graphics (IGP), HDMI 1.4, 2x USB-A 3.2 Gen1 (5Gbps)\u00a0+ 1x USB-C 3.2 Gen1 (5Gbps), no ODD, Webcam, Wi-Fi\u00a06 (2&#215;2), Bluetooth 5.3, Std. Kbd.,\u00a0Microsoft Windows 10 Home\u00a0(64-bit)<\/p>\n","protected":false},"featured_media":100632,"template":"","meta":[],"product_brand":[26],"product_cat":[1296,1204,1301,1291,1964,1958,1959,1286],"product_tag":[1811],"class_list":{"0":"post-100630","1":"product","2":"type-product","3":"status-publish","4":"has-post-thumbnail","6":"product_brand-hewlett-packard","7":"product_cat-hp-prenosniki","8":"product_cat-prenosniki","9":"product_cat-prenosniki-15-palcni","10":"product_cat-prenosniki-i5","11":"product_cat-prenosniki-ultrabook","12":"product_cat-prenosniki-za-domaco-uporabo","13":"product_cat-prenosniki-za-poslovno-uporabo","14":"product_cat-priljubljena-iskanja","15":"product_tag-pp","16":"pa_odgovorna-oseba-v-eu-hp-tehnicna-regulativna-ekipa","18":"first","19":"instock","20":"taxable","21":"shipping-taxable","22":"purchasable","23":"product-type-simple"},"_links":{"self":[{"href":"https:\/\/pracek.si\/racunalniskatrgovina\/wp-json\/wp\/v2\/product\/100630","targetHints":{"allow":["GET"]}}],"collection":[{"href":"https:\/\/pracek.si\/racunalniskatrgovina\/wp-json\/wp\/v2\/product"}],"about":[{"href":"https:\/\/pracek.si\/racunalniskatrgovina\/wp-json\/wp\/v2\/types\/product"}],"version-history":[{"count":1,"href":"https:\/\/pracek.si\/racunalniskatrgovina\/wp-json\/wp\/v2\/product\/100630\/revisions"}],"predecessor-version":[{"id":100631,"href":"https:\/\/pracek.si\/racunalniskatrgovina\/wp-json\/wp\/v2\/product\/100630\/revisions\/100631"}],"wp:featuredmedia":[{"embeddable":true,"href":"https:\/\/pracek.si\/racunalniskatrgovina\/wp-json\/wp\/v2\/media\/100632"}],"wp:attachment":[{"href":"https:\/\/pracek.si\/racunalniskatrgovina\/wp-json\/wp\/v2\/media?parent=100630"}],"wp:term":[{"taxonomy":"product_brand","embeddable":true,"href":"https:\/\/pracek.si\/racunalniskatrgovina\/wp-json\/wp\/v2\/product_brand?post=100630"},{"taxonomy":"product_cat","embeddable":true,"href":"https:\/\/pracek.si\/racunalniskatrgovina\/wp-json\/wp\/v2\/product_cat?post=100630"},{"taxonomy":"product_tag","embeddable":true,"href":"https:\/\/pracek.si\/racunalniskatrgovina\/wp-json\/wp\/v2\/product_tag?post=100630"}],"curies":[{"name":"wp","href":"https:\/\/api.w.org\/{rel}","templated":true}]}}