{"id":100708,"date":"2026-04-04T10:08:56","date_gmt":"2026-04-04T09:08:56","guid":{"rendered":"https:\/\/pracek.si\/racunalniskatrgovina\/izdelek\/racunalnik-hp-proone-240-g10-i5-1335u-i5-ram-16-gb-ssd-disk\/"},"modified":"2026-04-04T10:09:02","modified_gmt":"2026-04-04T09:09:02","slug":"racunalnik-hp-proone-240-g10-i5-1335u-i5-ram-16-gb-ssd-disk","status":"publish","type":"product","link":"https:\/\/pracek.si\/racunalniskatrgovina\/izdelek\/racunalnik-hp-proone-240-g10-i5-1335u-i5-ram-16-gb-ssd-disk\/","title":{"rendered":"Ra\u010dunalnik HP ProOne 240 G10 | i5-1335U \/ i5 \/ RAM 16 GB \/ SSD Disk"},"content":{"rendered":"<p>Ra\u010dunalnik HP ProOne 240 G10 je va\u0161a idealna izbira za \u0161tevilne poslovne in osebne naloge. Sodobna tehnologija v elegantni zasnovi zagotavlja zmogljivost, ki jo potrebujete za delovne procese, ustvarjanje vsebin in multimedijsko uporabo.<\/p>\n<p><H2>Najve\u010dje prednosti<\/H2><br \/>\n<ul><br \/>\n<li>Eleganten in kompakten dizajn z <b>23,8-pal\u010dnim FHD<\/b> zaslonom<\/li><br \/>\n<li>Zmogljiva <b>grafi\u010dna kartica Intel Iris Xe<\/b> za izbolj\u0161ano vizualno izku\u0161njo<\/li><br \/>\n<li>Shranjevanje in hitrost zagotovo nista problem zahvaljujo\u010d <b>hitra SSD NVMe<\/b> tehnologiji<\/li><br \/>\n<li>Brezhiben brez\u017ei\u010dni dostop z <b>Wi-Fi 6 in Bluetooth 5.3<\/b><\/li><br \/>\n<li>Povezljivost na najvi\u0161jem nivoju z raznovrstnimi <b>USB in HDMI<\/b> priklju\u010dki<\/li><br \/>\n<\/ul><\/p>\n<p><H2>Kdo kupuje ta izdelek<\/H2><br \/>\nTa model je ustvarjen za profesionalce, ki zahtevajo zanesljivost in zmogljivost. Idealna izbira je za podjetja, kjer je potreben stabilen delovni proces in za doma\u010de uporabnike, ki i\u0161\u010dejo ve\u010dopravilno re\u0161itev za urejanje dokumentov, brskanje po spletu ter predvajanje medijev.<\/p>\n<p><H2>Mo\u017enosti nadgradnje<\/H2><br \/>\nRa\u010dunalnik omogo\u010da enostavno nadgradnjo pomnilnika in diska, kar pomeni, da ga lahko prilagodite svojim potrebam po ve\u010dji zmogljivosti. Pred izvedbo nadgradnje se vedno posvetujte s strokovnjakom.<\/p>\n<p><H2>Zakaj izbrati obnovljeno napravo<\/H2><br \/>\nIzbira strokovno obnovljenega ra\u010dunalnika HP ProOne 240 G10 je trajnostna odlo\u010ditev, ki podalj\u0161uje \u017eivljenjsko dobo naprave. Postopek obnove vklju\u010duje podroben pregled in testiranje, s \u010dimer so zagotovljeni visoki standardi kakovosti. Tak\u0161na odlo\u010ditev ne podpira samo varovanja okolja, ampak omogo\u010da tudi znatne prihranke brez sklepanja kompromisov glede kakovosti in zmogljivosti.<\/p>\n<p>Ta ra\u010dunalnik predstavlja odli\u010dno kombinacijo napredne tehnologije in funkcionalne oblike, zaradi katere je izjemna vrednost za vse uporabnike.<h2>Odprta embala\u017ea<\/h2>&#13;<br \/>\n<p>Skoraj nobenih znakov obrabe. Tovarni\u0161ka kvaliteta. V ve\u010dini primerov gre za prese\u017eek proizvodnje in neprodane zaloge, pri katerih razlike v primerjavi z novimi napravami niso opazne.<\/p>&#13;<\/p>\n","protected":false},"excerpt":{"rendered":"<p>Intel Core i5-1335U (1,3 GHz), 16\u00a0GB DDR4-3200, SSD 512\u00a0GB PCIe NVMe, Intel Iris Xe Graphics (IGP), Wi-Fi 6 (2&#215;2), Bluetooth 5.3, Webcam, 60,5 cm (23,8\u2033) FHD (1920&#215;1080) AG LED 60 Hz, HDMI, 1x USB-C 3.2 Gen1 (5Gbps), 2x USB-A 3.2 Gen2 (5Gbps), 2x USB-A 2.0, Free DOS<\/p>\n","protected":false},"featured_media":100710,"template":"","meta":[],"product_brand":[26],"product_cat":[1287,1286,1218,1288,1961],"product_tag":[1811],"class_list":{"0":"post-100708","1":"product","2":"type-product","3":"status-publish","4":"has-post-thumbnail","6":"product_brand-hewlett-packard","7":"product_cat-hp-racunalniki","8":"product_cat-priljubljena-iskanja","9":"product_cat-racunalniki","10":"product_cat-racunalniki-i7","11":"product_cat-racunalniki-za-poslovno-uporabo","12":"product_tag-pp","13":"pa_odgovorna-oseba-v-eu-hp-tehnicna-regulativna-ekipa","15":"first","16":"instock","17":"taxable","18":"shipping-taxable","19":"purchasable","20":"product-type-simple"},"_links":{"self":[{"href":"https:\/\/pracek.si\/racunalniskatrgovina\/wp-json\/wp\/v2\/product\/100708","targetHints":{"allow":["GET"]}}],"collection":[{"href":"https:\/\/pracek.si\/racunalniskatrgovina\/wp-json\/wp\/v2\/product"}],"about":[{"href":"https:\/\/pracek.si\/racunalniskatrgovina\/wp-json\/wp\/v2\/types\/product"}],"version-history":[{"count":1,"href":"https:\/\/pracek.si\/racunalniskatrgovina\/wp-json\/wp\/v2\/product\/100708\/revisions"}],"predecessor-version":[{"id":100709,"href":"https:\/\/pracek.si\/racunalniskatrgovina\/wp-json\/wp\/v2\/product\/100708\/revisions\/100709"}],"wp:featuredmedia":[{"embeddable":true,"href":"https:\/\/pracek.si\/racunalniskatrgovina\/wp-json\/wp\/v2\/media\/100710"}],"wp:attachment":[{"href":"https:\/\/pracek.si\/racunalniskatrgovina\/wp-json\/wp\/v2\/media?parent=100708"}],"wp:term":[{"taxonomy":"product_brand","embeddable":true,"href":"https:\/\/pracek.si\/racunalniskatrgovina\/wp-json\/wp\/v2\/product_brand?post=100708"},{"taxonomy":"product_cat","embeddable":true,"href":"https:\/\/pracek.si\/racunalniskatrgovina\/wp-json\/wp\/v2\/product_cat?post=100708"},{"taxonomy":"product_tag","embeddable":true,"href":"https:\/\/pracek.si\/racunalniskatrgovina\/wp-json\/wp\/v2\/product_tag?post=100708"}],"curies":[{"name":"wp","href":"https:\/\/api.w.org\/{rel}","templated":true}]}}